{"id":27369,"date":"2014-06-24T09:01:20","date_gmt":"2014-06-24T09:01:20","guid":{"rendered":"https:\/\/www.myaquastore.com\/product\/filtro-de-cascada-sunsun-hbl-303-hang-on-220-240v-para-tanque-fresco-sal-planta\/"},"modified":"2025-03-16T06:40:05","modified_gmt":"2025-03-16T06:40:05","slug":"filtro-de-cascada-sunsun-hbl-303-hang-on-220-240v-para-tanque-fresco-sal-planta","status":"publish","type":"product","link":"https:\/\/www.myaquastore.com\/es\/producto\/filtro-de-cascada-sunsun-hbl-303-hang-on-220-240v-para-tanque-fresco-sal-planta\/","title":{"rendered":"Filtro de cascada SUNSUN HBL-303 Hang On 220-240V para tanque fresco\/sal\/planta"},"content":{"rendered":"<p><span style=\"color: #800000;font-family: 'Arial Unicode MS';font-size: large\">Filtro para acuario SUNSUN Hang On de 220-240 V para tanque de agua fresca, sal y plantas<\/span><\/p>\n<\/p>\n<ul>\n<li>\n<p align=\"left\"><span style=\"font-family: 'Arial Unicode MS'\">PARA ESTRENAR<span lang=\"zh-cn\">.<\/span><\/span><\/p>\n<\/li>\n<li>\n<p align=\"left\"><span lang=\"zh-cn\"><span style=\"font-family: 'Arial Unicode MS'\">La entrada de agua se puede ajustar seg\u00fan el nivel del agua en el acuario.<\/span><\/span><\/p>\n<\/li>\n<li>\n<p align=\"left\"><span lang=\"zh-cn\"><span style=\"font-family: 'Arial Unicode MS'\">El flujo se puede ajustar seg\u00fan sus necesidades mediante el interruptor.<\/span><\/span><\/p>\n<\/li>\n<li>\n<p align=\"left\"><span style=\"font-family: 'Arial Unicode MS'\">Excelente <span lang=\"zh-cn\">filtro<\/span> para tanque de agua dulce o salada<span lang=\"zh-cn\">, combinando el filtro bioqu\u00edmico.<\/span><\/span><\/p>\n<\/li>\n<li>\n<p align=\"left\"><span lang=\"zh-cn\"><span style=\"font-family: 'Arial Unicode MS'\">La placa de carb\u00f3n activado debe lavarse con regularidad.<\/span><\/span><\/p>\n<\/li>\n<li>\n<p align=\"left\"><span lang=\"zh-cn\"><span style=\"font-family: 'Arial Unicode MS'\">Con dise\u00f1o racional, f\u00e1cil y c\u00f3modo de lavar.<\/span><\/span><\/p>\n<\/li>\n<li>\n<p align=\"left\"><span lang=\"zh-cn\"><span style=\"font-family: 'Arial Unicode MS'\">Bajo ruido de funcionamiento.<\/span><\/span><\/p>\n<\/li>\n<li>\n<p align=\"left\"><span lang=\"zh-cn\"><span style=\"font-family: 'Arial Unicode MS'\">Viene con una bomba.<\/span><\/span><\/p>\n<\/li>\n<\/ul>\n<p align=\"left\"><span>Especificaci\u00f3n:<\/span><\/p>\n<p align=\"left\"><span>Modelo:<\/span><\/p>\n<p align=\"izquierda\">\n<p><span style=\"font-family: 'Arial Unicode MS'\"> <\/span><\/p>\n<p><span style=\"font-family: 'Arial Unicode MS';font-size: grande\">HBL-303<\/span><\/p>\n<ul>\n<li>\n<p align=\"left\"><span lang=\"en-us\"><span style=\"font-family: 'Arial Unicode MS'\">Voltaje: 220-240 V <span style=\"color: #ff0000\">(No funcionar\u00e1 en EE. UU.\/Canad\u00e1 110\/120 V)<\/span><\/span><\/span><\/p>\n<\/li>\n<li>\n<p align=\"left\"><span lang=\"en-us\"><span style=\"font-family: 'Arial Unicode MS'\">Potencia: Potencia 3W<\/span><\/span><\/p>\n<\/li>\n<li>\n<p align=\"left\"><span lang=\"en-us\"><span style=\"font-family: 'Arial Unicode MS'\">Salida de la bomba: 350 l\/h<\/span><\/span><\/p>\n<\/li>\n<li>\n<p align=\"left\"><span lang=\"en-us\"><span style=\"font-family: 'Arial Unicode MS'\">Longitud del cable: ~1,4 M<\/span><\/span><\/p>\n<\/li>\n<li>\n<p align=\"left\"><span>Tama\u00f1o HBL-303: 85X180X145 (Ancho X Largo X Alto).<\/span><\/p>\n<\/li>\n<\/ul>\n","protected":false},"excerpt":{"rendered":"<p>Peque\u00f1a potencia, alto efecto, f\u00e1cil limpieza.<\/p>\n","protected":false},"featured_media":204,"comment_status":"open","ping_status":"closed","template":"","meta":[],"product_brand":[],"product_cat":[999],"product_tag":[],"class_list":{"0":"post-27369","1":"product","2":"type-product","3":"status-publish","4":"has-post-thumbnail","6":"product_cat-filtros-de-acuario","8":"first","9":"instock","10":"shipping-taxable","11":"purchasable","12":"product-type-simple"},"_links":{"self":[{"href":"https:\/\/www.myaquastore.com\/es\/wp-json\/wp\/v2\/product\/27369","targetHints":{"allow":["GET"]}}],"collection":[{"href":"https:\/\/www.myaquastore.com\/es\/wp-json\/wp\/v2\/product"}],"about":[{"href":"https:\/\/www.myaquastore.com\/es\/wp-json\/wp\/v2\/types\/product"}],"replies":[{"embeddable":true,"href":"https:\/\/www.myaquastore.com\/es\/wp-json\/wp\/v2\/comments?post=27369"}],"wp:featuredmedia":[{"embeddable":true,"href":"https:\/\/www.myaquastore.com\/es\/wp-json\/wp\/v2\/media\/204"}],"wp:attachment":[{"href":"https:\/\/www.myaquastore.com\/es\/wp-json\/wp\/v2\/media?parent=27369"}],"wp:term":[{"taxonomy":"product_brand","embeddable":true,"href":"https:\/\/www.myaquastore.com\/es\/wp-json\/wp\/v2\/product_brand?post=27369"},{"taxonomy":"product_cat","embeddable":true,"href":"https:\/\/www.myaquastore.com\/es\/wp-json\/wp\/v2\/product_cat?post=27369"},{"taxonomy":"product_tag","embeddable":true,"href":"https:\/\/www.myaquastore.com\/es\/wp-json\/wp\/v2\/product_tag?post=27369"}],"curies":[{"name":"wp","href":"https:\/\/api.w.org\/{rel}","templated":true}]}}