{"id":27383,"date":"2014-06-26T10:45:08","date_gmt":"2014-06-26T10:45:08","guid":{"rendered":"https:\/\/www.myaquastore.com\/product\/adorno-para-acuario-con-vista-a-la-montana-casa-en-el-arbol-puente-cueva-decoracion-para-pecera-3\/"},"modified":"2025-03-16T06:40:07","modified_gmt":"2025-03-16T06:40:07","slug":"adorno-para-acuario-con-vista-a-la-montana-casa-en-el-arbol-puente-cueva-decoracion-para-pecera-3","status":"publish","type":"product","link":"https:\/\/www.myaquastore.com\/es\/producto\/adorno-para-acuario-con-vista-a-la-montana-casa-en-el-arbol-puente-cueva-decoracion-para-pecera-3\/","title":{"rendered":"Adorno para acuario con vista a la monta\u00f1a, casa en el \u00e1rbol, puente cueva, decoraci\u00f3n para pecera $3"},"content":{"rendered":"<p><span style=\"color: #99cc00;font-family: 'Century Gothic'\"><strong>Descripci\u00f3n<\/strong><\/span><\/p>\n<p><span style=\"color: #ff0066;font-family: 'Century Gothic'\"><span>&#8211; El adorno est\u00e1 hecho de<em><strong> resina no t\u00f3xica <\/strong><\/em><\/span><\/span><span><span style=\"color: #000006;font-family: Verdana, Arial, Helvetica, sans-serif\"><span>y es un adorno emocionante en cualquier acuario.<br \/><\/span><\/span><span style=\"color: #008000;font-family: 'Century Gothic'\">&#8211; Ofrece una sensaci\u00f3n de entorno natural.<\/span><span style=\"color: #ff0066;font-family: 'Century Gothic'\"><br \/>&#8211; Convierte tu acuario en un hermoso paisaje.<br \/><\/span><span style=\"color: #008000;font-family: 'Century Gothic'\">&#8211; Tiene detalles v\u00edvidos y de colores para agregar vida viva y natural a su tanque.<\/span><span style=\"color: #ff0066;font-family: 'Century Gothic'\"><br \/>&#8211; Es excelente para decorar su acuario todo el tiempo con una m\u00ednima responsabilidad y mantenimiento.<br \/><\/span>&lt;span style=&quot;color: #008000; <\/span><\/span><span style=\"color: #000000;font-family: Verdana, Arial, Helvetica, sans-serif\"><span><span style=\"color: #008000;font-family: 'Century Gothic'\"><span>Son absolutamente seguros para los peces y, lo mejor de todo, no mueren, no se pudren ni causan problemas de algas.<br \/>-tama\u00f1o:H X L X W 17cmX22cmX8cm<\/span><\/span><\/span><\/span><\/p>\n<p><span style=\"color: #000000;font-family: Verdana, Arial, Helvetica, sans-serif\"><span><span style=\"color: #008000;font-family: 'Century Gothic'\"><span> <\/span><\/span><\/span><\/span><\/p>\n<p><span style=\"color: #000000;font-family: Verdana, Arial, Helvetica, sans-serif\"><span><span style=\"color: #008000;font-family: 'Century Gothic'\"><span>antes de colocarlo en el acuario, p\u00f3ngalo en el agua durante 24 horas<\/span><\/span><\/span><\/span><\/p>\n","protected":false},"excerpt":{"rendered":"<p>Vista a la monta\u00f1a<\/p>\n","protected":false},"featured_media":313,"comment_status":"open","ping_status":"closed","template":"","meta":[],"product_brand":[],"product_cat":[1179],"product_tag":[],"class_list":{"0":"post-27383","1":"product","2":"type-product","3":"status-publish","4":"has-post-thumbnail","6":"product_cat-rocas-artificiales-y-madera","8":"first","9":"instock","10":"shipping-taxable","11":"purchasable","12":"product-type-simple"},"_links":{"self":[{"href":"https:\/\/www.myaquastore.com\/es\/wp-json\/wp\/v2\/product\/27383","targetHints":{"allow":["GET"]}}],"collection":[{"href":"https:\/\/www.myaquastore.com\/es\/wp-json\/wp\/v2\/product"}],"about":[{"href":"https:\/\/www.myaquastore.com\/es\/wp-json\/wp\/v2\/types\/product"}],"replies":[{"embeddable":true,"href":"https:\/\/www.myaquastore.com\/es\/wp-json\/wp\/v2\/comments?post=27383"}],"wp:featuredmedia":[{"embeddable":true,"href":"https:\/\/www.myaquastore.com\/es\/wp-json\/wp\/v2\/media\/313"}],"wp:attachment":[{"href":"https:\/\/www.myaquastore.com\/es\/wp-json\/wp\/v2\/media?parent=27383"}],"wp:term":[{"taxonomy":"product_brand","embeddable":true,"href":"https:\/\/www.myaquastore.com\/es\/wp-json\/wp\/v2\/product_brand?post=27383"},{"taxonomy":"product_cat","embeddable":true,"href":"https:\/\/www.myaquastore.com\/es\/wp-json\/wp\/v2\/product_cat?post=27383"},{"taxonomy":"product_tag","embeddable":true,"href":"https:\/\/www.myaquastore.com\/es\/wp-json\/wp\/v2\/product_tag?post=27383"}],"curies":[{"name":"wp","href":"https:\/\/api.w.org\/{rel}","templated":true}]}}