{"id":27395,"date":"2014-06-28T07:17:08","date_gmt":"2014-06-28T07:17:08","guid":{"rendered":"https:\/\/www.myaquastore.com\/product\/bomba-generadora-de-olas-sunsun-jvp-101a-jvp-101b\/"},"modified":"2025-03-16T06:40:09","modified_gmt":"2025-03-16T06:40:09","slug":"bomba-generadora-de-olas-sunsun-jvp-101a-jvp-101b","status":"publish","type":"product","link":"https:\/\/www.myaquastore.com\/es\/producto\/bomba-generadora-de-olas-sunsun-jvp-101a-jvp-101b\/","title":{"rendered":"Bomba generadora de olas Sunsun JVP-101A JVP-101B"},"content":{"rendered":"<p><span style=\"font-size: large;color: #0000ff\"><strong>SUNSUN es una nueva e innovadora gama de bombas de circulaci\u00f3n para acuarios. El dise\u00f1o y la tecnolog\u00eda exclusivos de Hydor garantizan un flujo de agua continuo y potente. Alto rendimiento, bajo consumo energ\u00e9tico, mantenimiento r\u00e1pido y sencillo. <\/strong><\/span><\/p>\n<p><span style=\"font-size: large;color: #0000ff\"><strong>material de caucho de alta calidad, tres bandejas de absorci\u00f3n reforzadas, adecuadas para fijar superficies resbaladizas. <\/strong><\/span><\/p>\n<p><span style=\"font-size: large;color: #0000ff\"><strong>Circungiraci\u00f3n de 360 \u200b\u200bgrados <\/strong><\/span><br \/><span style=\"font-size: large;color: #0000ff\"><strong>Impulsor de flujo grande <\/strong><\/span><\/p>\n<p><span style=\"font-size: large;color: #0000ff\"><strong>Voltaje: 110 V\/220 V\/240 V <\/strong><\/span><br \/><span style=\"font-size: grande;color: #0000ff\"><strong>Frecuencia: 50 Hz\/60 Hz <\/strong><\/span><br \/><span style=\"font-size: grande color: #0000ff\"><strong>Potencia: 5 W <\/strong><\/span><br \/><span style=\"font-size: grande;color: #0000ff\"><strong>H-Max:0.6m <\/strong><\/span><br \/><span style=\"font-size: grande;color: #0000ff\"><strong>Salida: 3200L\/H <\/strong><\/span><br \/><span style=\"font-size: grande;color: #0000ff\"><strong>Peso:0,5 kg<\/strong><\/span><\/p>\n<p><span style=\"font-size: large;color: #0000ff\"><strong>Tama\u00f1o: 10cm*8cm<\/strong><\/span><\/p>\n<p><span style=\"font-size: large;color: #0000ff\"><strong>montaje con ventosa o soporte magn\u00e9tico<\/strong><\/span><\/p>\n","protected":false},"excerpt":{"rendered":"<p>peque\u00f1a bomba waver maker<br \/>\n para uso en nano tanques<\/p>\n","protected":false},"featured_media":375,"comment_status":"open","ping_status":"closed","template":"","meta":[],"product_brand":[],"product_cat":[1167],"product_tag":[],"class_list":{"0":"post-27395","1":"product","2":"type-product","3":"status-publish","4":"has-post-thumbnail","6":"product_cat-hacedores-de-olas","8":"first","9":"instock","10":"shipping-taxable","11":"purchasable","12":"product-type-simple"},"_links":{"self":[{"href":"https:\/\/www.myaquastore.com\/es\/wp-json\/wp\/v2\/product\/27395","targetHints":{"allow":["GET"]}}],"collection":[{"href":"https:\/\/www.myaquastore.com\/es\/wp-json\/wp\/v2\/product"}],"about":[{"href":"https:\/\/www.myaquastore.com\/es\/wp-json\/wp\/v2\/types\/product"}],"replies":[{"embeddable":true,"href":"https:\/\/www.myaquastore.com\/es\/wp-json\/wp\/v2\/comments?post=27395"}],"wp:featuredmedia":[{"embeddable":true,"href":"https:\/\/www.myaquastore.com\/es\/wp-json\/wp\/v2\/media\/375"}],"wp:attachment":[{"href":"https:\/\/www.myaquastore.com\/es\/wp-json\/wp\/v2\/media?parent=27395"}],"wp:term":[{"taxonomy":"product_brand","embeddable":true,"href":"https:\/\/www.myaquastore.com\/es\/wp-json\/wp\/v2\/product_brand?post=27395"},{"taxonomy":"product_cat","embeddable":true,"href":"https:\/\/www.myaquastore.com\/es\/wp-json\/wp\/v2\/product_cat?post=27395"},{"taxonomy":"product_tag","embeddable":true,"href":"https:\/\/www.myaquastore.com\/es\/wp-json\/wp\/v2\/product_tag?post=27395"}],"curies":[{"name":"wp","href":"https:\/\/api.w.org\/{rel}","templated":true}]}}