{"id":27404,"date":"2014-06-28T10:00:50","date_gmt":"2014-06-28T10:00:50","guid":{"rendered":"https:\/\/www.myaquastore.com\/product\/bomba-de-aire-resun-air-1000-cc\/"},"modified":"2025-03-16T06:40:10","modified_gmt":"2025-03-16T06:40:10","slug":"bomba-de-aire-resun-air-1000-cc","status":"publish","type":"product","link":"https:\/\/www.myaquastore.com\/es\/producto\/bomba-de-aire-resun-air-1000-cc\/","title":{"rendered":"Bomba de aire Resun air-1000 CC"},"content":{"rendered":"<p><span style=\"color: #3366ff;font-size: large\"><strong>voltios: 220V\/240 50hz <br \/>potencia: 2w <br \/>caudal de aire: 60 l\/h <br \/>presi\u00f3n de aire: \u22650,01 Mpa <br \/>salida: 1 v\u00eda <br \/>tama\u00f1o del tanque: &lt;45 litros <br \/>tama\u00f1o: 98\u00d756\u00d746 mm<\/strong><\/span><\/p>\n","protected":false},"excerpt":{"rendered":"<p>peque\u00f1o, ahorro de energ\u00eda<\/p>\n","protected":false},"featured_media":450,"comment_status":"open","ping_status":"closed","template":"","meta":[],"product_brand":[],"product_cat":[990],"product_tag":[],"class_list":{"0":"post-27404","1":"product","2":"type-product","3":"status-publish","4":"has-post-thumbnail","6":"product_cat-bombas-de-aire-para-acuarios","8":"first","9":"instock","10":"shipping-taxable","11":"purchasable","12":"product-type-simple"},"_links":{"self":[{"href":"https:\/\/www.myaquastore.com\/es\/wp-json\/wp\/v2\/product\/27404","targetHints":{"allow":["GET"]}}],"collection":[{"href":"https:\/\/www.myaquastore.com\/es\/wp-json\/wp\/v2\/product"}],"about":[{"href":"https:\/\/www.myaquastore.com\/es\/wp-json\/wp\/v2\/types\/product"}],"replies":[{"embeddable":true,"href":"https:\/\/www.myaquastore.com\/es\/wp-json\/wp\/v2\/comments?post=27404"}],"wp:featuredmedia":[{"embeddable":true,"href":"https:\/\/www.myaquastore.com\/es\/wp-json\/wp\/v2\/media\/450"}],"wp:attachment":[{"href":"https:\/\/www.myaquastore.com\/es\/wp-json\/wp\/v2\/media?parent=27404"}],"wp:term":[{"taxonomy":"product_brand","embeddable":true,"href":"https:\/\/www.myaquastore.com\/es\/wp-json\/wp\/v2\/product_brand?post=27404"},{"taxonomy":"product_cat","embeddable":true,"href":"https:\/\/www.myaquastore.com\/es\/wp-json\/wp\/v2\/product_cat?post=27404"},{"taxonomy":"product_tag","embeddable":true,"href":"https:\/\/www.myaquastore.com\/es\/wp-json\/wp\/v2\/product_tag?post=27404"}],"curies":[{"name":"wp","href":"https:\/\/api.w.org\/{rel}","templated":true}]}}