{"id":27454,"date":"2014-07-09T22:20:23","date_gmt":"2014-07-09T22:20:23","guid":{"rendered":"https:\/\/www.myaquastore.com\/product\/jebao-wp-25-wp25-controlador-powerhead-para-generador-de-ondas-de-acuario-para-tanque-de-arrecife-de-coral-los-12-modos-mas-nuevos\/"},"modified":"2025-03-16T06:40:27","modified_gmt":"2025-03-16T06:40:27","slug":"jebao-wp-25-wp25-controlador-powerhead-para-generador-de-ondas-de-acuario-para-tanque-de-arrecife-de-coral-los-12-modos-mas-nuevos","status":"publish","type":"product","link":"https:\/\/www.myaquastore.com\/es\/producto\/jebao-wp-25-wp25-controlador-powerhead-para-generador-de-ondas-de-acuario-para-tanque-de-arrecife-de-coral-los-12-modos-mas-nuevos\/","title":{"rendered":"Jebao WP-25 WP25, controlador powerhead para generador de ondas de acuario para tanque de arrecife de coral, los 12 modos m\u00e1s nuevos"},"content":{"rendered":"<div><span style=\"font-size: large\"><strong><span style=\"color: #0000ff\">Caracter\u00edsticas<\/span><\/strong><\/span><\/div>\n<ul>\n<li><span style=\"font-size: large\"><strong><span style=\"color: #0000ff\">F\u00e1cil instalaci\u00f3n y mantenimiento.<\/span><\/strong><\/span><\/li>\n<li><span style=\"font-size: large\"><strong><span style=\"color: #0000ff\">Rotaci\u00f3n de 360 \u200b\u200bgrados en un soporte magn\u00e9tico<\/span><\/strong><\/span><\/li>\n<li><span style=\"font-size: large\"><strong><span style=\"color: #0000ff\"> 12 modos de funcionamiento diferentes, incluidos modos de pulso variable para la generaci\u00f3n de olas y un modo Reef Stream que genera un patr\u00f3n de flujo aleatorio similar al que se encuentra en un arrecife natural<\/span><\/strong><\/span><\/li>\n<li><span style=\"font-size: large\"><strong><span style=\"color: #0000ff\"> Sensor nocturno: detecta autom\u00e1ticamente cuando las luces del tanque se apagan y ralentiza la bomba.<\/span><\/strong><\/span><\/li>\n<li><span style=\"font-size: large\"><strong><span style=\"color: #0000ff\"> Modo de alimentaci\u00f3n con un solo toque: ralentiza la bomba durante un per\u00edodo de 10 minutos.<\/span><\/strong><\/span><\/li>\n<li><span style=\"font-size: large\"><strong><span style=\"color: #0000ff\"> Alto rendimiento, potente, flujo de agua combinado con bajo consumo de energ\u00eda.<\/span><\/strong><\/span><\/li>\n<li><span style=\"font-size: large\"><strong><span style=\"color: #0000ff\"> Eje de cer\u00e1mica para una larga vida \u00fatil y durabilidad<\/span><\/strong><\/span><\/li>\n<li><span style=\"font-size: large\"><strong><span style=\"color: #0000ff\"> Sistema de control inteligente para generar varios patrones de ondas que se adaptan a su tanque.<\/span><\/strong><\/span><\/li>\n<li><span style=\"font-size: large\"><strong><span style=\"color: #0000ff\"> Cable extralargo para una f\u00e1cil y c\u00f3moda colocaci\u00f3n, incluso en tanques m\u00e1s grandes.<\/span><\/strong><\/span><\/li>\n<li><span style=\"font-size: large\"><strong><span style=\"color: #0000ff\"> Fuente de alimentaci\u00f3n segura, confiable y de bajo voltaje. ? Apto para agua dulce y salada.<\/span><\/strong><\/span><\/li>\n<\/ul>\n<div><span style=\"font-size: large\"><strong><span style=\"color: #0000ff\">Especificaciones<\/span><\/strong><\/span><\/div>\n<ul>\n<li><span style=\"font-size: large\"><strong><span style=\"color: #0000ff\"> Alimentaci\u00f3n: 110 V a 240 V 50\/60 Hz<\/span><\/strong><\/span><\/li>\n<li><span style=\"font-size: large\"><strong><span style=\"color: #0000ff\"> Potencia: de 8 W a 20 W seg\u00fan el modo<\/span><\/strong><\/span><\/li>\n<li><span style=\"font-size: large\"><strong><span style=\"color: #0000ff\"> Tama\u00f1o: 8 cm x 6 cm <\/span><\/strong><\/span><\/li>\n<li><span style=\"font-size: large\"><strong><span style=\"color: #0000ff\"> Base magn\u00e9tica<\/span><\/strong><\/span><\/li>\n<\/ul>\n","protected":false},"excerpt":{"rendered":"<p>f\u00e1cil uso, funcionando bien, 12 velocidades ajustables<\/p>\n","protected":false},"featured_media":839,"comment_status":"open","ping_status":"closed","template":"","meta":[],"product_brand":[],"product_cat":[1167],"product_tag":[],"class_list":{"0":"post-27454","1":"product","2":"type-product","3":"status-publish","4":"has-post-thumbnail","6":"product_cat-hacedores-de-olas","8":"first","9":"instock","10":"shipping-taxable","11":"purchasable","12":"product-type-simple"},"_links":{"self":[{"href":"https:\/\/www.myaquastore.com\/es\/wp-json\/wp\/v2\/product\/27454","targetHints":{"allow":["GET"]}}],"collection":[{"href":"https:\/\/www.myaquastore.com\/es\/wp-json\/wp\/v2\/product"}],"about":[{"href":"https:\/\/www.myaquastore.com\/es\/wp-json\/wp\/v2\/types\/product"}],"replies":[{"embeddable":true,"href":"https:\/\/www.myaquastore.com\/es\/wp-json\/wp\/v2\/comments?post=27454"}],"wp:featuredmedia":[{"embeddable":true,"href":"https:\/\/www.myaquastore.com\/es\/wp-json\/wp\/v2\/media\/839"}],"wp:attachment":[{"href":"https:\/\/www.myaquastore.com\/es\/wp-json\/wp\/v2\/media?parent=27454"}],"wp:term":[{"taxonomy":"product_brand","embeddable":true,"href":"https:\/\/www.myaquastore.com\/es\/wp-json\/wp\/v2\/product_brand?post=27454"},{"taxonomy":"product_cat","embeddable":true,"href":"https:\/\/www.myaquastore.com\/es\/wp-json\/wp\/v2\/product_cat?post=27454"},{"taxonomy":"product_tag","embeddable":true,"href":"https:\/\/www.myaquastore.com\/es\/wp-json\/wp\/v2\/product_tag?post=27454"}],"curies":[{"name":"wp","href":"https:\/\/api.w.org\/{rel}","templated":true}]}}