{"id":27455,"date":"2014-07-09T22:29:31","date_gmt":"2014-07-09T22:29:31","guid":{"rendered":"https:\/\/www.myaquastore.com\/product\/jebao-wp-40-wp40-generador-de-ondas-de-acuario-controlador-powerhead-para-tanque-de-arrecife-de-coral-los-12-modos-mas-nuevos\/"},"modified":"2025-03-16T06:40:28","modified_gmt":"2025-03-16T06:40:28","slug":"jebao-wp-40-wp40-generador-de-ondas-de-acuario-controlador-powerhead-para-tanque-de-arrecife-de-coral-los-12-modos-mas-nuevos","status":"publish","type":"product","link":"https:\/\/www.myaquastore.com\/es\/producto\/jebao-wp-40-wp40-generador-de-ondas-de-acuario-controlador-powerhead-para-tanque-de-arrecife-de-coral-los-12-modos-mas-nuevos\/","title":{"rendered":"Jebao WP-40 WP40 generador de ondas de acuario controlador powerhead para tanque de arrecife de coral, los 12 modos m\u00e1s nuevos"},"content":{"rendered":"<p><span style=\"font-size: large;color: #0000ff\"><strong>Caracter\u00edsticas<\/strong><\/span><\/p>\n<ul>\n<li><span style=\"font-size: large;color: #0000ff\"><strong>F\u00e1cil instalaci\u00f3n y mantenimiento.<\/strong><\/span><\/li>\n<li><span style=\"font-size: large;color: #0000ff\"><strong>Rotaci\u00f3n de 360 \u200b\u200bgrados en un soporte magn\u00e9tico<\/strong><\/span><\/li>\n<li><span style=\"font-size: large;color: #0000ff\"><strong>12 modos de funcionamiento diferentes, incluidos modos de pulso variable para la generaci\u00f3n de olas y un modo Reef Stream que genera un patr\u00f3n de flujo aleatorio similar al que se encuentra en un arrecife natural<\/strong><\/span><\/li>\n<li><span style=\"font-size: large;color: #0000ff\"><strong>Sensor nocturno: detecta autom\u00e1ticamente cuando las luces del tanque se apagan y ralentiza la bomba.<\/strong><\/span><\/li>\n<li><span style=\"font-size: large;color: #0000ff\"><strong>Modo de alimentaci\u00f3n con un solo toque: ralentiza la bomba durante un per\u00edodo de 10 minutos.<\/strong><\/span><\/li>\n<li><span style=\"font-size: large;color: #0000ff\"><strong>Alto rendimiento, potente, flujo de agua combinado con bajo consumo de energ\u00eda.<\/strong><\/span><\/li>\n<li><span style=\"font-size: large;color: #0000ff\"><strong>Eje de cer\u00e1mica para una larga vida \u00fatil y durabilidad<\/strong><\/span><\/li>\n<li><span style=\"font-size: large;color: #0000ff\"><strong>Sistema de control inteligente para generar varios patrones de ondas que se adaptan a su tanque.<\/strong><\/span><\/li>\n<li><span style=\"font-size: large;color: #0000ff\"><strong>Cable extralargo para una f\u00e1cil y c\u00f3moda colocaci\u00f3n, incluso en tanques m\u00e1s grandes.<\/strong><\/span><\/li>\n<li><span style=\"font-size: large;color: #0000ff\"><strong>Fuente de alimentaci\u00f3n de bajo voltaje, segura y confiable. \u2022 Apto para agua dulce y salada.<\/strong><\/span><\/li>\n<\/ul>\n<p><span style=\"font-size: large;color: #0000ff\"><strong>Especificaciones<\/strong><\/span><\/p>\n<ul>\n<li><span style=\"font-size: large;color: #0000ff\"><strong>Alimentaci\u00f3n: 110 V a 240 V 50\/60 Hz<\/strong><\/span><\/li>\n<li><span style=\"font-size: large;color: #0000ff\"><strong>Potencia: de 12 W a 40 W seg\u00fan el modo<\/strong><\/span><\/li>\n<li><span style=\"font-size: large;color: #0000ff\"><strong>Tama\u00f1o: 12 cm x 9,4 cm <\/strong><\/span><\/li>\n<li><span style=\"font-size: large;color: #0000ff\"><strong>Cable de alimentaci\u00f3n: 160 cm de largo (extensible) desde la fuente de alimentaci\u00f3n hasta la caja de control <\/strong><\/span><\/li>\n<li><span style=\"font-size: large;color: #0000ff\"><strong>Cable de control de la bomba: 160 cm de largo, desde la caja de control hasta la bomba (longitud del cable combinado de 320 cm)<\/strong><\/span><\/li>\n<\/ul>\n","protected":false},"excerpt":{"rendered":"<p>12 velocidades ajustables, f\u00e1cil uso<\/p>\n","protected":false},"featured_media":851,"comment_status":"open","ping_status":"closed","template":"","meta":[],"product_brand":[],"product_cat":[1167],"product_tag":[],"class_list":{"0":"post-27455","1":"product","2":"type-product","3":"status-publish","4":"has-post-thumbnail","6":"product_cat-hacedores-de-olas","8":"first","9":"instock","10":"shipping-taxable","11":"purchasable","12":"product-type-simple"},"_links":{"self":[{"href":"https:\/\/www.myaquastore.com\/es\/wp-json\/wp\/v2\/product\/27455","targetHints":{"allow":["GET"]}}],"collection":[{"href":"https:\/\/www.myaquastore.com\/es\/wp-json\/wp\/v2\/product"}],"about":[{"href":"https:\/\/www.myaquastore.com\/es\/wp-json\/wp\/v2\/types\/product"}],"replies":[{"embeddable":true,"href":"https:\/\/www.myaquastore.com\/es\/wp-json\/wp\/v2\/comments?post=27455"}],"wp:featuredmedia":[{"embeddable":true,"href":"https:\/\/www.myaquastore.com\/es\/wp-json\/wp\/v2\/media\/851"}],"wp:attachment":[{"href":"https:\/\/www.myaquastore.com\/es\/wp-json\/wp\/v2\/media?parent=27455"}],"wp:term":[{"taxonomy":"product_brand","embeddable":true,"href":"https:\/\/www.myaquastore.com\/es\/wp-json\/wp\/v2\/product_brand?post=27455"},{"taxonomy":"product_cat","embeddable":true,"href":"https:\/\/www.myaquastore.com\/es\/wp-json\/wp\/v2\/product_cat?post=27455"},{"taxonomy":"product_tag","embeddable":true,"href":"https:\/\/www.myaquastore.com\/es\/wp-json\/wp\/v2\/product_tag?post=27455"}],"curies":[{"name":"wp","href":"https:\/\/api.w.org\/{rel}","templated":true}]}}