{"id":27475,"date":"2014-07-12T05:23:08","date_gmt":"2014-07-12T05:23:08","guid":{"rendered":"https:\/\/www.myaquastore.com\/product\/weipro-et200-ozonizador-200mg\/"},"modified":"2025-03-16T06:40:34","modified_gmt":"2025-03-16T06:40:34","slug":"weipro-et200-ozonizador-200mg","status":"publish","type":"product","link":"https:\/\/www.myaquastore.com\/es\/producto\/weipro-et200-ozonizador-200mg\/","title":{"rendered":"Weipro ET200 Ozonizador 200mg"},"content":{"rendered":"<p><span style=\"font-size: large;color: #0000ff\"><strong>Caracter\u00edstica<\/strong><\/span><\/p>\n<p><span style=\"font-size: grande;color: #0000ff\"><strong>1. Haga ozono a partir del aire normal para el estanque y el tanque Ozonizador<\/strong><\/span><br \/><span style=\"font-size: large;color: #0000ff\"><strong>2. Proporciona agua clara y saludable para sus peces, reduciendo la carga microbiana del agua.<\/strong><\/span><br \/><span style=\"font-size: large;color: #0000ff\"><strong>3. Reduce altamente el nitrato, el amon\u00edaco y los contaminantes en el agua<\/strong><\/span><br \/><span style=\"font-size: large;color: #0000ff\"><strong>4. Mejora del contenido de ox\u00edgeno del potencial de oxidaci\u00f3n-reducci\u00f3n en<\/strong><\/span><br \/><span style=\"font-size: large;color: #0000ff\"><strong>el agua.<\/strong><\/span><br \/><span style=\"font-size: large;color: #0000ff\"><strong>5. Control el\u00e9ctrico de la producci\u00f3n de ozono<\/strong><\/span><br \/><span style=\"font-size: large;color: #0000ff\"><strong>6. Con\u00e9ctese con el skimmer y la bomba de aire usando<\/strong><\/span><br \/><span style=\"font-size: large;color: #0000ff\"><strong>7. Apto para tanque de 20-500 litros<\/strong><\/span><br \/><span style=\"font-size: large;color: #0000ff\"><strong>8. Apto para agua dulce y agua salada<\/strong><\/span><\/p>\n<p><span style=\"font-size: large;color: #0000ff\"><strong>Especificaci\u00f3n<\/strong><\/span><\/p>\n<p><span style=\"font-size: grande;color: #0000ff\"><strong>ET-200 200 mg\/h<\/strong><\/span><\/p>\n<p><span style=\"font-size: grande;color: #0000ff\"><strong>potencia: 6w<\/strong><\/span><\/p>\n<p><span style=\"font-size: grande;color: #0000ff\"><strong>voltios: 220v 50hz<\/strong><\/span><\/p>\n<p><span style=\"font-size: large;color: #0000ff\"><strong>traje para tanque de 500-4000 litros<\/strong><\/span><\/p>\n","protected":false},"excerpt":{"rendered":"<p>Weipro ET200 Ozonizador 200mg<br \/>\n F\u00e1cil instalaci\u00f3n, necesita trabajo con bomba de aire.<\/p>\n","protected":false},"featured_media":987,"comment_status":"open","ping_status":"closed","template":"","meta":[],"product_brand":[],"product_cat":[1171],"product_tag":[],"class_list":{"0":"post-27475","1":"product","2":"type-product","3":"status-publish","4":"has-post-thumbnail","6":"product_cat-ozonizador-es","8":"first","9":"instock","10":"shipping-taxable","11":"purchasable","12":"product-type-simple"},"_links":{"self":[{"href":"https:\/\/www.myaquastore.com\/es\/wp-json\/wp\/v2\/product\/27475","targetHints":{"allow":["GET"]}}],"collection":[{"href":"https:\/\/www.myaquastore.com\/es\/wp-json\/wp\/v2\/product"}],"about":[{"href":"https:\/\/www.myaquastore.com\/es\/wp-json\/wp\/v2\/types\/product"}],"replies":[{"embeddable":true,"href":"https:\/\/www.myaquastore.com\/es\/wp-json\/wp\/v2\/comments?post=27475"}],"wp:featuredmedia":[{"embeddable":true,"href":"https:\/\/www.myaquastore.com\/es\/wp-json\/wp\/v2\/media\/987"}],"wp:attachment":[{"href":"https:\/\/www.myaquastore.com\/es\/wp-json\/wp\/v2\/media?parent=27475"}],"wp:term":[{"taxonomy":"product_brand","embeddable":true,"href":"https:\/\/www.myaquastore.com\/es\/wp-json\/wp\/v2\/product_brand?post=27475"},{"taxonomy":"product_cat","embeddable":true,"href":"https:\/\/www.myaquastore.com\/es\/wp-json\/wp\/v2\/product_cat?post=27475"},{"taxonomy":"product_tag","embeddable":true,"href":"https:\/\/www.myaquastore.com\/es\/wp-json\/wp\/v2\/product_tag?post=27475"}],"curies":[{"name":"wp","href":"https:\/\/api.w.org\/{rel}","templated":true}]}}