{"id":27476,"date":"2014-07-12T05:29:31","date_gmt":"2014-07-12T05:29:31","guid":{"rendered":"https:\/\/www.myaquastore.com\/product\/hailea-hlo-810-ozonizador-200mg\/"},"modified":"2025-03-16T06:40:35","modified_gmt":"2025-03-16T06:40:35","slug":"hailea-hlo-810-ozonizador-200mg","status":"publish","type":"product","link":"https:\/\/www.myaquastore.com\/es\/producto\/hailea-hlo-810-ozonizador-200mg\/","title":{"rendered":"hailea HLO-810 ozonizador 200mg"},"content":{"rendered":"<p><span style=\"font-size: grande;color: #0000ff\"><strong>voltios: 220v\/240v 50\/60hz<\/strong><\/span><\/p>\n<p><span style=\"font-size: large;color: #0000ff\"><strong>potencia: 10w<\/p>\n<p><a class=\"clickable js-inline-clickable\"><span style=\"color: #0000ff\">aire<\/span><\/a> <a class=\"clickable js-inline-clickable\"><span style=\"color: #0000ff\">presi\u00f3n<\/span><\/a>: &gt;0,01 mpa<\/p>\n<p>flujo de aire: 3,5 L\/M<\/p>\n<p>proceso ozonizador: 200 mg\/hora<\/p>\n<p>tama\u00f1o: 230\u00d780\u00d7197 mm<\/strong><\/span><\/p>\n","protected":false},"excerpt":{"rendered":"<p>Hailea HLO-810 Ozonizador 200 mg, bomba de aire incorporada<\/p>\n","protected":false},"featured_media":994,"comment_status":"open","ping_status":"closed","template":"","meta":[],"product_brand":[],"product_cat":[1171],"product_tag":[],"class_list":{"0":"post-27476","1":"product","2":"type-product","3":"status-publish","4":"has-post-thumbnail","6":"product_cat-ozonizador-es","8":"first","9":"instock","10":"shipping-taxable","11":"purchasable","12":"product-type-simple"},"_links":{"self":[{"href":"https:\/\/www.myaquastore.com\/es\/wp-json\/wp\/v2\/product\/27476","targetHints":{"allow":["GET"]}}],"collection":[{"href":"https:\/\/www.myaquastore.com\/es\/wp-json\/wp\/v2\/product"}],"about":[{"href":"https:\/\/www.myaquastore.com\/es\/wp-json\/wp\/v2\/types\/product"}],"replies":[{"embeddable":true,"href":"https:\/\/www.myaquastore.com\/es\/wp-json\/wp\/v2\/comments?post=27476"}],"wp:featuredmedia":[{"embeddable":true,"href":"https:\/\/www.myaquastore.com\/es\/wp-json\/wp\/v2\/media\/994"}],"wp:attachment":[{"href":"https:\/\/www.myaquastore.com\/es\/wp-json\/wp\/v2\/media?parent=27476"}],"wp:term":[{"taxonomy":"product_brand","embeddable":true,"href":"https:\/\/www.myaquastore.com\/es\/wp-json\/wp\/v2\/product_brand?post=27476"},{"taxonomy":"product_cat","embeddable":true,"href":"https:\/\/www.myaquastore.com\/es\/wp-json\/wp\/v2\/product_cat?post=27476"},{"taxonomy":"product_tag","embeddable":true,"href":"https:\/\/www.myaquastore.com\/es\/wp-json\/wp\/v2\/product_tag?post=27476"}],"curies":[{"name":"wp","href":"https:\/\/api.w.org\/{rel}","templated":true}]}}