{"id":27481,"date":"2014-08-11T21:30:35","date_gmt":"2014-08-11T21:30:35","guid":{"rendered":"https:\/\/www.myaquastore.com\/product\/idea-led-de-color-azul-de-3w-460nm-para-tanque-marino\/"},"modified":"2025-03-16T06:40:37","modified_gmt":"2025-03-16T06:40:37","slug":"idea-led-de-color-azul-de-3w-460nm-para-tanque-marino","status":"publish","type":"product","link":"https:\/\/www.myaquastore.com\/es\/producto\/idea-led-de-color-azul-de-3w-460nm-para-tanque-marino\/","title":{"rendered":"Idea LED de color azul de 3w 460nm para tanque marino"},"content":{"rendered":"<p><span style=\"font-size: grande;color: #0000ff\"><strong>potencia:3w<\/strong><\/span><\/p>\n<p><span style=\"font-size: large;color: #0000ff\"><strong>voltios: 3,2-3,4 voltios<\/strong><\/span><\/p>\n<p><span style=\"font-size: grande;color: #0000ff\"><strong>LM: 80-90<\/strong><\/span><\/p>\n<p><span style=\"font-size: grande;color: #0000ff\"><strong>moneda: 600-700 mA<\/strong><\/span><\/p>\n<p><span style=\"font-size: large;color: #0000ff\"><strong>longitud de onda: 460 nm<\/strong><\/span><\/p>\n<p><span style=\"font-size: large;color: #0000ff\"><strong>TEMPERATURA de trabajo: -20&#8211;70 grados<\/strong><\/span><\/p>\n<p><span style=\"font-size: large;color: #0000ff\"><strong>\u00c1ngulo de visi\u00f3n: 120 grados apto para iluminaci\u00f3n de cultivo de plantas frescas en tanques<\/strong><\/span><\/p>\n","protected":false},"excerpt":{"rendered":"<p>Idea LED de 3w 20000k para tanque marino.<\/p>\n","protected":false},"featured_media":1023,"comment_status":"open","ping_status":"closed","template":"","meta":[],"product_brand":[],"product_cat":[1186],"product_tag":[],"class_list":{"0":"post-27481","1":"product","2":"type-product","3":"status-publish","4":"has-post-thumbnail","6":"product_cat-controladores-led-accesorios","8":"first","9":"instock","10":"shipping-taxable","11":"purchasable","12":"product-type-simple"},"_links":{"self":[{"href":"https:\/\/www.myaquastore.com\/es\/wp-json\/wp\/v2\/product\/27481","targetHints":{"allow":["GET"]}}],"collection":[{"href":"https:\/\/www.myaquastore.com\/es\/wp-json\/wp\/v2\/product"}],"about":[{"href":"https:\/\/www.myaquastore.com\/es\/wp-json\/wp\/v2\/types\/product"}],"replies":[{"embeddable":true,"href":"https:\/\/www.myaquastore.com\/es\/wp-json\/wp\/v2\/comments?post=27481"}],"wp:featuredmedia":[{"embeddable":true,"href":"https:\/\/www.myaquastore.com\/es\/wp-json\/wp\/v2\/media\/1023"}],"wp:attachment":[{"href":"https:\/\/www.myaquastore.com\/es\/wp-json\/wp\/v2\/media?parent=27481"}],"wp:term":[{"taxonomy":"product_brand","embeddable":true,"href":"https:\/\/www.myaquastore.com\/es\/wp-json\/wp\/v2\/product_brand?post=27481"},{"taxonomy":"product_cat","embeddable":true,"href":"https:\/\/www.myaquastore.com\/es\/wp-json\/wp\/v2\/product_cat?post=27481"},{"taxonomy":"product_tag","embeddable":true,"href":"https:\/\/www.myaquastore.com\/es\/wp-json\/wp\/v2\/product_tag?post=27481"}],"curies":[{"name":"wp","href":"https:\/\/api.w.org\/{rel}","templated":true}]}}