{"id":27490,"date":"2014-07-13T22:15:15","date_gmt":"2014-07-13T22:15:15","guid":{"rendered":"https:\/\/www.myaquastore.com\/product\/bomba-de-acuario-para-pecera-xy-2831-esponja-de-filtro-de-esquina-biologica-accionada-por-aire\/"},"modified":"2025-03-16T06:40:42","modified_gmt":"2025-03-16T06:40:42","slug":"bomba-de-acuario-para-pecera-xy-2831-esponja-de-filtro-de-esquina-biologica-accionada-por-aire","status":"publish","type":"product","link":"https:\/\/www.myaquastore.com\/es\/producto\/bomba-de-acuario-para-pecera-xy-2831-esponja-de-filtro-de-esquina-biologica-accionada-por-aire\/","title":{"rendered":"Bomba de acuario para pecera XY-2831, esponja de filtro de esquina biol\u00f3gica accionada por aire"},"content":{"rendered":"<p><span style=\"font-size: large;color: #0000ff\"><strong>Descripci\u00f3n:<\/strong><\/span><\/p>\n<p><span style=\"font-size: large;color: #0000ff\"><strong>Este es un filtro incorporado, que utiliza una esponja superior respetuosa con el medio ambiente, una bomba de aire o bombas que se pueden conectar para lograr el doble efecto de aireaci\u00f3n y filtraci\u00f3n para aumentar la tasa de supervivencia de los peces.<\/strong><\/span><\/p>\n<p><span style=\"font-size: grande;color: #0000ff\"><strong> <\/strong><\/span><\/p>\n<p><span style=\"font-size: large;color: #0000ff\"><strong>Medio filtrante:<\/strong><\/span><\/p>\n<p><span style=\"font-size: large;color: #0000ff\"><strong>1, filtro de algod\u00f3n, algod\u00f3n bioqu\u00edmico grueso, filtro de algod\u00f3n fino, piedra de filtro, anillo de cer\u00e1mica.<\/strong><\/span><\/p>\n<p><span style=\"font-size: large;color: #0000ff\"><strong>2, filtro de algod\u00f3n multicapa + dos piedras filtrantes, filtraci\u00f3n m\u00e1s cient\u00edfica y m\u00e1s completa<\/strong><\/span><\/p>\n<p><span style=\"font-size: large;color: #0000ff\"><strong>3, forma curva en \u00e1ngulo del cilindro, cilindro que ahorra espacio.<\/strong><\/span><\/p>\n<p><span style=\"font-size: large;color: #0000ff\"><strong>4, \u00c1ngulo de salida ajustable<\/strong><\/span><\/p>\n<p><span style=\"font-size: large;color: #0000ff\"><strong>tama\u00f1o: 15 cm X 14,5 cm X 4,5 cm<\/strong><\/span><\/p>\n","protected":false},"excerpt":{"rendered":"<p>f\u00e1cil uso e instalaci\u00f3n<\/p>\n","protected":false},"featured_media":1085,"comment_status":"open","ping_status":"closed","template":"","meta":[],"product_brand":[],"product_cat":[1181],"product_tag":[],"class_list":{"0":"post-27490","1":"product","2":"type-product","3":"status-publish","4":"has-post-thumbnail","6":"product_cat-filtros-de-esponja-para-acuarios","8":"first","9":"instock","10":"shipping-taxable","11":"purchasable","12":"product-type-simple"},"_links":{"self":[{"href":"https:\/\/www.myaquastore.com\/es\/wp-json\/wp\/v2\/product\/27490","targetHints":{"allow":["GET"]}}],"collection":[{"href":"https:\/\/www.myaquastore.com\/es\/wp-json\/wp\/v2\/product"}],"about":[{"href":"https:\/\/www.myaquastore.com\/es\/wp-json\/wp\/v2\/types\/product"}],"replies":[{"embeddable":true,"href":"https:\/\/www.myaquastore.com\/es\/wp-json\/wp\/v2\/comments?post=27490"}],"wp:featuredmedia":[{"embeddable":true,"href":"https:\/\/www.myaquastore.com\/es\/wp-json\/wp\/v2\/media\/1085"}],"wp:attachment":[{"href":"https:\/\/www.myaquastore.com\/es\/wp-json\/wp\/v2\/media?parent=27490"}],"wp:term":[{"taxonomy":"product_brand","embeddable":true,"href":"https:\/\/www.myaquastore.com\/es\/wp-json\/wp\/v2\/product_brand?post=27490"},{"taxonomy":"product_cat","embeddable":true,"href":"https:\/\/www.myaquastore.com\/es\/wp-json\/wp\/v2\/product_cat?post=27490"},{"taxonomy":"product_tag","embeddable":true,"href":"https:\/\/www.myaquastore.com\/es\/wp-json\/wp\/v2\/product_tag?post=27490"}],"curies":[{"name":"wp","href":"https:\/\/api.w.org\/{rel}","templated":true}]}}