{"id":27506,"date":"2014-07-17T21:40:12","date_gmt":"2014-07-17T21:40:12","guid":{"rendered":"https:\/\/www.myaquastore.com\/product\/bomba-de-filtro-sumergible-esterilizador-uv-sunsun-jup-01-9w\/"},"modified":"2025-03-16T06:40:48","modified_gmt":"2025-03-16T06:40:48","slug":"bomba-de-filtro-sumergible-esterilizador-uv-sunsun-jup-01-9w","status":"publish","type":"product","link":"https:\/\/www.myaquastore.com\/es\/producto\/bomba-de-filtro-sumergible-esterilizador-uv-sunsun-jup-01-9w\/","title":{"rendered":"Bomba de filtro sumergible esterilizador UV SunSun JUP-01 9W"},"content":{"rendered":"<p><span style=\"font-size: large;color: #0000ff\"><strong>JUP- 01 UV es una nueva marca que combina una bomba de filtrado y luz ultravioleta, un cubo peque\u00f1o y una apariencia hermosa. Es f\u00e1cil de operar, instalar y mantener. El agua, tanto dulce como salada, ser\u00e1 filtrada por los rayos ultravioleta cuando la bomba funcione para que el agua fluya a trav\u00e9s de la apertura de la l\u00e1mpara. Esta bomba ultravioleta puede matar los g\u00e9rmenes. Bacterias, algas esplanct\u00f3nicas con gran velocidad. Adem\u00e1s, esta bomba se puede instalar en cualquier lugar del acuario y estanque de peces.<\/strong><\/span><\/p>\n<p><span style=\"font-size: large;color: #0000ff\"><strong>\u00a1No irradiar peces, plantas acu\u00e1ticas ni personas!<\/strong><\/span><\/p>\n<p><span style=\"font-size: large;color: #0000ff\"><strong>\u00a1Debe estar en un recipiente sellado cuando se utiliza la luz ultravioleta en el acuario!<\/strong><\/span><\/p>\n<p><span style=\"font-size: grande;color: #0000ff\"><strong> <\/strong><\/span><\/p>\n<p><span style=\"font-size: large;color: #0000ff\"><strong>No trabajes mucho tiempo con la luz ultravioleta, \u00a1media hora al d\u00eda o a la semana est\u00e1 bien!<\/strong><\/span><\/p>\n<p><span style=\"font-size: grande;color: #0000ff\"><strong> <\/strong><\/span><\/p>\n<p><span style=\"font-size: large;color: #0000ff\"><strong>par\u00e1metro<\/strong><\/span><\/p>\n<p><span style=\"font-size: large;color: #0000ff\"><strong>Modelo: JUP- 01 UV<\/strong><\/span><\/p>\n<p><span style=\"font-size: large;color: #0000ff\"><strong>Voltaje: CA 220-240 V\/50-60 Hz<\/strong><\/span><\/p>\n<p><span style=\"font-size: large;color: #0000ff\"><strong>Potencia de luz UV: 9w<\/strong><\/span><\/p>\n<p><span style=\"font-size: large;color: #0000ff\"><strong>Potencia de la bomba: 8w<\/strong><\/span><\/p>\n<p><span style=\"font-size: large;color: #0000ff\"><strong>Cantidad de flujo m\u00e1s alta: 800 l\/h<\/strong><\/span><\/p>\n<p><span style=\"font-size: large;color: #0000ff\"><strong>Cabezal de bombeo m\u00e1s alto: 0,6 m<\/strong><\/span><\/p>\n<p><span style=\"font-size: grande;color: #0000ff\"><strong>Peso: 1 kg<\/strong><\/span><\/p>\n<p><span style=\"font-size: grande;color: #0000ff\"><strong>Tama\u00f1o: 98*90*305 mm<\/strong><\/span><\/p>\n","protected":false},"excerpt":{"rendered":"<p>9w uv con cabezal de bomba<br \/>\n f\u00e1cil uso mejor calidad<\/p>\n","protected":false},"featured_media":1181,"comment_status":"open","ping_status":"closed","template":"","meta":[],"product_brand":[],"product_cat":[1144],"product_tag":[],"class_list":{"0":"post-27506","1":"product","2":"type-product","3":"status-publish","4":"has-post-thumbnail","6":"product_cat-esterilizadores-uv-es","8":"first","9":"instock","10":"shipping-taxable","11":"purchasable","12":"product-type-simple"},"_links":{"self":[{"href":"https:\/\/www.myaquastore.com\/es\/wp-json\/wp\/v2\/product\/27506","targetHints":{"allow":["GET"]}}],"collection":[{"href":"https:\/\/www.myaquastore.com\/es\/wp-json\/wp\/v2\/product"}],"about":[{"href":"https:\/\/www.myaquastore.com\/es\/wp-json\/wp\/v2\/types\/product"}],"replies":[{"embeddable":true,"href":"https:\/\/www.myaquastore.com\/es\/wp-json\/wp\/v2\/comments?post=27506"}],"wp:featuredmedia":[{"embeddable":true,"href":"https:\/\/www.myaquastore.com\/es\/wp-json\/wp\/v2\/media\/1181"}],"wp:attachment":[{"href":"https:\/\/www.myaquastore.com\/es\/wp-json\/wp\/v2\/media?parent=27506"}],"wp:term":[{"taxonomy":"product_brand","embeddable":true,"href":"https:\/\/www.myaquastore.com\/es\/wp-json\/wp\/v2\/product_brand?post=27506"},{"taxonomy":"product_cat","embeddable":true,"href":"https:\/\/www.myaquastore.com\/es\/wp-json\/wp\/v2\/product_cat?post=27506"},{"taxonomy":"product_tag","embeddable":true,"href":"https:\/\/www.myaquastore.com\/es\/wp-json\/wp\/v2\/product_tag?post=27506"}],"curies":[{"name":"wp","href":"https:\/\/api.w.org\/{rel}","templated":true}]}}