{"id":27533,"date":"2014-07-20T20:13:23","date_gmt":"2014-07-20T20:13:23","guid":{"rendered":"https:\/\/www.myaquastore.com\/product\/idea-de-iluminacion-con-clip-xilong-de-13w-para-tanque-de-plantas-pequenas\/"},"modified":"2025-03-16T06:40:57","modified_gmt":"2025-03-16T06:40:57","slug":"idea-de-iluminacion-con-clip-xilong-de-13w-para-tanque-de-plantas-pequenas","status":"publish","type":"product","link":"https:\/\/www.myaquastore.com\/es\/producto\/idea-de-iluminacion-con-clip-xilong-de-13w-para-tanque-de-plantas-pequenas\/","title":{"rendered":"Idea de iluminaci\u00f3n con clip xilong de 13w para tanque de plantas peque\u00f1as"},"content":{"rendered":"<p><span style=\"font-size: large;color: #0000ff\"><strong>Idea de iluminaci\u00f3n con clip Xilong de 13 W para tanque de plantas peque\u00f1as<\/strong><\/span><\/p>\n<p><span style=\"font-size: grande;color: #0000ff\"><strong>potencia:13w<\/strong><\/span><\/p>\n<p><span style=\"font-size: large;color: #0000ff\"><strong>voltios: 220\/240 voltios 50 hz<\/strong><\/span><\/p>\n<p><span style=\"font-size: large;color: #0000ff\"><strong>tama\u00f1o de iluminaci\u00f3n: 22cmX9cm<\/strong><\/span><\/p>\n<p><span style=\"font-size: large;color: #0000ff\"><strong>color de la l\u00e1mpara:6500k<\/strong><\/span><\/p>\n<p><span style=\"font-size: large;color: #0000ff\"><strong>tama\u00f1o del clip: 5 cm puede sujetar vidrio de menos de 0,7 cm de espesor<\/strong><\/span><\/p>\n","protected":false},"excerpt":{"rendered":"<p>Idea de iluminaci\u00f3n con clip de 13w para tanque de plantas peque\u00f1as<br \/>\n f\u00e1cil instalaci\u00f3n y larga vida \u00fatil<\/p>\n","protected":false},"featured_media":1396,"comment_status":"open","ping_status":"closed","template":"","meta":[],"product_brand":[],"product_cat":[1083],"product_tag":[],"class_list":{"0":"post-27533","1":"product","2":"type-product","3":"status-publish","4":"has-post-thumbnail","6":"product_cat-suplementos-de-plantas-acuaticas","8":"first","9":"instock","10":"shipping-taxable","11":"purchasable","12":"product-type-simple"},"_links":{"self":[{"href":"https:\/\/www.myaquastore.com\/es\/wp-json\/wp\/v2\/product\/27533","targetHints":{"allow":["GET"]}}],"collection":[{"href":"https:\/\/www.myaquastore.com\/es\/wp-json\/wp\/v2\/product"}],"about":[{"href":"https:\/\/www.myaquastore.com\/es\/wp-json\/wp\/v2\/types\/product"}],"replies":[{"embeddable":true,"href":"https:\/\/www.myaquastore.com\/es\/wp-json\/wp\/v2\/comments?post=27533"}],"wp:featuredmedia":[{"embeddable":true,"href":"https:\/\/www.myaquastore.com\/es\/wp-json\/wp\/v2\/media\/1396"}],"wp:attachment":[{"href":"https:\/\/www.myaquastore.com\/es\/wp-json\/wp\/v2\/media?parent=27533"}],"wp:term":[{"taxonomy":"product_brand","embeddable":true,"href":"https:\/\/www.myaquastore.com\/es\/wp-json\/wp\/v2\/product_brand?post=27533"},{"taxonomy":"product_cat","embeddable":true,"href":"https:\/\/www.myaquastore.com\/es\/wp-json\/wp\/v2\/product_cat?post=27533"},{"taxonomy":"product_tag","embeddable":true,"href":"https:\/\/www.myaquastore.com\/es\/wp-json\/wp\/v2\/product_tag?post=27533"}],"curies":[{"name":"wp","href":"https:\/\/api.w.org\/{rel}","templated":true}]}}