{"id":27540,"date":"2014-07-24T22:00:54","date_gmt":"2014-07-24T22:00:54","guid":{"rendered":"https:\/\/www.myaquastore.com\/product\/controlador-digital-de-calentador-y-refrigerador-de-modo-dual-atc800\/"},"modified":"2025-03-16T06:40:59","modified_gmt":"2025-03-16T06:40:59","slug":"controlador-digital-de-calentador-y-refrigerador-de-modo-dual-atc800","status":"publish","type":"product","link":"https:\/\/www.myaquastore.com\/es\/producto\/controlador-digital-de-calentador-y-refrigerador-de-modo-dual-atc800\/","title":{"rendered":"Controlador digital de calentador y refrigerador de MODO DUAL ATC800+"},"content":{"rendered":"<p><span style=\"font-size: large;color: #0000ff\"><strong>Caracter\u00edsticas: <\/strong><\/span><br \/><span style=\"font-size: large;color: #0000ff\"><strong>Cambio autom\u00e1tico entre el modelo de refrigeraci\u00f3n y calefacci\u00f3n, alarma de error de sonda, alarma de l\u00edmite de temperatura excedida, refrigeraci\u00f3n forzada con un retraso de 3 minutos para proteger, temperatura rango: 0 \u2103 \u223d + 45 \u2103, rango de temperatura de control: 5 \u2103 \u223d + 40 \u2103, precisi\u00f3n: 5 \u2103 \u223d, aplicado a temperatura constante del gabinete de mariscos. <\/strong><\/span><\/p>\n<p><span style=\"font-size: large;color: #0000ff\"><strong>El controlador de temperatura de modo dual ATC800 es un paquete todo en uno que no solo controla el calentamiento de su acuario\/ambiente sino tambi\u00e9n el enfriamiento. <\/strong><\/span><\/p>\n<p><span style=\"font-size: large;color: #0000ff\"><strong>Para operar la unidad, simplemente conecte su calentador y equipo de enfriamiento al ATC800 y configure la temperatura deseada, luego simplemente configure su temperatura diferencial (la cantidad que desea que el controlador suba o baje de su valor establecido antes de encender cualquiera de los dispositivos) y luego deje que la unidad automatice su acuario\/entorno autom\u00e1ticamente. <\/strong><\/span><\/p>\n<p><span style=\"font-size: large;color: #0000ff\"><strong>el ATC800 est\u00e1 equipado con un circuito a prueba de fallas en caso de falla del sensor, y el circuito de enfriamiento tiene un retraso incorporado de 3 minutos entre conmutaciones para proteger cualquier compresor de enfriador contra conmutaciones continuas <\/strong><\/span><\/p>\n<p><span style=\"font-size: large;color: #0000ff\"><strong>Sonda totalmente segura para agua salada: ideal para uso en arrecifes marinos y en todos los entornos de agua dulce <\/strong><\/span><\/p>\n<p><span style=\"font-size: large;color: #0000ff\"><strong>la unidad tiene un dise\u00f1o de montaje en panel y requiere montaje en una caja adecuada <\/strong><\/span><\/p>\n<p><span style=\"font-size: large;#0000ff\"><strong>Par\u00e1metro t\u00e9cnico: <\/strong><\/span><br \/><span style=\"font-size: large;color: #0000ff\"><strong>Rango de medici\u00f3n: 0 \u2103\u223d+45 \u2103 <\/strong><\/span><br \/><span style=\"font-size: large;color: #0000ff\"><strong>Tasa de distinci\u00f3n: 0,1 \u2103 <\/strong><\/span><br \/><span style=\"font-size: large;color: #0000ff\"><strong>Rango de control: 5\u2103\u223d+40\u2103 <\/strong><\/span><br \/><span style=\"font-size: large;color: #0000ff\"><strong>Diferencia de regulaci\u00f3n de temperatura:1\u2103\u223d5\u2103 <\/strong><\/span><br \/><span style=\"font-size: large;color: #0000ff\"><strong>ajustable <\/strong><\/span><br \/><span style=\"font-size: grande;color: #0000ff\"><strong>Retardo de protecci\u00f3n del compresor: 3 minutos <\/strong><\/span><br \/><span style=\"font-size: large;color: #0000ff\"><strong>Alimentaci\u00f3n: 220 V CA: 50 Hz <\/strong><\/span><br \/><span style=\"font-size: large;color: #0000ff\"><strong>Consumo de energ\u00eda:5W <\/strong><\/span><br \/><span style=\"font-size: large;color: #0000ff\"><strong>Capacidad de contacto Pelay: calefacci\u00f3n 10 A m\u00e1x. <\/strong><\/span><br \/><span style=\"font-size: large;color: #0000ff\"><strong>refrigeraci\u00f3n 25A m\u00e1x. <\/strong><\/span><br \/><span style=\"font-size: grande;color: #0000ff\"><strong>Tama\u00f1o del producto:180 00 4<\/strong><\/span><\/p>\n","protected":false},"excerpt":{"rendered":"<p>f\u00e1cil de operar<br \/>\n buena calidad<\/p>\n","protected":false},"featured_media":1444,"comment_status":"open","ping_status":"closed","template":"","meta":[],"product_brand":[],"product_cat":[1201],"product_tag":[],"class_list":{"0":"post-27540","1":"product","2":"type-product","3":"status-publish","4":"has-post-thumbnail","6":"product_cat-calentador-y-amplificador-de-acuario-controlador-de-temperatura","8":"first","9":"instock","10":"shipping-taxable","11":"purchasable","12":"product-type-simple"},"_links":{"self":[{"href":"https:\/\/www.myaquastore.com\/es\/wp-json\/wp\/v2\/product\/27540","targetHints":{"allow":["GET"]}}],"collection":[{"href":"https:\/\/www.myaquastore.com\/es\/wp-json\/wp\/v2\/product"}],"about":[{"href":"https:\/\/www.myaquastore.com\/es\/wp-json\/wp\/v2\/types\/product"}],"replies":[{"embeddable":true,"href":"https:\/\/www.myaquastore.com\/es\/wp-json\/wp\/v2\/comments?post=27540"}],"wp:featuredmedia":[{"embeddable":true,"href":"https:\/\/www.myaquastore.com\/es\/wp-json\/wp\/v2\/media\/1444"}],"wp:attachment":[{"href":"https:\/\/www.myaquastore.com\/es\/wp-json\/wp\/v2\/media?parent=27540"}],"wp:term":[{"taxonomy":"product_brand","embeddable":true,"href":"https:\/\/www.myaquastore.com\/es\/wp-json\/wp\/v2\/product_brand?post=27540"},{"taxonomy":"product_cat","embeddable":true,"href":"https:\/\/www.myaquastore.com\/es\/wp-json\/wp\/v2\/product_cat?post=27540"},{"taxonomy":"product_tag","embeddable":true,"href":"https:\/\/www.myaquastore.com\/es\/wp-json\/wp\/v2\/product_tag?post=27540"}],"curies":[{"name":"wp","href":"https:\/\/api.w.org\/{rel}","templated":true}]}}