{"id":27546,"date":"2014-07-26T19:14:03","date_gmt":"2014-07-26T19:14:03","guid":{"rendered":"https:\/\/www.myaquastore.com\/product\/bomba-de-retorno-de-agua-jebao-dc-velocidad-variable-dc6000-version-mas-nueva-ajuste-de-12-velocidades\/"},"modified":"2025-03-16T06:41:01","modified_gmt":"2025-03-16T06:41:01","slug":"bomba-de-retorno-de-agua-jebao-dc-velocidad-variable-dc6000-version-mas-nueva-ajuste-de-12-velocidades","status":"publish","type":"product","link":"https:\/\/www.myaquastore.com\/es\/producto\/bomba-de-retorno-de-agua-jebao-dc-velocidad-variable-dc6000-version-mas-nueva-ajuste-de-12-velocidades\/","title":{"rendered":"BOMBA DE RETORNO DE AGUA JEBAO DC Velocidad variable DC6000 versi\u00f3n m\u00e1s nueva Ajuste de 12 velocidades"},"content":{"rendered":"<p><span style=\"l\u00ednea de base\"><span style=\"font-weight: 700\"><span style=\"heredar;255, 255)\">Descripci\u00f3n del art\u00edculo<\/span>:<\/span><\/span><\/span>\n <\/p>\n<p>&lt;span style=&quot;margen: 0px; relleno: 0px; borde: 0px; familia de fuentes: heredar; tama\u00f1o de fuente: 24px; estilo de fuente: heredar; variante de fuente: heredar; peso de fuente: heredar; altura de l\u00ednea: heredar;<br \/>\n <br \/><\/span>\n <\/p>\n<div align=\"left\">\n<p style=\"margin: 0px;padding: 6px 0px;border: 0px;font-family: tahoma, verdana, sans-serif;line-height: normal;vertical-align: baseline\"><span style=\"font-weight: 700\">Desde \u00a1Voltaje de 110 V a 240 V, disponible en todo el mundo!<\/span>\n <\/p>\n<p style=\"margin: 0px\"><span style=\"font-weight: 700\"><span style=\"font-family: heredar\">Controlador DC6000 de 1800 litros a 6000 litros\n <\/p>\n<p style=\"margin: 0px\"><span style=\"font-weight: 700\">Caracter\u00edstica<\/span><span style=\"font-weight: 700\"> <\/span>\n <\/p>\n<ul>\n<li style=\"margin: 0px 0px 0px 30px;padding: 0px;border: 0px;font-family: heredar;font-size: heredar;font-style: heredar;font-variant: heredar;font-weight: heredar;line-height: heredar;vertical-align: baseline\"><span style=\"font-weight: 700\">Motor de alto rendimiento con electr\u00f3nica innovadora y ahorro de energ\u00eda de hasta el 50% que antes.<\/span><span style=\"font-weight: 700\"> <\/span>\n <\/li>\n<li style=\"margin: 0px 0px 0px 30px;padding: 0px;border: 0px;font-family: heredar;font-size: heredar;font-style: heredar;font-variant: heredar;font-weight: heredar;line-height: heredar;vertical-align: baseline\"><span style=\"font-weight: 700\">IC Electronic Dection, protecci\u00f3n de apagado autom\u00e1tico cuando no hay agua<\/span><span> <\/span>\n <\/li>\n<li style=\"margin: 0px 0px 0px 30px;padding: 0px;border: 0px;font-family: heredar;font-size: heredar;font-style: heredar;font-variant: heredar;font-weight: heredar;line-height: heredar;vertical-align: baseline\"><span style=\"font-weight: 700\">Protecci\u00f3n del motor si el rotor est\u00e1 bloqueado<\/span><span style=\"font-weight: 700\"> <\/span>\n <\/li>\n<li style=\"margin: 0px 0px 0px 30px;padding: 0px;border: 0px;font-family: heredar;font-size: heredar;font-style: heredar;font-variant: heredar;font-weight: heredar;line-height: heredar;vertical-align: baseline\"><span style=\"font-weight: 700\">Operaci\u00f3n s\u00faper silenciosa<\/span><span style=\"font-weight: 700\"> <\/span>\n <\/li>\n<li style=\"margin: 0px 0px 0px 30px;padding: 0px;border: 0px;font-family: heredar;font-size: heredar;font-style: heredar;font-variant: heredar;font-weight: heredar;line-height: heredar;vertical-align: baseline\"><span style=\"font-weight: 700\">Puede funcionar en agua dulce y marina<\/span><span> <\/span>\n <\/li>\n<li style=\"margin: 0px 0px 0px 30px;padding: 0px;border: 0px;font-family: heredar;font-size: heredar;font-style: heredar;font-variant: heredar;font-weight: heredar;line-height: heredar;vertical-align: baseline\"><span style=\"font-weight: 700\">Sin componentes de cobre, \u00a1seguridad en su tanque!<\/span><span> <\/span>\n <\/li>\n<li style=\"margin: 0px 0px 0px 30px;padding: 0px;border: 0px;font-family: heredar;font-size: heredar;font-style: heredar;font-variant: heredar;font-weight: heredar;line-height: heredar;vertical-align: baseline\"><span style=\"font-weight: 700\">Con eje cer\u00e1mico resistente al desgaste, mayor vida \u00fatil<\/span><span> <\/span>\n <\/li>\n<li style=\"margin: 0px 0px 0px 30px;padding: 0px;border: 0px;font-family: heredar;font-size: heredar;font-style: heredar;font-variant: heredar;font-weight: heredar;line-height: heredar;vertical-align: baseline\"><span style=\"font-weight: 700\">Modelo de alimentaci\u00f3n de 10 minutos (o pausar para reanudar normal)<\/span><span style=\"font-weight: 700\"> <\/span>\n <\/li>\n<\/ul>\n<p style=\"margin: 0px\"><span style=\"font-weight: 700\"> <\/span><span style=\"font-weight: 700;font-family: tahoma, verdana, sans-serif\">Especificaci\u00f3n<\/span>\n <\/p>\n<p style=\"margin: 0px\"><span style=\"font-weight: 700\"> <\/span><span style=\"font-weight: 700\"> <\/span><span style=\"font-weight: 700\"> <\/span><span style=\"font-weight: 700\"> <\/span>\n <\/p>\n<table border=\"1\" cellpadding=\"0\">\n<td style=\"margin: 0px\"><span style=\"font-weight: 700\">Modelo<\/span>\n <\/td>\n<td style=\"margin: 0px\"><span style=\"font-weight: 700\">Tama\u00f1o (largo x ancho x alto)<\/span>\n <\/td>\n<td style=\"margin: 0px\"><span style=\"font-weight: 700\">Caudal ajustable<\/span>\n <\/td>\n<td style=\"margin: 0px\"><span style=\"font-weight: 700\">Altura m\u00e1xima<\/span>\n <\/td>\n<td style=\"margin: 0px\"><span style=\"font-weight: 700\">Conector de manguera<\/span>\n <\/td>\n<td style=\"margin: 0px\"><span style=\"font-weight: 700\">vatios<\/span>\n <\/td>\n<\/tr>\n<tr>\n<td style=\"margin: 0px\"><span style=\"font-weight: 700\">DC6000<\/span>\n <\/td>\n<td style=\"margin: 0px\"><span style=\"font-weight: 700\">31cm x 25cm x 20cm<\/span>\n <\/td>\n<td style=\"margin: 0px\"><span style=\"font-weight: 700\">1800L a 6000L<\/span>\n <\/td>\n<td style=\"margin: 0px\"><span style=\"font-weight: 700\">3,6 millones<\/span>\n <\/td>\n<td style=\"margin: 0px\"><span style=\"font-weight: 700\">3 Mangueras para 20\/25\/32<\/span>\n <\/td>\n<td style=\"margin: 0px\"><span style=\"font-weight: 700\">CC 24 V 4 A 40 W<\/span>\n <\/td>\n<\/tr>\n<tr>\n<td style=\"margin: 0px\"><span style=\"font-weight: 700\">DC12000<\/span>\n <\/td>\n<td style=\"margin: 0px\"><span style=\"font-weight: 700\">39cm x 25cm x 20cm<\/span>\n <\/td>\n<td style=\"margin: 0px\"><span style=\"font-weight: 700\">3600L a 12000L<\/span>\n <\/td>\n<td style=\"margin: 0px\"><span style=\"font-weight: 700\">4,8 millones<\/span>\n <\/td>\n<td style=\"margin: 0px\"><span style=\"font-weight: 700\">1 Manguera para 20\/25\/32\/38mm<\/span>\n <\/td>\n<td>\n<p><span>DC24V 5A 85W<\/span>\n <\/p>\n<\/td>\n<\/tr>\n<tr>\n<td style=\"margin: 0px\"><span style=\"font-weight: 700\">DC9000<\/span>\n <\/td>\n<td style=\"margin: 0px\"><span style=\"font-weight: 700\">39cm x 25cm x 20cm<\/span>\n <\/td>\n<td style=\"margin: 0px\"><span style=\"font-weight: 700\">2700L a 9000L<\/span>\n <\/td>\n<td style=\"margin: 0px\"><span style=\"font-weight: 700\">4,3 millones<\/span>\n <\/td>\n<td style=\"margin: 0px\"><span style=\"font-weight: 700\">1 Manguera para 20\/25\/32\/38mm<\/span>\n <\/td>\n<td>\n<p><span>DC24V 5A 70W<\/span>\n <\/p>\n<div><span style=\"font-weight: 700\"><br \/>\n <br \/><\/span>\n <\/div>\n<\/td>\n<\/tr>\n<\/tbody><\/div>\n<div align=\"left\" style=\"margin: 0px;padding: 0px;border: 0px;font-family: Arial, Helvetica, sans-senif, SimSun, \u5b8b\u4f53;font-size: 12px;line-height: 18px;vertical-align: baseline\">&lt;span style=&quot;margin: 0px; padding: 0px; borde: 0px; familia de fuente: heredar; tama\u00f1o de fuente: 16px; estilo de fuente: heredar; peso de fuente: heredar; familia de fuente: &#039;trebuchet ms&#039;, helvetica, sans-serif; estilo de fuente: heredar; Font-Variant: Hereding; Font-peso: heredar;<br \/>\n <br \/><\/span><\/span><\/span>\n <\/div>\n<div align=\"left\" style=\"margin: 0px;padding: 0px;border: 0px;font-family: Arial, Helvetica, sans-senif, SimSun, \u5b8b\u4f53;font-size: 12px;line-height: 18px;vertical-align: baseline\">&lt;span style=&quot;margin: 0px; padding: 0px; borde: 0px; familia de fuente: heredar; tama\u00f1o de fuente: 16px; estilo de fuente: heredar; peso de fuente: heredar; familia de fuente: &#039;trebuchet ms&#039;, helvetica, sans-serif; estilo de fuente: heredar; Font-Variant: Hereding; Font-peso: heredar;<br \/>\n <br \/><\/span><\/span><\/span>\n <\/div>\n<p><span style=\"l\u00ednea de base\"><span style=\", 255, 255)\"><br \/>\n <br \/><\/span><\/span><\/span><\/span>\n <\/p>\n<p><span style=\"l\u00ednea de base\"><span style=\", 255, 255)\">Pago<\/span>:<\/span><\/span><\/span>\n <\/p>\n<p><span><br \/>\n <br \/><\/span><\/span><\/span>\n <\/p>\n<p><span style=\"l\u00ednea de base\">Aceptamos PayPal \u00fanicamente, es r\u00e1pido, seguro y f\u00e1cil.<br \/>\n <br \/><\/span>\n <\/p>\n<p>\n \n <\/p>\n<p><span style=\"l\u00ednea de base\"><span style=\", 255, 255)\">Env\u00edo<\/span>:<\/span><\/span><\/span>\n <\/p>\n<p><span><br \/>\n <br \/><\/span><\/span><\/span>\n <\/p>\n<p style=\"color: rojo\"><span>si elige el env\u00edo regular, el plazo de entrega es de 2 a 4 semanas<\/span>\n <\/p>\n<p style=\"color: rojo\"><span>si eliges el env\u00edo expr\u00e9s, el tiempo de entrega es de 7-9 d\u00edas h\u00e1biles<\/span>\n <\/p>\n<p style=\"color: rojo\"><span>despu\u00e9s del pago, enviaremos su pedido el siguiente d\u00eda h\u00e1bil<\/span>\n <\/p>\n<p style=\"color: rojo\"><span>Por favor, comprenda que realizamos env\u00edos al extranjero, el tiempo de env\u00edo es un poco m\u00e1s largo que el env\u00edo dentro del pa\u00eds<\/span>\n <\/p>\n<p style=\"color: rojo\"><span><br \/>\n <br \/><\/span>\n <\/p>\n<p style=\"color: rojo\"><span><br \/>\n <br \/><\/span>\n <\/p>\n<p><span style=\"l\u00ednea de base\"><span style=\", 255, 255)\">Devoluci\u00f3n y garant\u00eda<\/span>:<\/span><\/span><\/span>\n <\/p>\n<p>&lt;span style=&quot;margen: 0px; relleno: 0px; borde: 0px; familia de fuente: heredar; tama\u00f1o de fuente: 16px; estilo de fuente: heredar; peso de fuente: heredar; altura de l\u00ednea: heredar; familia de fuente: heredar; heredar; variante de fuente: heredar; peso de fuente: heredar; altura de l\u00ednea: heredar; alineaci\u00f3n vertical: color de l\u00ednea de base: rgb(0, 0, 255);<br \/>\n <br \/><\/span><\/span><\/span>\n <\/p>\n<p><span style=\"heredar\">Retorno<\/span>:<\/span><br \/>\n <br \/><\/span>\n <\/p>\n<p style=\"margin: 0px;padding: 0px;border: 0px;font-family: Arial, Helvetica, sans-senif, SimSun, \u5b8b\u4f53;line-height: 18px;vertical-align: baseline\">aceptamos devoluciones y reembolsos de dinero dentro de 2 semanas\n <\/p>\n<p>\n \n <\/p>\n<p><span><span><span style=\"font-weight: 700\">Garant\u00eda:<\/span><\/span><\/p>\n<p><\/span>\n <\/p>\n<p><span style=\"l\u00ednea de base\">Todos los productos vienen con una garant\u00eda de vendedor de 3 meses, si el art\u00edculo tiene alg\u00fan problema dentro de los 3 meses, le enviaremos la pieza de repuesto para que la reemplace, es gratuita.<br \/>\n <br \/>Si es fuera de los 3 meses, podemos proporcionar la pieza de repuesto de forma gratuita, el cliente deber\u00e1 pagar la tarifa de env\u00edo<\/span>\n <\/p>\n<p><span style=\"l\u00ednea de base\"><span style=\", 255, 255)\"><br \/>\n <br \/><\/span><\/span><\/span><\/span>\n <\/p>\n<p><span style=\"l\u00ednea de base\"><span style=\", 255, 255)\">Comentarios<\/span>:<\/span><\/span><\/span>\n <\/p>\n<p>&lt;span style=&quot;margen: 0px; relleno: 0px; borde: 0px; familia de fuente: heredar; tama\u00f1o de fuente: 16px; estilo de fuente: heredar; variante de fuente: heredar; altura de l\u00ednea: heredar;<br \/>\n <br \/><\/span>\n <\/p>\n<p><span style=\"l\u00ednea de base\">Estamos haciendo todo lo posible para satisfacer a nuestros clientes, si tiene alg\u00fan problema con el producto o cualquier otra cosa<\/span>\n <\/p>\n<p><span style=\"alineaci\u00f3n vertical\">p\u00f3ngase en contacto con nosotros primero, responderemos al problema lo antes posible<\/span>\n <\/p>\n<p><span style=\"l\u00ednea de base\">d\u00e9jenos un comentario positivo si est\u00e1 satisfecho con nuestros productos y servicios<\/span>\n <\/p>\n<p style=\"margin: 0px;padding: 0px;border: 0px;font-family: Arial, Helvetica, sans-senif, SimSun, \u5b8b\u4f53;line-height: 18px;vertical-align: baseline\">si no te gustan nuestros productos, h\u00e1zmelo saber\n <\/p>\n<p style=\"margin: 0px;padding: 0px;border: 0px;font-family: Arial, Helvetica, sans-senif, SimSun, \u5b8b\u4f53;line-height: 18px;vertical-align: baseline\">aceptamos reembolso de dinero\n <\/p>\n<p>\n \n <\/p>\n<p> &lt;p style=&quot;margen: 0px; relleno: 0px; borde: 0px; familia de fuentes: Arial, Helvetica, sans-senif, SimSun, \u5b8b\u4f53; altura de l\u00ednea: 18px; alineaci\u00f3n vertical: bas<\/p>\n","protected":false},"excerpt":{"rendered":"<p>BOMBA DE RETORNO DE AGUA JEBAO DC Velocidad variable DC6000 versi\u00f3n m\u00e1s nueva Ajuste de 12 velocidades<\/p>\n","protected":false},"featured_media":1486,"comment_status":"open","ping_status":"closed","template":"","meta":[],"product_brand":[],"product_cat":[1149],"product_tag":[],"class_list":{"0":"post-27546","1":"product","2":"type-product","3":"status-publish","4":"has-post-thumbnail","6":"product_cat-bombas-de-agua-es","8":"first","9":"instock","10":"shipping-taxable","11":"purchasable","12":"product-type-simple"},"_links":{"self":[{"href":"https:\/\/www.myaquastore.com\/es\/wp-json\/wp\/v2\/product\/27546","targetHints":{"allow":["GET"]}}],"collection":[{"href":"https:\/\/www.myaquastore.com\/es\/wp-json\/wp\/v2\/product"}],"about":[{"href":"https:\/\/www.myaquastore.com\/es\/wp-json\/wp\/v2\/types\/product"}],"replies":[{"embeddable":true,"href":"https:\/\/www.myaquastore.com\/es\/wp-json\/wp\/v2\/comments?post=27546"}],"wp:featuredmedia":[{"embeddable":true,"href":"https:\/\/www.myaquastore.com\/es\/wp-json\/wp\/v2\/media\/1486"}],"wp:attachment":[{"href":"https:\/\/www.myaquastore.com\/es\/wp-json\/wp\/v2\/media?parent=27546"}],"wp:term":[{"taxonomy":"product_brand","embeddable":true,"href":"https:\/\/www.myaquastore.com\/es\/wp-json\/wp\/v2\/product_brand?post=27546"},{"taxonomy":"product_cat","embeddable":true,"href":"https:\/\/www.myaquastore.com\/es\/wp-json\/wp\/v2\/product_cat?post=27546"},{"taxonomy":"product_tag","embeddable":true,"href":"https:\/\/www.myaquastore.com\/es\/wp-json\/wp\/v2\/product_tag?post=27546"}],"curies":[{"name":"wp","href":"https:\/\/api.w.org\/{rel}","templated":true}]}}