{"id":27550,"date":"2014-07-27T05:14:06","date_gmt":"2014-07-27T05:14:06","guid":{"rendered":"https:\/\/www.myaquastore.com\/product\/songbao-pecera-flotante-acuario-vidrio-magnetico-depurador-de-algas-limpiador-cepillo-herramienta\/"},"modified":"2025-03-16T06:41:03","modified_gmt":"2025-03-16T06:41:03","slug":"songbao-pecera-flotante-acuario-vidrio-magnetico-depurador-de-algas-limpiador-cepillo-herramienta","status":"publish","type":"product","link":"https:\/\/www.myaquastore.com\/es\/producto\/songbao-pecera-flotante-acuario-vidrio-magnetico-depurador-de-algas-limpiador-cepillo-herramienta\/","title":{"rendered":"songbao Pecera Flotante Acuario Vidrio Magn\u00e9tico Depurador De Algas Limpiador Cepillo Herramienta"},"content":{"rendered":"<p><span style=\"font-size: large;color: #0000ff\"><strong>Descripciones:<\/strong><\/span><br \/><span style=\"font-size: large;color: #0000ff\"><strong>Buena capacidad de absorci\u00f3n y poderosa atracci\u00f3n magn\u00e9tica.<\/strong><\/span><br \/><span style=\"font-size: large;color: #0000ff\"><strong>A medida que mueves el im\u00e1n exterior, el interior el im\u00e1n sigue, por lo tanto limpia el vidrio.<\/strong><\/span><br \/><span style=\"font-size: large;color: #0000ff\"><strong>El cepillo interior no se hundir\u00e1 en las profundidades m\u00e1s lejanas de la pecera mientras flota.<\/strong><\/span><br \/><span style=\"font-size: large;color: #0000ff\"><strong>Especificaciones:<\/strong><\/span><\/p>\n<p><span style=\"font-size: grande;color: #0000ff\"><strong>Material: material altamente magn\u00e9tico<\/strong><\/span><br \/><span style=\"font-size: grande;color: #0000ff\"><strong>Tama\u00f1o:<br \/>peque\u00f1o &#8212;&#8212;&#8211;7.5X4.4X7.2cm<\/strong><\/span><br \/><span style=\"font-size: large;color: #0000ff\"><strong>Mediano&#8212;&#8212;9.8X4.8X7.5cm<\/strong><\/span><br \/><span style=\"font-size: grande;color: #0000ff\"><strong>grande&#8212;&#8212;&#8212;-10.9X5.9X7.7cm<\/strong><\/span><br \/><span style=\"font-size: grande;color: #0000ff\"><strong>extra grande &#8212;12X6.3X9.8cm<\/strong><\/span><\/p>\n<p><span style=\"font-size: large;color: #0000ff\"><strong>Paquete incluido: 1 pieza<\/strong><\/span><\/p>\n<p><span style=\"font-size: large;color: #0000ff\"><strong>1.Imanes s\u00faper fuertes para usar con diferentes espesores de vidrio.<\/strong><\/span><br \/><span style=\"font-size: large;color: #0000ff\"><strong>2.Flota evitando que los imanes se pierdan en el fondo de su acuario.<\/strong><\/span><br \/><span style=\"font-size: large;color: #0000ff\"><strong>3.Almohadillas limpiadoras antirrayas que son altamente eficientes para eliminar las algas del vidrio.<\/strong><\/span><br \/><span style=\"font-size: large;color: #0000ff\"><strong>4.Mango con agarre antideslizante que mejora la acci\u00f3n de limpieza.<\/strong><\/span><\/p>\n","protected":false},"excerpt":{"rendered":"<p>f\u00e1cil uso<br \/>\n tanque de limpieza r\u00e1pida<\/p>\n","protected":false},"featured_media":1508,"comment_status":"open","ping_status":"closed","template":"","meta":[],"product_brand":[],"product_cat":[1024,1028,1031],"product_tag":[],"class_list":{"0":"post-27550","1":"product","2":"type-product","3":"status-publish","4":"has-post-thumbnail","6":"product_cat-suministros-de-limpieza-y-mantenimiento","7":"product_cat-agentes-de-limpieza-de-acuarios","8":"product_cat-kits-de-mantenimiento","10":"first","11":"instock","12":"shipping-taxable","13":"purchasable","14":"product-type-simple"},"_links":{"self":[{"href":"https:\/\/www.myaquastore.com\/es\/wp-json\/wp\/v2\/product\/27550","targetHints":{"allow":["GET"]}}],"collection":[{"href":"https:\/\/www.myaquastore.com\/es\/wp-json\/wp\/v2\/product"}],"about":[{"href":"https:\/\/www.myaquastore.com\/es\/wp-json\/wp\/v2\/types\/product"}],"replies":[{"embeddable":true,"href":"https:\/\/www.myaquastore.com\/es\/wp-json\/wp\/v2\/comments?post=27550"}],"wp:featuredmedia":[{"embeddable":true,"href":"https:\/\/www.myaquastore.com\/es\/wp-json\/wp\/v2\/media\/1508"}],"wp:attachment":[{"href":"https:\/\/www.myaquastore.com\/es\/wp-json\/wp\/v2\/media?parent=27550"}],"wp:term":[{"taxonomy":"product_brand","embeddable":true,"href":"https:\/\/www.myaquastore.com\/es\/wp-json\/wp\/v2\/product_brand?post=27550"},{"taxonomy":"product_cat","embeddable":true,"href":"https:\/\/www.myaquastore.com\/es\/wp-json\/wp\/v2\/product_cat?post=27550"},{"taxonomy":"product_tag","embeddable":true,"href":"https:\/\/www.myaquastore.com\/es\/wp-json\/wp\/v2\/product_tag?post=27550"}],"curies":[{"name":"wp","href":"https:\/\/api.w.org\/{rel}","templated":true}]}}