{"id":27565,"date":"2014-07-31T16:54:44","date_gmt":"2014-07-31T16:54:44","guid":{"rendered":"https:\/\/www.myaquastore.com\/product\/bomba-generadora-de-olas-aquasyncro-hwm-4000\/"},"modified":"2025-03-16T06:41:07","modified_gmt":"2025-03-16T06:41:07","slug":"bomba-generadora-de-olas-aquasyncro-hwm-4000","status":"publish","type":"product","link":"https:\/\/www.myaquastore.com\/es\/producto\/bomba-generadora-de-olas-aquasyncro-hwm-4000\/","title":{"rendered":"Bomba generadora de olas AquaSyncro HWM 4000"},"content":{"rendered":"<p><span style=\"font-size: large;color: #0000ff\"><strong>AquaSyncro HWM 4000 Wave Maker<\/strong><\/span><\/p>\n<ul>\n<li><span style=\"font-size: large;color: #0000ff\"><strong>Direcci\u00f3n de onda ajustable<\/strong><\/span><\/li>\n<li><span style=\"font-size: large;color: #0000ff\"><strong>Potente base magn\u00e9tica para fijar el generador de olas al tanque<\/strong><\/span><\/li>\n<li><span style=\"font-size: large;color: #0000ff\"><strong>Dise\u00f1o de h\u00e9lice \u00fanico para crear una onda natural en acuarios<\/strong><\/span><\/li>\n<li><span style=\"font-size: large;color: #0000ff\"><strong>Dise\u00f1o compacto 9 cm x 6,5 cm x 5,5 cm<\/strong><\/span><\/li>\n<li><span style=\"font-size: large;color: #0000ff\"><strong>HWM 4000 se recomienda para acuarios de hasta 100 litros y es la forma ideal de fomentar de forma segura y efectiva el movimiento del agua dentro de su acuario de arrecife.<\/strong><\/span>\n<\/li>\n<\/ul>\n<p><span style=\"font-size: large;color: #0000ff\"><strong>montaje de base magn\u00e9tica <\/strong><\/span><\/p>\n","protected":false},"excerpt":{"rendered":"<p>Wavermaker peque\u00f1o con montaje magn\u00e9tico<br \/>\n idea para nano tanque<\/p>\n","protected":false},"featured_media":1592,"comment_status":"open","ping_status":"closed","template":"","meta":[],"product_brand":[],"product_cat":[1167],"product_tag":[],"class_list":{"0":"post-27565","1":"product","2":"type-product","3":"status-publish","4":"has-post-thumbnail","6":"product_cat-hacedores-de-olas","8":"first","9":"instock","10":"shipping-taxable","11":"purchasable","12":"product-type-simple"},"_links":{"self":[{"href":"https:\/\/www.myaquastore.com\/es\/wp-json\/wp\/v2\/product\/27565","targetHints":{"allow":["GET"]}}],"collection":[{"href":"https:\/\/www.myaquastore.com\/es\/wp-json\/wp\/v2\/product"}],"about":[{"href":"https:\/\/www.myaquastore.com\/es\/wp-json\/wp\/v2\/types\/product"}],"replies":[{"embeddable":true,"href":"https:\/\/www.myaquastore.com\/es\/wp-json\/wp\/v2\/comments?post=27565"}],"wp:featuredmedia":[{"embeddable":true,"href":"https:\/\/www.myaquastore.com\/es\/wp-json\/wp\/v2\/media\/1592"}],"wp:attachment":[{"href":"https:\/\/www.myaquastore.com\/es\/wp-json\/wp\/v2\/media?parent=27565"}],"wp:term":[{"taxonomy":"product_brand","embeddable":true,"href":"https:\/\/www.myaquastore.com\/es\/wp-json\/wp\/v2\/product_brand?post=27565"},{"taxonomy":"product_cat","embeddable":true,"href":"https:\/\/www.myaquastore.com\/es\/wp-json\/wp\/v2\/product_cat?post=27565"},{"taxonomy":"product_tag","embeddable":true,"href":"https:\/\/www.myaquastore.com\/es\/wp-json\/wp\/v2\/product_tag?post=27565"}],"curies":[{"name":"wp","href":"https:\/\/api.w.org\/{rel}","templated":true}]}}