{"id":27580,"date":"2014-09-11T13:23:47","date_gmt":"2014-09-11T13:23:47","guid":{"rendered":"https:\/\/www.myaquastore.com\/product\/cubo-de-almacenamiento-de-liquidos-para-bomba-dosificadora-con-escala-15-l-1010165-cm\/"},"modified":"2025-03-16T06:41:10","modified_gmt":"2025-03-16T06:41:10","slug":"cubo-de-almacenamiento-de-liquidos-para-bomba-dosificadora-con-escala-15-l-1010165-cm","status":"publish","type":"product","link":"https:\/\/www.myaquastore.com\/es\/producto\/cubo-de-almacenamiento-de-liquidos-para-bomba-dosificadora-con-escala-15-l-1010165-cm\/","title":{"rendered":"Cubo de almacenamiento de l\u00edquidos para bomba dosificadora Con escala, 1,5 L 10*10*16,5 CM"},"content":{"rendered":"<tr>\n<td>\n<div id=\"ds_div\">\n<p><span style=\"color: #0000ff;font-size: large\">Descripci\u00f3n del art\u00edculo:<\/span><\/p>\n<p><span style=\"color: #0000ff\"><br \/><\/span><\/p>\n<div align=\"izquierda\">\n<div><span style=\"font-family: Verdana;font-size: large;color: #0000ff\">1, la superficie del cuerpo del barril grabada con la escama del pez es m\u00e1s f\u00e1cil de agregar l\u00edquido para observar el rastro de la situaci\u00f3n.<\/p>\n<p>2, tama\u00f1o: 10 * 10 * 16,5 cm<\/p>\n<p>3, capacidad: 1,5 litros<\/span><\/div>\n<div><span style=\"font-family: Verdana;font-size: large;color: #0000ff\"><br \/>4, material acr\u00edlico transparente de 4 mm, cubierta de actividades, con 2 conectores r\u00e1pidos, tubo fino acr\u00edlico transparente incorporado, el general<\/span><\/div><\/div><\/div>\n<\/td>\n<\/tr>\n<\/tbody>\n","protected":false},"excerpt":{"rendered":"<p>f\u00e1cil uso e instalaci\u00f3n<\/p>\n","protected":false},"featured_media":1676,"comment_status":"open","ping_status":"closed","template":"","meta":[],"product_brand":[],"product_cat":[1052],"product_tag":[],"class_list":{"0":"post-27580","1":"product","2":"type-product","3":"status-publish","4":"has-post-thumbnail","6":"product_cat-bomba-dosificadora-y-accesorio","8":"first","9":"instock","10":"shipping-taxable","11":"purchasable","12":"product-type-simple"},"_links":{"self":[{"href":"https:\/\/www.myaquastore.com\/es\/wp-json\/wp\/v2\/product\/27580","targetHints":{"allow":["GET"]}}],"collection":[{"href":"https:\/\/www.myaquastore.com\/es\/wp-json\/wp\/v2\/product"}],"about":[{"href":"https:\/\/www.myaquastore.com\/es\/wp-json\/wp\/v2\/types\/product"}],"replies":[{"embeddable":true,"href":"https:\/\/www.myaquastore.com\/es\/wp-json\/wp\/v2\/comments?post=27580"}],"wp:featuredmedia":[{"embeddable":true,"href":"https:\/\/www.myaquastore.com\/es\/wp-json\/wp\/v2\/media\/1676"}],"wp:attachment":[{"href":"https:\/\/www.myaquastore.com\/es\/wp-json\/wp\/v2\/media?parent=27580"}],"wp:term":[{"taxonomy":"product_brand","embeddable":true,"href":"https:\/\/www.myaquastore.com\/es\/wp-json\/wp\/v2\/product_brand?post=27580"},{"taxonomy":"product_cat","embeddable":true,"href":"https:\/\/www.myaquastore.com\/es\/wp-json\/wp\/v2\/product_cat?post=27580"},{"taxonomy":"product_tag","embeddable":true,"href":"https:\/\/www.myaquastore.com\/es\/wp-json\/wp\/v2\/product_tag?post=27580"}],"curies":[{"name":"wp","href":"https:\/\/api.w.org\/{rel}","templated":true}]}}