{"id":27583,"date":"2014-09-12T12:27:07","date_gmt":"2014-09-12T12:27:07","guid":{"rendered":"https:\/\/www.myaquastore.com\/product\/jebao-inalambrico-rw-8-wave-maker-powerhead-wp-acuario-de-arrecife\/"},"modified":"2025-03-16T06:41:12","modified_gmt":"2025-03-16T06:41:12","slug":"jebao-inalambrico-rw-8-wave-maker-powerhead-wp-acuario-de-arrecife","status":"publish","type":"product","link":"https:\/\/www.myaquastore.com\/es\/producto\/jebao-inalambrico-rw-8-wave-maker-powerhead-wp-acuario-de-arrecife\/","title":{"rendered":"JEBAO INAL\u00c1MBRICO RW-8 WAVE MAKER POWERHEAD WP ACUARIO DE ARRECIFE"},"content":{"rendered":"<div>\n<p><span style=\"color: #0000ff;font-size: large\"><strong>Funci\u00f3n (Jebao RW8 Wireless WaveMaker)<\/strong><\/span><\/p>\n<ul>\n<li><span style=\"color: #0000ff;font-size: large\"><strong>8 caudales diferentes (700 &#8211; 8000 litros)<\/strong><\/span><\/li>\n<\/ul>\n<ul>\n<li><span style=\"color: #0000ff;font-size: large\"><strong>S\u00faper silencioso. <\/strong><\/span><\/li>\n<li><span style=\"color: #0000ff;font-size: large\"><strong>Controlador inal\u00e1mbrico para conectar la bomba maestra\/esclava<\/strong><\/span><\/li>\n<li><span style=\"color: #0000ff;font-size: large\"><strong>Puede funcionar de forma independiente en una bomba o de forma inal\u00e1mbrica<\/strong><\/span><\/li>\n<li><span style=\"color: #0000ff;font-size: large\"><strong>F\u00e1cil instalaci\u00f3n y mantenimiento.<\/strong><\/span><\/li>\n<li><span style=\"color: #0000ff;font-size: large\"><strong>Soporte magn\u00e9tico<\/strong><\/span><\/li>\n<li><span style=\"color: #0000ff;font-size: large\"><strong>Sensor nocturno: detecta autom\u00e1ticamente cuando las luces del tanque se apagan y ralentiza la bomba.<\/strong><\/span><\/li>\n<li><span style=\"color: #0000ff;font-size: large\"><strong>Modo de alimentaci\u00f3n con un solo toque: ralentiza la bomba durante un per\u00edodo de 10 minutos.<\/strong><\/span><\/li>\n<li><span style=\"color: #0000ff;font-size: large\"><strong>Alto rendimiento, potente, flujo de agua combinado con bajo consumo de energ\u00eda.<\/strong><\/span><\/li>\n<li><span style=\"color: #0000ff;font-size: large\"><strong>Eje de cer\u00e1mica para una larga vida \u00fatil y durabilidad<\/strong><\/span><\/li>\n<li><span style=\"color: #0000ff;font-size: large\"><strong>Sistema de control inteligente para generar varios patrones de ondas que se adaptan a su tanque.<\/strong><\/span><\/li>\n<li><span style=\"color: #0000ff;font-size: large\"><strong>Cable extralargo para una f\u00e1cil y c\u00f3moda colocaci\u00f3n, incluso en tanques m\u00e1s grandes.<\/strong><\/span><\/li>\n<li><span style=\"color: #0000ff;font-size: large\"><strong>Fuente de alimentaci\u00f3n de bajo voltaje, segura y confiable. Apto para agua dulce y salada<\/strong><\/span><\/li>\n<\/ul>\n<div><span style=\"color: #0000ff\"><strong><br \/><\/strong><\/span><\/div>\n<div><span style=\"color: #0000ff\"><strong><br \/><\/strong><\/span><\/div>\n<p><span style=\"color: #0000ff;font-size: large\"><strong>Modo Onda:<\/strong><\/span><\/p>\n<\/p><\/div>\n<div><span style=\"color: #0000ff;font-size: large\"><strong><br \/><\/strong><strong><span lang=\"EN-US\" xml:lang=\"EN-US\">W1<\/span><\/strong><strong><span lang=\"ZH-CN\" xml:lang=\"ZH-CN\">\uff1a<\/span><\/strong><strong><span lang=\"EN-US\" xml:lang=\"EN-US\">Wave Modo<\/span><\/strong><strong><\/strong><\/span><\/div>\n<div>\n<p align=\"left\"><span style=\"color: #0000ff\" lang=\"EN-US\" xml:lang=\"EN-US\">Es necesario controlar la perilla cuando se opera este modo para ajustar los patrones de onda entre una o m\u00e1s bombas al mismo tiempo. Como el volumen de agua en el tanque es diferente de la capacidad del tanque, es necesario ajustar el per\u00edodo de onda cambiando la perilla. La ola es m\u00e1s grande cuando la longitud de la ola es igual a la longitud del tanque; Aumente la longitud de onda girando la perilla en el sentido de las agujas del reloj y red\u00fazcala en el sentido contrario.<\/span><\/p>\n<p align=\"left\"><span style=\"color: #0000ff;font-size: large\"><strong><span lang=\"EN-US\" xml:lang=\"EN-US\">Consejos:<\/span><\/strong><span lang=\"EN-US\" xml:lang=\"EN-US\"> Debe cambiar la perilla gradualmente y notar el patr\u00f3n de onda en un per\u00edodo determinado despu\u00e9s de cada ajuste. Presione<\/span><span lang=\"EN-US\" xml:lang=\"EN-US\">\u201cSPEED\/FEED\u201d para ajustar el caudal.<\/span><\/span><\/p>\n<p align=\"left\"><span style=\"color: #0000ff;font-size: grande\"> <\/span><\/p>\n<p align=\"left\"><span style=\"color: #0000ff;font-size: large\"><strong><span lang=\"EN-US\" xml:lang=\"EN-US\">W2<\/span><\/strong><strong><span lang=\"ZH-CN\" xml:lang=\"ZH-CN\">\uff1a<\/span><\/strong><strong><span lang=\"EN-US\" xml:lang=\"EN-US\"> Sine Modo<\/span><\/strong><strong><\/strong><\/span><\/p>\n<p align=\"left\"><span style=\"color: #0000ff;font-size: large\"><span lang=\"EN-US\" xml:lang=\"EN-US\">Una o m\u00e1s bombas pueden funcionar al mismo tiempo en este modo. La potencia var\u00eda entre <\/span><span lang=\"EN-US\" xml:lang=\"EN-US\">30%-100% y la regulaci\u00f3n parece una curva sinusoidal.<\/span><\/span><\/p>\n<p align=\"left\"><span style=\"color: #0000ff;font-size: grande\"> <\/span><\/p>\n<p align=\"left\"><span style=\"color: #0000ff;font-size: large\"><strong><span lang=\"EN-US\" xml:lang=\"EN-US\">Else<\/span><\/strong><strong><span lang=\"ZH-CN\" xml:lang=\"ZH-CN\">\uff1a<\/span><\/strong><strong><span lang=\"EN-US\" xml:lang=\"EN-US\"> Aleatorio Modo<\/span><\/strong><strong><\/strong><\/span><\/p>\n<p align=\"left\"><span style=\"color: #0000ff\" lang=\"EN-US\" xml:lang=\"EN-US\">Una o m\u00e1s bombas pueden funcionar al mismo tiempo. Es un modo aleatorio ya que la potencia de la bomba cambia a datos aleatorios todo el tiempo sin regulaci\u00f3n.<\/span><\/p>\n<p align=\"left\"><span style=\"color: #0000ff;font-size: grande\"> <\/span><\/p>\n<p align=\"left\"><span style=\"color: #0000ff;font-size: large\"><span lang=\"EN-US\" xml:lang=\"EN-US\"><strong>H<\/strong><\/span><strong><span lang=\"ZH-CN\" xml:lang=\"ZH-CN\">\uff1a<\/span><\/strong><strong><span lang=\"EN-US\" xml:lang=\"EN-US\">Flujo Modo<\/span><\/strong><strong><\/strong><\/span><\/p>\n<p align=\"left\"><span style=\"color: #0000ff;font-size: large\"><span lang=\"EN-US\" xml:lang=\"EN-US\">Una o m\u00e1s bombas pueden funcionar al mismo tiempo. En flujo constante. El caudal se puede ajustar mediante <\/span><span lang=\"EN-US\" xml:lang=\"EN-US\">\u201cSPEED\/FEED\u201d<\/span><\/span><\/p>\n<p align=\"left\"><span style=\"color: #0000ff;font-size: grande\"> <\/span><\/p>\n<p> <span style=\"color: #0000ff;font-size: large\"><span lang=\"EN-US\" xml:lang=\"EN-US\"><strong>C<\/strong><\/span><strong><span lang=\"ZH-CN\" xml:lang=\"ZH-CN\">\uff1a<\/span><\/strong><strong><span lang=\"EN-US\" xml:lang=\"EN-US\"> Cambiar al modo de flujo<\/span><\/strong><\/span><\/p>\n<p align=\"left\"><span style=\"color: #0000ff;font-size: large\"><span lang=\"EN-US\" xml:lang=\"EN-US\">Se necesitan dos bombas para funcionar al mismo tiempo, cuando cambian de onda y fluyen en ciclos. P1 trabajo, P2 parada; P2 trabajo, P1 parada; P1 trabajo, P2 parada. y ciclos como este. Per\u00edodo del ciclo <\/span><span lang=\"ZH-CN\" xml:lang=\"ZH-CN\">\uff08<\/span><span lang=\"EN-US\" xml:lang=\"EN-US\">1s-1min<\/span><span lang=\"ZH-CN\" xml:lang=\"ZH-CN\">\uff09<\/span><span lang=\"EN-US\" xml:lang=\"EN-US\">se puede ajustar cambiando la perilla y ajustando el flujo velocidad presionando <\/span><span lang=\"EN-US\" xml:lang=\"EN-US\">SPEED\/FEED<\/span><\/span><\/p>\n<\/p><\/div>\n<div><span style=\"color: #0000ff\"><strong><br \/><\/strong><\/span><\/div>\n<div><span style=\"color: #0000ff;font-size: large\"><strong>Especificaci\u00f3n<\/strong><\/span><\/div>\n<div>\n<ul>\n<li><span style=\"color: #0000ff;font-size: grande\"><strong>Tama\u00f1o: 9,5 x 7 x 5,5 cm<\/strong><\/span><\/li>\n<li><span style=\"color: #0000ff;font-size: large\"><strong>Alimentaci\u00f3n 110 V a 240 50\/60 Hz 8 W a 23 W<\/strong><\/span><\/li>\n<\/ul><\/div>\n","protected":false},"excerpt":{"rendered":"<p>f\u00e1cil instalaci\u00f3n y configuraci\u00f3n<br \/>\n Puede trabajar con 7 bombas esclavas juntas<\/p>\n","protected":false},"featured_media":1695,"comment_status":"open","ping_status":"closed","template":"","meta":[],"product_brand":[],"product_cat":[1167],"product_tag":[],"class_list":{"0":"post-27583","1":"product","2":"type-product","3":"status-publish","4":"has-post-thumbnail","6":"product_cat-hacedores-de-olas","8":"first","9":"instock","10":"shipping-taxable","11":"purchasable","12":"product-type-simple"},"_links":{"self":[{"href":"https:\/\/www.myaquastore.com\/es\/wp-json\/wp\/v2\/product\/27583","targetHints":{"allow":["GET"]}}],"collection":[{"href":"https:\/\/www.myaquastore.com\/es\/wp-json\/wp\/v2\/product"}],"about":[{"href":"https:\/\/www.myaquastore.com\/es\/wp-json\/wp\/v2\/types\/product"}],"replies":[{"embeddable":true,"href":"https:\/\/www.myaquastore.com\/es\/wp-json\/wp\/v2\/comments?post=27583"}],"wp:featuredmedia":[{"embeddable":true,"href":"https:\/\/www.myaquastore.com\/es\/wp-json\/wp\/v2\/media\/1695"}],"wp:attachment":[{"href":"https:\/\/www.myaquastore.com\/es\/wp-json\/wp\/v2\/media?parent=27583"}],"wp:term":[{"taxonomy":"product_brand","embeddable":true,"href":"https:\/\/www.myaquastore.com\/es\/wp-json\/wp\/v2\/product_brand?post=27583"},{"taxonomy":"product_cat","embeddable":true,"href":"https:\/\/www.myaquastore.com\/es\/wp-json\/wp\/v2\/product_cat?post=27583"},{"taxonomy":"product_tag","embeddable":true,"href":"https:\/\/www.myaquastore.com\/es\/wp-json\/wp\/v2\/product_tag?post=27583"}],"curies":[{"name":"wp","href":"https:\/\/api.w.org\/{rel}","templated":true}]}}