{"id":27599,"date":"2014-08-27T14:51:03","date_gmt":"2014-08-27T14:51:03","guid":{"rendered":"https:\/\/www.myaquastore.com\/product\/bomba-dosificadora-jebao-dp-4-extendida-a-8-canales-calibracion-programable\/"},"modified":"2025-03-16T06:41:19","modified_gmt":"2025-03-16T06:41:19","slug":"bomba-dosificadora-jebao-dp-4-extendida-a-8-canales-calibracion-programable","status":"publish","type":"product","link":"https:\/\/www.myaquastore.com\/es\/producto\/bomba-dosificadora-jebao-dp-4-extendida-a-8-canales-calibracion-programable\/","title":{"rendered":"BOMBA DOSIFICADORA JEBAO DP-4, extendida a 8 canales, calibraci\u00f3n programable"},"content":{"rendered":"<h2>Descripci\u00f3n del producto<\/h2>\n<p>La DP-4 es una bomba dosificadora nueva y asequible con 4 cabezales dosificadores. Puede programar cada bomba para que se encienda hasta 24 veces al d\u00eda y dispense una cantidad precisa de soluci\u00f3n, lo que permite al usuario mantener estables los par\u00e1metros de su tanque y elimina la necesidad de mezclar suplementos diariamente.<\/p>\n<p>El controlador es f\u00e1cil de usar y avanzado, y cada bomba se puede programar individualmente. El DP-4 es perfecto para cualquier tanque, ya que permite dosificar en incrementos tanto grandes como peque\u00f1os.<\/p>\n<p>El DP-4 viene con una fuente de alimentaci\u00f3n y es plug and play despu\u00e9s de calibrarlo con una probeta graduada de 100 ml o una taza medidora (no incluida). Cada bomba tiene una garant\u00eda de 6 meses que cubre el reemplazo de cualquier pieza que falle debido a errores de fabricaci\u00f3n.<\/p>\n<div><strong>Caracter\u00edstica<\/strong><\/div>\n<div>\n<ul>\n<li><span style=\"font-family: arial;font-size: small\"><strong>Marca Jebao para bomba dosificadora de 4 canales<\/strong><\/span><\/li>\n<li><span style=\"font-family: arial;font-size: small\"><strong>Cada canal proporciona de 1 a 9999 ml por d\u00eda<\/strong><\/span><\/li>\n<li><span style=\"font-family: arial;font-size: small\"><strong>Cada canal puede programarse 24 temporizadores por d\u00eda<\/strong><\/span><\/li>\n<li><span style=\"font-family: arial;font-size: small\"><strong>Puede intervalorse la dosificaci\u00f3n en 30 d\u00edas<\/strong><\/span><\/li>\n<li><span style=\"font-family: arial;font-size: small\"><strong>F\u00e1cil Establecer diferentes tiempos de la bomba dosificadora <\/strong><\/span><\/li>\n<li><strong><span style=\"font-family: Arial;font-size: small\">Idea para dosificar CA\/MG\/AB \u200b\u200bagua u otro l\u00edquido+<\/span><\/strong><\/li>\n<\/ul>\n<div><strong>Especificaci\u00f3n<\/strong><\/div>\n<div><strong><br \/><\/strong><\/div>\n<div>\n<ul>\n<ul>\n<li><strong>Tama\u00f1o 23,5 x 15 x 6,5 cm<\/strong><\/li>\n<li><strong>Alimentaci\u00f3n 110V a 240V 50\/60Hz<\/strong><\/li>\n<\/ul>\n<\/ul><\/div><\/div>\n","protected":false},"excerpt":{"rendered":"<p>La Bomba Dosificadora DP-4 es la soluci\u00f3n para dosificar suplementos en cualquier tanque de arrecife. Es f\u00e1cil de usar e incre\u00edblemente preciso.<\/p>\n","protected":false},"featured_media":1836,"comment_status":"open","ping_status":"closed","template":"","meta":[],"product_brand":[],"product_cat":[1052],"product_tag":[],"class_list":{"0":"post-27599","1":"product","2":"type-product","3":"status-publish","4":"has-post-thumbnail","6":"product_cat-bomba-dosificadora-y-accesorio","8":"first","9":"instock","10":"shipping-taxable","11":"purchasable","12":"product-type-simple"},"_links":{"self":[{"href":"https:\/\/www.myaquastore.com\/es\/wp-json\/wp\/v2\/product\/27599","targetHints":{"allow":["GET"]}}],"collection":[{"href":"https:\/\/www.myaquastore.com\/es\/wp-json\/wp\/v2\/product"}],"about":[{"href":"https:\/\/www.myaquastore.com\/es\/wp-json\/wp\/v2\/types\/product"}],"replies":[{"embeddable":true,"href":"https:\/\/www.myaquastore.com\/es\/wp-json\/wp\/v2\/comments?post=27599"}],"wp:featuredmedia":[{"embeddable":true,"href":"https:\/\/www.myaquastore.com\/es\/wp-json\/wp\/v2\/media\/1836"}],"wp:attachment":[{"href":"https:\/\/www.myaquastore.com\/es\/wp-json\/wp\/v2\/media?parent=27599"}],"wp:term":[{"taxonomy":"product_brand","embeddable":true,"href":"https:\/\/www.myaquastore.com\/es\/wp-json\/wp\/v2\/product_brand?post=27599"},{"taxonomy":"product_cat","embeddable":true,"href":"https:\/\/www.myaquastore.com\/es\/wp-json\/wp\/v2\/product_cat?post=27599"},{"taxonomy":"product_tag","embeddable":true,"href":"https:\/\/www.myaquastore.com\/es\/wp-json\/wp\/v2\/product_tag?post=27599"}],"curies":[{"name":"wp","href":"https:\/\/api.w.org\/{rel}","templated":true}]}}