{"id":27600,"date":"2014-08-27T15:31:44","date_gmt":"2014-08-27T15:31:44","guid":{"rendered":"https:\/\/www.myaquastore.com\/product\/evo-clip-3w-acuario-luz-led-flex-abrazadera-nano-peces-marinos-coral-6x-3-watts\/"},"modified":"2025-03-16T06:41:19","modified_gmt":"2025-03-16T06:41:19","slug":"evo-clip-3w-acuario-luz-led-flex-abrazadera-nano-peces-marinos-coral-6x-3-watts","status":"publish","type":"product","link":"https:\/\/www.myaquastore.com\/es\/producto\/evo-clip-3w-acuario-luz-led-flex-abrazadera-nano-peces-marinos-coral-6x-3-watts\/","title":{"rendered":"EVO Clip 3W Acuario Luz LED Flex Abrazadera Nano Peces Marinos Coral 6x 3 Watts"},"content":{"rendered":"<div>L\u00e1mpara LED EVO Clip de 3 W<\/div>\n<div>La luminaria LED marina EVO Clip 3W proporciona una luminaria de alta calidad y de bajo consumo que brilla a trav\u00e9s del agua. Utilice tanto el LED blanco de 10000 K como el LED Actinic Blue de 460 nm durante el d\u00eda y solo el LED Actinic de 460 nm durante la noche. El EVO Clip 3W es un dispositivo de iluminaci\u00f3n elegante y contempor\u00e1neo que har\u00e1 que cualquier otra luz de acuario parezca apagada. LED de larga duraci\u00f3n que no requieren reemplazo de bombilla.<\/div>\n<div> <\/div>\n<div>Iluminaci\u00f3n para acuarios marinos y de agua dulce de gran eficiencia energ\u00e9tica. No es necesario reemplazar la bombilla.<\/div>\n<div>Caracter\u00edsticas:<\/div>\n<div>\n<ul>\n<li>Dimensiones: 10,75\u201d x 5,00\u201d x 1,00\u201d<\/li>\n<li>Incluye 6 LED<\/li>\n<li>LED de 3 vatios<\/li>\n<li>800 l\u00famenes<\/li>\n<li>4 LED de 10000 K<\/li>\n<li>2 LED act\u00ednicos de 460 nm<\/li>\n<li>Dise\u00f1o de iluminaci\u00f3n estilizado y contempor\u00e1neo<\/li>\n<li>Funci\u00f3n de encendido\/apagado de 2 modos para uso diurno y nocturno<\/li>\n<li>El modo 1 enciende todos los LED<\/li>\n<li>El modo 2 enciende solo los LED act\u00ednicos<\/li>\n<li>Soporte con tornillos de apriete<\/li>\n<li>Grosor m\u00e1ximo de 0,25&#8243; (solo sin montura)<\/li>\n<li>Carcasa de aluminio con recubrimiento en polvo no corrosivo<\/li>\n<li>110V &#8211; 220V<\/li>\n<\/ul><\/div>\n<div>El listado incluye:<\/div>\n<div>\n<ul>\n<li>1x Clip EVO 3W<\/li>\n<li>1x fuente de alimentaci\u00f3n<\/li>\n<\/ul><\/div>\n","protected":false},"excerpt":{"rendered":"<p>La luminaria LED marina EVO Clip de 3 W proporciona una luminaria de alta calidad y de bajo consumo que brilla en el agua. Utilice tanto el LED blanco de 10000 K como el LED Actinic Blue de 460 nm durante el d\u00eda y solo el LED Actinic de 460 nm durante la noche. El EVO Clip 3W es un dispositivo de iluminaci\u00f3n elegante y contempor\u00e1neo que har\u00e1 que cualquier otra luz de acuario parezca apagada. LED de larga duraci\u00f3n sin necesidad de reemplazar la bombilla.<\/p>\n","protected":false},"featured_media":1840,"comment_status":"open","ping_status":"closed","template":"","meta":[],"product_brand":[],"product_cat":[1175],"product_tag":[],"class_list":{"0":"post-27600","1":"product","2":"type-product","3":"status-publish","4":"has-post-thumbnail","6":"product_cat-sistemas-led","8":"first","9":"instock","10":"shipping-taxable","11":"purchasable","12":"product-type-simple"},"_links":{"self":[{"href":"https:\/\/www.myaquastore.com\/es\/wp-json\/wp\/v2\/product\/27600","targetHints":{"allow":["GET"]}}],"collection":[{"href":"https:\/\/www.myaquastore.com\/es\/wp-json\/wp\/v2\/product"}],"about":[{"href":"https:\/\/www.myaquastore.com\/es\/wp-json\/wp\/v2\/types\/product"}],"replies":[{"embeddable":true,"href":"https:\/\/www.myaquastore.com\/es\/wp-json\/wp\/v2\/comments?post=27600"}],"wp:featuredmedia":[{"embeddable":true,"href":"https:\/\/www.myaquastore.com\/es\/wp-json\/wp\/v2\/media\/1840"}],"wp:attachment":[{"href":"https:\/\/www.myaquastore.com\/es\/wp-json\/wp\/v2\/media?parent=27600"}],"wp:term":[{"taxonomy":"product_brand","embeddable":true,"href":"https:\/\/www.myaquastore.com\/es\/wp-json\/wp\/v2\/product_brand?post=27600"},{"taxonomy":"product_cat","embeddable":true,"href":"https:\/\/www.myaquastore.com\/es\/wp-json\/wp\/v2\/product_cat?post=27600"},{"taxonomy":"product_tag","embeddable":true,"href":"https:\/\/www.myaquastore.com\/es\/wp-json\/wp\/v2\/product_tag?post=27600"}],"curies":[{"name":"wp","href":"https:\/\/api.w.org\/{rel}","templated":true}]}}