{"id":27601,"date":"2014-08-27T15:52:54","date_gmt":"2014-08-27T15:52:54","guid":{"rendered":"https:\/\/www.myaquastore.com\/product\/evo-12-led-luz-de-acuario-nano-marine-coral-reef-cichlid-6x-3w-3-watt-30-40-cm\/"},"modified":"2025-03-16T06:41:20","modified_gmt":"2025-03-16T06:41:20","slug":"evo-12-led-luz-de-acuario-nano-marine-coral-reef-cichlid-6x-3w-3-watt-30-40-cm","status":"publish","type":"product","link":"https:\/\/www.myaquastore.com\/es\/producto\/evo-12-led-luz-de-acuario-nano-marine-coral-reef-cichlid-6x-3w-3-watt-30-40-cm\/","title":{"rendered":"EVO 12&#8243; LED Luz de acuario Nano Marine Coral Reef Cichlid 6x 3W 3 Watt 30-40 cm"},"content":{"rendered":"<div>LED EVO de 12&#8243; y 3W<\/div>\n<div>La luminaria LED Ultra Marine EVO 3W proporciona una luminaria de alta calidad y de bajo consumo que brilla a trav\u00e9s del agua. Utilice el LED blanco de 10000 K durante el d\u00eda y el LED azul act\u00ednico de 460 nm durante la noche. La EVO LED es una l\u00e1mpara elegante y contempor\u00e1nea que har\u00e1 que cualquier otra luz de acuario parezca aburrida. LED de larga duraci\u00f3n que no requieren reemplazo de bombilla.<\/div>\n<div>Soportes extensibles: 12&#8243;-14&#8243; (30 cm &#8211; 35 cm).<\/div>\n<div>Iluminaci\u00f3n para acuarios marinos y de agua dulce de gran eficiencia energ\u00e9tica. No es necesario reemplazar la bombilla.<\/div>\n<div>Caracter\u00edsticas:<\/div>\n<div>\n<ul>\n<li>Dimensiones: 11,00\u201d x 5,00\u201d x 1,00\u201d<\/li>\n<li>Los soportes a\u00f1aden 0,65&#8243; de altura<\/li>\n<li>Incluye 6 LED<\/li>\n<li>LED de 3 vatios<\/li>\n<li>800 l\u00famenes<\/li>\n<li>4 LED de 10000 K<\/li>\n<li>2 LED act\u00ednicos de 460 nm<\/li>\n<li>Dise\u00f1o de iluminaci\u00f3n estilizado y contempor\u00e1neo<\/li>\n<li>Funci\u00f3n de encendido\/apagado de 2 modos para uso diurno y nocturno<\/li>\n<li>El modo 1 enciende todos los LED<\/li>\n<li>El modo 2 enciende solo los LED act\u00ednicos<\/li>\n<li>Soporte extensible: extensi\u00f3n m\u00e1xima de 12&#8243; a 14&#8243;<\/li>\n<li>Soporte extensible: 30 cm &#8211; extensi\u00f3n m\u00e1xima de 35 cm<\/li>\n<li>110V &#8211; 220V<\/li>\n<\/ul><\/div>\n<div>El listado incluye:<\/div>\n<div>\n<ul>\n<li>1x 12&#8243; 3W l\u00e1mpara LED<\/li>\n<li>1x fuente de alimentaci\u00f3n<\/li>\n<\/ul><\/div>\n","protected":false},"excerpt":{"rendered":"<p>La luminaria LED EVO 3W Ultra Marine proporciona una luminaria de alta calidad y de bajo consumo que brilla en el agua. Utilice el LED blanco de 10000 K durante el d\u00eda y el LED azul act\u00ednico de 460 nm durante la noche. La EVO LED es una l\u00e1mpara elegante y contempor\u00e1nea que har\u00e1 que cualquier otra luz de acuario parezca aburrida. LED de larga duraci\u00f3n sin necesidad de reemplazar la bombilla.<br \/>\n Soportes extensibles &#8211; 12&#8243;-14&#8243; (30cm &#8211; 35cm).<br \/>\n Iluminaci\u00f3n para acuarios marinos y de agua dulce de gran eficiencia energ\u00e9tica. No es necesario reemplazar la bombilla.<\/p>\n","protected":false},"featured_media":1845,"comment_status":"open","ping_status":"closed","template":"","meta":[],"product_brand":[],"product_cat":[1175],"product_tag":[],"class_list":{"0":"post-27601","1":"product","2":"type-product","3":"status-publish","4":"has-post-thumbnail","6":"product_cat-sistemas-led","8":"first","9":"instock","10":"shipping-taxable","11":"purchasable","12":"product-type-simple"},"_links":{"self":[{"href":"https:\/\/www.myaquastore.com\/es\/wp-json\/wp\/v2\/product\/27601","targetHints":{"allow":["GET"]}}],"collection":[{"href":"https:\/\/www.myaquastore.com\/es\/wp-json\/wp\/v2\/product"}],"about":[{"href":"https:\/\/www.myaquastore.com\/es\/wp-json\/wp\/v2\/types\/product"}],"replies":[{"embeddable":true,"href":"https:\/\/www.myaquastore.com\/es\/wp-json\/wp\/v2\/comments?post=27601"}],"wp:featuredmedia":[{"embeddable":true,"href":"https:\/\/www.myaquastore.com\/es\/wp-json\/wp\/v2\/media\/1845"}],"wp:attachment":[{"href":"https:\/\/www.myaquastore.com\/es\/wp-json\/wp\/v2\/media?parent=27601"}],"wp:term":[{"taxonomy":"product_brand","embeddable":true,"href":"https:\/\/www.myaquastore.com\/es\/wp-json\/wp\/v2\/product_brand?post=27601"},{"taxonomy":"product_cat","embeddable":true,"href":"https:\/\/www.myaquastore.com\/es\/wp-json\/wp\/v2\/product_cat?post=27601"},{"taxonomy":"product_tag","embeddable":true,"href":"https:\/\/www.myaquastore.com\/es\/wp-json\/wp\/v2\/product_tag?post=27601"}],"curies":[{"name":"wp","href":"https:\/\/api.w.org\/{rel}","templated":true}]}}