{"id":27605,"date":"2014-08-27T16:27:51","date_gmt":"2014-08-27T16:27:51","guid":{"rendered":"https:\/\/www.myaquastore.com\/product\/evo-48-led-luz-de-acuario-arrecife-de-coral-ciclidos-de-agua-salada-32x-3w-3-watts-120-cm\/"},"modified":"2025-03-16T06:41:21","modified_gmt":"2025-03-16T06:41:21","slug":"evo-48-led-luz-de-acuario-arrecife-de-coral-ciclidos-de-agua-salada-32x-3w-3-watts-120-cm","status":"publish","type":"product","link":"https:\/\/www.myaquastore.com\/es\/producto\/evo-48-led-luz-de-acuario-arrecife-de-coral-ciclidos-de-agua-salada-32x-3w-3-watts-120-cm\/","title":{"rendered":"EVO 48&#8243; LED Luz de Acuario Arrecife de Coral C\u00edclidos de Agua Salada 32x 3W 3 Watts 120 cm"},"content":{"rendered":"<div>La luminaria LED marina EVO 3W proporciona una luminaria de alta calidad y de bajo consumo que brilla a trav\u00e9s del agua. Utilice el LED blanco de 10000 K durante el d\u00eda y el LED azul act\u00ednico de 460 nm durante la noche. La EVO LED es una l\u00e1mpara elegante y contempor\u00e1nea que har\u00e1 que cualquier otra luz de acuario parezca aburrida. LED de larga duraci\u00f3n que no requieren reemplazo de bombilla.<\/div>\n<div>Soportes extensibles: 48&#8243;-52&#8243; (120 &#8211; 132 cm)<\/div>\n<div>Iluminaci\u00f3n para acuarios marinos y de agua dulce de gran eficiencia energ\u00e9tica. No es necesario reemplazar la bombilla.<\/div>\n<div>Caracter\u00edsticas:<\/div>\n<div>\n<ul>\n<li>Dimensiones: 47,75\u201d x 5,00\u201d x 1,00\u201d<\/li>\n<li>Los soportes a\u00f1aden 0,65&#8243; de altura<\/li>\n<li>Incluye 32 LED<\/li>\n<li>4320 l\u00famenes<\/li>\n<li>LED de 3 W<\/li>\n<li>24 LED de 10000 K<\/li>\n<li>8 LED act\u00ednicos de 460 nm<\/li>\n<li>Dise\u00f1o de iluminaci\u00f3n estilizado y contempor\u00e1neo<\/li>\n<li>Funci\u00f3n de encendido\/apagado de 2 modos para uso diurno y nocturno<\/li>\n<li>El modo 1 enciende todos los LED<\/li>\n<li>El modo 2 enciende solo los LED act\u00ednicos<\/li>\n<li>Soporte extensible: extensi\u00f3n m\u00e1xima de 48&#8243;-52&#8243;<\/li>\n<li>110V &#8211; 220V<\/li>\n<\/ul><\/div>\n<div>El listado incluye:<\/div>\n<div>\n<ul>\n<li>1x 48&#8243; 3W l\u00e1mpara LED<\/li>\n<li>1 fuente de alimentaci\u00f3n (enchufe de alimentaci\u00f3n de Norteam\u00e9rica)<\/li>\n<\/ul><\/div>\n","protected":false},"excerpt":{"rendered":"<div>La luminaria LED marina EVO 3W proporciona una luminaria de alta calidad y de bajo consumo que brilla a trav\u00e9s del agua. Utilice el LED blanco de 10000 K durante el d\u00eda y el LED azul act\u00ednico de 460 nm durante la noche. La EVO LED es una l\u00e1mpara elegante y contempor\u00e1nea que har\u00e1 que cualquier otra luz de acuario parezca aburrida. LED de larga duraci\u00f3n que no requieren reemplazo de bombilla.<\/div>\n<div>Soportes extensibles: 48&#8243;-52&#8243; (120 &#8211; 132 cm)<\/div>\n<div>Iluminaci\u00f3n para acuarios marinos y de agua dulce de gran eficiencia energ\u00e9tica. No es necesario reemplazar la bombilla.<\/div>\n","protected":false},"featured_media":1862,"comment_status":"open","ping_status":"closed","template":"","meta":[],"product_brand":[],"product_cat":[1175],"product_tag":[],"class_list":{"0":"post-27605","1":"product","2":"type-product","3":"status-publish","4":"has-post-thumbnail","6":"product_cat-sistemas-led","8":"first","9":"instock","10":"shipping-taxable","11":"purchasable","12":"product-type-simple"},"_links":{"self":[{"href":"https:\/\/www.myaquastore.com\/es\/wp-json\/wp\/v2\/product\/27605","targetHints":{"allow":["GET"]}}],"collection":[{"href":"https:\/\/www.myaquastore.com\/es\/wp-json\/wp\/v2\/product"}],"about":[{"href":"https:\/\/www.myaquastore.com\/es\/wp-json\/wp\/v2\/types\/product"}],"replies":[{"embeddable":true,"href":"https:\/\/www.myaquastore.com\/es\/wp-json\/wp\/v2\/comments?post=27605"}],"wp:featuredmedia":[{"embeddable":true,"href":"https:\/\/www.myaquastore.com\/es\/wp-json\/wp\/v2\/media\/1862"}],"wp:attachment":[{"href":"https:\/\/www.myaquastore.com\/es\/wp-json\/wp\/v2\/media?parent=27605"}],"wp:term":[{"taxonomy":"product_brand","embeddable":true,"href":"https:\/\/www.myaquastore.com\/es\/wp-json\/wp\/v2\/product_brand?post=27605"},{"taxonomy":"product_cat","embeddable":true,"href":"https:\/\/www.myaquastore.com\/es\/wp-json\/wp\/v2\/product_cat?post=27605"},{"taxonomy":"product_tag","embeddable":true,"href":"https:\/\/www.myaquastore.com\/es\/wp-json\/wp\/v2\/product_tag?post=27605"}],"curies":[{"name":"wp","href":"https:\/\/api.w.org\/{rel}","templated":true}]}}