{"id":27653,"date":"2016-09-25T22:23:39","date_gmt":"2016-09-25T22:23:39","guid":{"rendered":"https:\/\/www.myaquastore.com\/product\/compresor-de-aire-de-membrana-boyu-dc12v-acq906\/"},"modified":"2025-03-16T06:41:34","modified_gmt":"2025-03-16T06:41:34","slug":"compresor-de-aire-de-membrana-boyu-dc12v-acq906","status":"publish","type":"product","link":"https:\/\/www.myaquastore.com\/es\/producto\/compresor-de-aire-de-membrana-boyu-dc12v-acq906\/","title":{"rendered":"Compresor de aire de membrana BOYU DC12V ACQ906"},"content":{"rendered":"<article class=\"article richtext richtext-detail AE:disable\" id=\"richTextContainer\">\n<div style=\"clear:both\">\n<p align=\"left\"><span style=\"font-family: 'times new roman', times;font-size: 24px\"> Compresor de aire de membrana BOYU DC12V ACQ906<\/span><\/p>\n<p><span style=\"font-family: 'times new roman', times;font-size: 24px\">1.Operado por im\u00e1n permanente, maquinaria electr\u00f3nica de acci\u00f3n directa, eficiente, con bajo consumo de energ\u00eda.<\/span><\/p>\n<p><span style=\"font-family: 'times new roman', times;font-size: 24px\">2.Sin aceite lubricante, aire comprimido puro.<\/span><span style=\"line-height: 36px;font-size: 24px\"> <\/span><\/p>\n<p><span style=\"font-family: 'times new roman', times;font-size: 24px\">3. Bomba de aire de caucho compuesto con alto contenido de pol\u00edmero para una larga vida \u00fatil y confiabilidad, con salida de alta presi\u00f3n.<\/span><\/p>\n<p><span style=\"font-family: 'times new roman', times font-size: 24px\">4.Peque\u00f1o, liviano , port\u00e1til.<\/span><\/p>\n<p><span style=\"font-family: 'times new roman', tiempos;font-size: 24px\">5.El embalaje es de 8 juegos\/caja<\/span><\/p>\n<p><span style=\"font-family: 'times new roman', times;font-size: 24px\">6.el flujo m\u00e1ximo es 120 l\/min<\/span><\/p>\n<p><span style=\"font-family: 'times new roman', times;font-size: 24px\">7. El CBM de la caja entera es 0,045 CBM<\/span><\/p>\n<div style=\"clear:both\"><\/article>\n","protected":false},"excerpt":{"rendered":"<p>Compresor de aire de membrana BOYU DC12V ACQ906<\/p>\n","protected":false},"featured_media":2063,"comment_status":"open","ping_status":"closed","template":"","meta":[],"product_brand":[],"product_cat":[999],"product_tag":[],"class_list":{"0":"post-27653","1":"product","2":"type-product","3":"status-publish","4":"has-post-thumbnail","6":"product_cat-filtros-de-acuario","8":"first","9":"instock","10":"shipping-taxable","11":"purchasable","12":"product-type-simple"},"_links":{"self":[{"href":"https:\/\/www.myaquastore.com\/es\/wp-json\/wp\/v2\/product\/27653","targetHints":{"allow":["GET"]}}],"collection":[{"href":"https:\/\/www.myaquastore.com\/es\/wp-json\/wp\/v2\/product"}],"about":[{"href":"https:\/\/www.myaquastore.com\/es\/wp-json\/wp\/v2\/types\/product"}],"replies":[{"embeddable":true,"href":"https:\/\/www.myaquastore.com\/es\/wp-json\/wp\/v2\/comments?post=27653"}],"wp:featuredmedia":[{"embeddable":true,"href":"https:\/\/www.myaquastore.com\/es\/wp-json\/wp\/v2\/media\/2063"}],"wp:attachment":[{"href":"https:\/\/www.myaquastore.com\/es\/wp-json\/wp\/v2\/media?parent=27653"}],"wp:term":[{"taxonomy":"product_brand","embeddable":true,"href":"https:\/\/www.myaquastore.com\/es\/wp-json\/wp\/v2\/product_brand?post=27653"},{"taxonomy":"product_cat","embeddable":true,"href":"https:\/\/www.myaquastore.com\/es\/wp-json\/wp\/v2\/product_cat?post=27653"},{"taxonomy":"product_tag","embeddable":true,"href":"https:\/\/www.myaquastore.com\/es\/wp-json\/wp\/v2\/product_tag?post=27653"}],"curies":[{"name":"wp","href":"https:\/\/api.w.org\/{rel}","templated":true}]}}