{"id":27655,"date":"2016-09-25T22:23:39","date_gmt":"2016-09-25T22:23:39","guid":{"rendered":"https:\/\/www.myaquastore.com\/product\/bomba-de-agua-adaptativa-de-frecuencia-variable-boyu-spm5000k\/"},"modified":"2025-03-16T06:41:34","modified_gmt":"2025-03-16T06:41:34","slug":"bomba-de-agua-adaptativa-de-frecuencia-variable-boyu-spm5000k","status":"publish","type":"product","link":"https:\/\/www.myaquastore.com\/es\/producto\/bomba-de-agua-adaptativa-de-frecuencia-variable-boyu-spm5000k\/","title":{"rendered":"Bomba de agua adaptativa de frecuencia variable BOYU SPM5000K"},"content":{"rendered":"<article class=\"article richtext richtext-detail AE:disable\" id=\"richTextContainer\">\n<div style=\"clear:both\">\n<p><span style=\"font-family: 'times new roman', times;font-size: 24px\"> BOYU Bomba de agua adaptable de frecuencia variable SPM5000K<\/span><\/p>\n<p><span style=\"font-family: 'times new roman', times\">1. Utilice la \u00faltima tecnolog\u00eda para la conservaci\u00f3n de energ\u00eda.<\/span><\/p>\n<p><span style=\"font-family: 'times new roman', times;font-size: 24px\">2. Compacta, esta bomba tiene un gran caudal, alta elevaci\u00f3n y <\/span><span style=\"line-height: 36px;font-family: 'times new roman', times;font-size: 24px\">resistente a la corrosi\u00f3n.<\/span><\/p>\n<p><span style=\"font-family: 'times new roman', times;font-size: 24px\">3. Dise\u00f1o de prefiltro grande, f\u00e1cil para mantenimiento.<\/span><\/p>\n<p><span style=\"font-family: 'times new roman', times;font-size: 24px\">4. Eje cer\u00e1mico resistente al desgaste, no corrosivo.<\/span><\/p>\n<p><span style=\"font-family: 'times new roman', times;font-size: 24px\">5. Todas las piezas el\u00e9ctricas est\u00e1n selladas en el soporte de <\/span><span style=\"line-height: 36px;font-family: 'times new roman', times;font-size: 24px\">la resina epoxi.<\/span><\/p>\n<p><span style=\"font-family: 'times new roman', times;font-size: 24px\">6.Con exceso de corriente interna y sobrecalentamiento <\/span><span style=\"line-height: 36px;font-family: 'times nuevo romano', tiempos\">protecci\u00f3n. Es seguro y confiable.<\/span><\/p>\n<div style=\"clear:both\"><\/article>\n","protected":false},"excerpt":{"rendered":"<p>Bomba de agua adaptativa de frecuencia variable BOYU SPM5000K<\/p>\n","protected":false},"featured_media":2069,"comment_status":"open","ping_status":"closed","template":"","meta":[],"product_brand":[],"product_cat":[999],"product_tag":[],"class_list":{"0":"post-27655","1":"product","2":"type-product","3":"status-publish","4":"has-post-thumbnail","6":"product_cat-filtros-de-acuario","8":"first","9":"instock","10":"shipping-taxable","11":"purchasable","12":"product-type-simple"},"_links":{"self":[{"href":"https:\/\/www.myaquastore.com\/es\/wp-json\/wp\/v2\/product\/27655","targetHints":{"allow":["GET"]}}],"collection":[{"href":"https:\/\/www.myaquastore.com\/es\/wp-json\/wp\/v2\/product"}],"about":[{"href":"https:\/\/www.myaquastore.com\/es\/wp-json\/wp\/v2\/types\/product"}],"replies":[{"embeddable":true,"href":"https:\/\/www.myaquastore.com\/es\/wp-json\/wp\/v2\/comments?post=27655"}],"wp:featuredmedia":[{"embeddable":true,"href":"https:\/\/www.myaquastore.com\/es\/wp-json\/wp\/v2\/media\/2069"}],"wp:attachment":[{"href":"https:\/\/www.myaquastore.com\/es\/wp-json\/wp\/v2\/media?parent=27655"}],"wp:term":[{"taxonomy":"product_brand","embeddable":true,"href":"https:\/\/www.myaquastore.com\/es\/wp-json\/wp\/v2\/product_brand?post=27655"},{"taxonomy":"product_cat","embeddable":true,"href":"https:\/\/www.myaquastore.com\/es\/wp-json\/wp\/v2\/product_cat?post=27655"},{"taxonomy":"product_tag","embeddable":true,"href":"https:\/\/www.myaquastore.com\/es\/wp-json\/wp\/v2\/product_tag?post=27655"}],"curies":[{"name":"wp","href":"https:\/\/api.w.org\/{rel}","templated":true}]}}