{"id":27659,"date":"2016-09-25T22:23:39","date_gmt":"2016-09-25T22:23:39","guid":{"rendered":"https:\/\/www.myaquastore.com\/product\/boyu-bomba-de-agua-adaptativa-para-estanque-ecologico-de-frecuencia-variable-gx4p\/"},"modified":"2025-03-16T06:41:35","modified_gmt":"2025-03-16T06:41:35","slug":"boyu-bomba-de-agua-adaptativa-para-estanque-ecologico-de-frecuencia-variable-gx4p","status":"publish","type":"product","link":"https:\/\/www.myaquastore.com\/es\/producto\/boyu-bomba-de-agua-adaptativa-para-estanque-ecologico-de-frecuencia-variable-gx4p\/","title":{"rendered":"BOYU Bomba de agua adaptativa para estanque ecol\u00f3gico de frecuencia variable GX4P"},"content":{"rendered":"<article class=\"article richtext richtext-detail AE:disable\" id=\"richTextContainer\">\n<div style=\"clear:both\">\n<p><span style=\"font-family: 'times new roman', times;font-size: 24px\"> BOYU Bomba de agua para estanque ecol\u00f3gica adaptable de frecuencia variable GX4P <\/span><\/p>\n<p align=\"left\" style=\"font-family: Tahoma;color: #333333\"><span style=\"font-style: normal;font-weight: normal;font-size: 24px;line-height: normal;font-family: 'times new roman', times\">1.Modo de gradiente de flujo: en ciclos, la potencia, la altura del agua y el flujo de agua cambian de peque\u00f1o a grande. Bueno para elementos acu\u00e1ticos de jardiner\u00eda.<\/span><\/p>\n<p align=\"left\" style=\"font-family: Tahoma;color: #333333\"><span style=\"font-family: 'times new roman', times;font-size: 24px\">2.Modo de regulaci\u00f3n: flujo de agua de m\u00faltiples etapas ajustado manualmente para satisfacer diferentes demandas.<\/span><\/p>\n<p align=\"left\" style=\"font-family: Tahoma;color: #333333\"><span style=\"font-family: 'times new roman', times;font-size: 24px\">3. Dise\u00f1ado con tecnolog\u00eda de conversi\u00f3n de frecuencia CC, energ\u00e9ticamente eficiente. <\/span><\/p>\n<p align=\"left\" style=\"font-family: Tahoma;color: #333333\"><span style=\"font-family: 'times new roman', times;font-size: 24px\">4.Motor variador trif\u00e1sico de seis polos.<\/span><\/p>\n<p align=\"left\" style=\"font-family: Tahoma;color: #333333\"><span style=\"font-family: 'times new roman', times;font-size: 24px\">5.Utiliz\u00f3 el control de computadora de un solo chip: con varias funciones de protecci\u00f3n.<\/span><\/p>\n<p align=\"left\" style=\"font-family: Tahoma;color: #333333\"><span style=\"font-style: font-weight: normal;24px;line-height: normal;font-family: 'times new roman', times\">6.Con eje y casquillos de cer\u00e1mica resistentes al desgaste, adecuados para agua dulce, agua de mar y uso anfibio.<\/span><\/p>\n<div style=\"clear:both\"><\/article>\n","protected":false},"excerpt":{"rendered":"<p>BOYU Bomba de agua adaptativa para estanque ecol\u00f3gico de frecuencia variable GX4P<\/p>\n","protected":false},"featured_media":2081,"comment_status":"open","ping_status":"closed","template":"","meta":[],"product_brand":[],"product_cat":[999],"product_tag":[],"class_list":{"0":"post-27659","1":"product","2":"type-product","3":"status-publish","4":"has-post-thumbnail","6":"product_cat-filtros-de-acuario","8":"first","9":"instock","10":"shipping-taxable","11":"purchasable","12":"product-type-simple"},"_links":{"self":[{"href":"https:\/\/www.myaquastore.com\/es\/wp-json\/wp\/v2\/product\/27659","targetHints":{"allow":["GET"]}}],"collection":[{"href":"https:\/\/www.myaquastore.com\/es\/wp-json\/wp\/v2\/product"}],"about":[{"href":"https:\/\/www.myaquastore.com\/es\/wp-json\/wp\/v2\/types\/product"}],"replies":[{"embeddable":true,"href":"https:\/\/www.myaquastore.com\/es\/wp-json\/wp\/v2\/comments?post=27659"}],"wp:featuredmedia":[{"embeddable":true,"href":"https:\/\/www.myaquastore.com\/es\/wp-json\/wp\/v2\/media\/2081"}],"wp:attachment":[{"href":"https:\/\/www.myaquastore.com\/es\/wp-json\/wp\/v2\/media?parent=27659"}],"wp:term":[{"taxonomy":"product_brand","embeddable":true,"href":"https:\/\/www.myaquastore.com\/es\/wp-json\/wp\/v2\/product_brand?post=27659"},{"taxonomy":"product_cat","embeddable":true,"href":"https:\/\/www.myaquastore.com\/es\/wp-json\/wp\/v2\/product_cat?post=27659"},{"taxonomy":"product_tag","embeddable":true,"href":"https:\/\/www.myaquastore.com\/es\/wp-json\/wp\/v2\/product_tag?post=27659"}],"curies":[{"name":"wp","href":"https:\/\/api.w.org\/{rel}","templated":true}]}}