{"id":27680,"date":"2016-09-25T22:48:05","date_gmt":"2016-09-25T22:48:05","guid":{"rendered":"https:\/\/www.myaquastore.com\/product\/compresor-de-aire-portatil-55w-hailea-12v-dc-aco-006d\/"},"modified":"2025-03-16T06:41:39","modified_gmt":"2025-03-16T06:41:39","slug":"compresor-de-aire-portatil-55w-hailea-12v-dc-aco-006d","status":"publish","type":"product","link":"https:\/\/www.myaquastore.com\/es\/producto\/compresor-de-aire-portatil-55w-hailea-12v-dc-aco-006d\/","title":{"rendered":"Compresor de aire port\u00e1til 55W HAILEA 12V DC ACO-006D"},"content":{"rendered":"<article class=\"article richtext richtext-detail AE:disable\" id=\"richTextContainer\">\n<div style=\"clear:both\">\n<p align=\"left\"><span style=\"font-family: 'times new roman', times;font-size: 24px\">Compresor de aire port\u00e1til HAILEA de 55 W, 12 V CC, ACO-006D<\/span><\/p>\n<p><span style=\"font-family: 'times new roman', times;font-size: 24px\">1.Impulsado por un motor de CC de magenta permanente de alta calidad, el pist\u00f3n<\/span><\/p>\n<p><span style=\"font-family: 'times new roman', times;font-size: 24px\">se mueve rec\u00edprocamente en el cilindro hacia arriba y hacia abajo y produce aire<\/span><\/p>\n<p><span style=\"font-family: 'times new roman', times;font-size: 24px\">flujo de gran salida y alta presi\u00f3n.<\/span><\/p>\n<p><span style=\"font-family: 'times new roman', times;font-size: 24px\">2.Dise\u00f1o lubricante sin aceite para producir aire comprimido m\u00e1s purificado. <\/span><\/p>\n<p><span style=\"font-family: 'times new roman', times;font-size: 24px\">3. Adopte el nuevo tipo de material port\u00e1til SF3 para el cilindro y el pist\u00f3n,<\/span><\/p>\n<p><span style=\"font-family: 'times new roman', times;font-size: 24px\">4. La carcasa est\u00e1 hecha de aleaci\u00f3n de aluminio y tiene un volumen peque\u00f1o. r\u00e1pido<\/span><\/p>\n<p><span style=\"font-family: 'times new roman', times;font-size: 24px\">en disipaci\u00f3n de calor y f\u00e1cil de mover.<\/span><\/p>\n<p><span style=\"font-family: 'times new roman', times;font-size: 24px\">5.La unidad tiene doble operaci\u00f3n de compresor de aire y bomba de vac\u00edo<\/span><\/p>\n<p><span style=\"font-family: 'times new roman', times;font-size: 24px\"><img decoding=\"async\" data-alt=\"Compresor de aire port\u00e1til HAILEA de 55 W y 12 V CC ACO-006D\" data-src=\"http:\/\/localhost\/media\/import\/detail\/HTB1ntWTHFXXXXaIXXXXq6xXFXXXx.jpg\" src=\"\"><img decoding=\"async\" alt=\"Compresor de aire port\u00e1til HAILEA de 55W y 12V CC ACO-006D\" src=\"http:\/\/localhost\/media\/import\/detail\/HTB1ntWTHFXXXXaIXXXXq6xXFXXXx.jpg\"><img decoding=\"async\" data-alt=\"Compresor de aire port\u00e1til HAILEA de 55W y 12V CC ACO-006D ACO-006D\" data-src=\"http:\/\/localhost\/media\/import\/detail\/HTB19YqHHFXXXXXdXVXXq6xXFXXXB.jpg\" src=\"\"><img decoding=\"async\" alt=\"Compresor de aire port\u00e1til HAILEA de 55 W, 12 V CC, ACO-006D\" src=\"http:\/\/localhost\/media\/import\/detail\/HTB19YqHHFXXXXXdXVXXq6xXFXXXB.jpg\"><\/span><\/p>\n<div style=\"clear:both\"><\/div>\n<\/div>\n<\/article>\n","protected":false},"excerpt":{"rendered":"<p>Compresor de aire port\u00e1til 55W HAILEA 12V DC ACO-006D<\/p>\n","protected":false},"featured_media":2126,"comment_status":"open","ping_status":"closed","template":"","meta":[],"product_brand":[],"product_cat":[999],"product_tag":[],"class_list":{"0":"post-27680","1":"product","2":"type-product","3":"status-publish","4":"has-post-thumbnail","6":"product_cat-filtros-de-acuario","8":"first","9":"instock","10":"shipping-taxable","11":"purchasable","12":"product-type-simple"},"_links":{"self":[{"href":"https:\/\/www.myaquastore.com\/es\/wp-json\/wp\/v2\/product\/27680","targetHints":{"allow":["GET"]}}],"collection":[{"href":"https:\/\/www.myaquastore.com\/es\/wp-json\/wp\/v2\/product"}],"about":[{"href":"https:\/\/www.myaquastore.com\/es\/wp-json\/wp\/v2\/types\/product"}],"replies":[{"embeddable":true,"href":"https:\/\/www.myaquastore.com\/es\/wp-json\/wp\/v2\/comments?post=27680"}],"wp:featuredmedia":[{"embeddable":true,"href":"https:\/\/www.myaquastore.com\/es\/wp-json\/wp\/v2\/media\/2126"}],"wp:attachment":[{"href":"https:\/\/www.myaquastore.com\/es\/wp-json\/wp\/v2\/media?parent=27680"}],"wp:term":[{"taxonomy":"product_brand","embeddable":true,"href":"https:\/\/www.myaquastore.com\/es\/wp-json\/wp\/v2\/product_brand?post=27680"},{"taxonomy":"product_cat","embeddable":true,"href":"https:\/\/www.myaquastore.com\/es\/wp-json\/wp\/v2\/product_cat?post=27680"},{"taxonomy":"product_tag","embeddable":true,"href":"https:\/\/www.myaquastore.com\/es\/wp-json\/wp\/v2\/product_tag?post=27680"}],"curies":[{"name":"wp","href":"https:\/\/api.w.org\/{rel}","templated":true}]}}