{"id":27723,"date":"2016-09-25T23:27:40","date_gmt":"2016-09-25T23:27:40","guid":{"rendered":"https:\/\/www.myaquastore.com\/product\/135g-250ml-sera-granugreen-alimento-para-peces-para-ciclidos\/"},"modified":"2025-03-16T06:41:45","modified_gmt":"2025-03-16T06:41:45","slug":"135g-250ml-sera-granugreen-alimento-para-peces-para-ciclidos","status":"publish","type":"product","link":"https:\/\/www.myaquastore.com\/es\/producto\/135g-250ml-sera-granugreen-alimento-para-peces-para-ciclidos\/","title":{"rendered":"135g 250ml SERA granugreen alimento para peces para c\u00edclidos"},"content":{"rendered":"<article class=\"article richtext richtext-detail AE:disable\" id=\"richTextContainer\">\n<div style=\"clear:both\">\n<p><span style=\"font-family: 'times new roman', times;font-size: 24px;color: #000000\"> 135g 250ml SERA granugreen alimento para peces para c\u00edclidos<\/span><br \/><span style=\"font-family: 'times new roman', tiempos;color: #000000\">1. excelente calidad<\/span><br \/><span style=\"font-family: 'times new roman', times;font-size: 24px;color: #000000\">2. precio razonable<\/span><br \/><span style=\"font-family: 'times new roman', times;font-size: 24px;color: #000000\">3. El volumen es 135G\/250ML<\/span><\/p>\n<p><span style=\"font-family: 'times new roman', times;font-size: 24px;color: #000000\">4. <span style=\"line-height: 18.1875px\">Debido al alto porcentaje de ingredientes vegetales, este alimento granulado es especialmente adecuado para c\u00edclidos principalmente herb\u00edvoros (por ejemplo, c\u00edclidos de los lagos Malawi y Tanganica). El alimento contiene m\u00e1s de un 7% de germen de trigo de f\u00e1cil digesti\u00f3n y alga espirulina para realzar el espl\u00e9ndido color natural. Cuando se combina con granulado, el granugreen constituye una dieta equilibrada para las especies omn\u00edvoras (aquellas que comen alimentos tanto a base de hierbas como de origen animal). Los peces reci\u00e9n importados aceptan f\u00e1cilmente el alimento. Conserva su forma y, por lo tanto, sigue siendo atractivo incluso despu\u00e9s de hundirse.<\/span><br \/><\/span><\/p>\n<p><span style=\"font-family: 'times new roman', times;font-size: 24px;color: #000000\">5. El embalaje es de 24 barriles\/caja <\/span><\/p>\n<div style=\"clear:both\"><\/article>\n","protected":false},"excerpt":{"rendered":"<p>135g 250ml SERA granugreen alimento para peces para c\u00edclidos<\/p>\n","protected":false},"featured_media":2211,"comment_status":"open","ping_status":"closed","template":"","meta":[],"product_brand":[],"product_cat":[999],"product_tag":[],"class_list":{"0":"post-27723","1":"product","2":"type-product","3":"status-publish","4":"has-post-thumbnail","6":"product_cat-filtros-de-acuario","8":"first","9":"instock","10":"shipping-taxable","11":"purchasable","12":"product-type-simple"},"_links":{"self":[{"href":"https:\/\/www.myaquastore.com\/es\/wp-json\/wp\/v2\/product\/27723","targetHints":{"allow":["GET"]}}],"collection":[{"href":"https:\/\/www.myaquastore.com\/es\/wp-json\/wp\/v2\/product"}],"about":[{"href":"https:\/\/www.myaquastore.com\/es\/wp-json\/wp\/v2\/types\/product"}],"replies":[{"embeddable":true,"href":"https:\/\/www.myaquastore.com\/es\/wp-json\/wp\/v2\/comments?post=27723"}],"wp:featuredmedia":[{"embeddable":true,"href":"https:\/\/www.myaquastore.com\/es\/wp-json\/wp\/v2\/media\/2211"}],"wp:attachment":[{"href":"https:\/\/www.myaquastore.com\/es\/wp-json\/wp\/v2\/media?parent=27723"}],"wp:term":[{"taxonomy":"product_brand","embeddable":true,"href":"https:\/\/www.myaquastore.com\/es\/wp-json\/wp\/v2\/product_brand?post=27723"},{"taxonomy":"product_cat","embeddable":true,"href":"https:\/\/www.myaquastore.com\/es\/wp-json\/wp\/v2\/product_cat?post=27723"},{"taxonomy":"product_tag","embeddable":true,"href":"https:\/\/www.myaquastore.com\/es\/wp-json\/wp\/v2\/product_tag?post=27723"}],"curies":[{"name":"wp","href":"https:\/\/api.w.org\/{rel}","templated":true}]}}