{"id":27769,"date":"2016-09-25T23:27:41","date_gmt":"2016-09-25T23:27:41","guid":{"rendered":"https:\/\/www.myaquastore.com\/product\/bomba-de-estanque-jebao-eco-koi-200w-lp45000\/"},"modified":"2025-03-16T06:41:53","modified_gmt":"2025-03-16T06:41:53","slug":"bomba-de-estanque-jebao-eco-koi-200w-lp45000","status":"publish","type":"product","link":"https:\/\/www.myaquastore.com\/es\/producto\/bomba-de-estanque-jebao-eco-koi-200w-lp45000\/","title":{"rendered":"Bomba de estanque Jebao eco koi 200W LP45000"},"content":{"rendered":"<article class=\"article richtext richtext-detail AE:disable\" id=\"richTextContainer\">\n<div style=\"clear:both\">\n<p><span style=\"font-family: 'times new roman', times;font-size: 24px\"> Bomba de estanque Jebao eco koi LP45000 de 200 W <\/span><\/p>\n<p><span style=\"font-family: 'times new roman', times;font-size: 24px\">1.Motor as\u00edncrono est\u00e1ndar de alto rendimiento con nuevo dise\u00f1o y ahorro de energ\u00eda de hasta un 50% que antes.<\/span><br \/><span style=\"font-family: 'times new roman', times;font-size: 24px\">2.Altos cabezales de bomba y mayor flujo<\/span><br \/><span style=\"font-family: 'times new roman', times;24px\">3.Puede bombear part\u00edculas de suciedad de hasta 6 mm<\/span><br \/><span style=\"font-family: 'times new roman', times;font-size: 24px\">4. Adopta un eje de cer\u00e1mica resistente al desgaste que puede usarse durante m\u00e1s tiempo.<\/span><\/p>\n<p><span style=\"font-family: 'times new roman', times font-size: 24px\"><img decoding=\"async\" data-alt=\"Bomba para estanque Jebao eco koi LP45000 de 200 W\" data-src=\"http:\/\/localhost\/media\/import\/detail\/HTB1qMlhHFXXXXakXpXXq6xXFXXXy.jpg\" src=\"\"><img decoding=\"async\" alt=\"Bomba para estanque Jebao eco koi de 200 W LP45000\" src=\"http:\/\/localhost\/media\/import\/detail\/HTB1qMlhHFXXXXakXpXXq6xXFXXXy.jpg\"><img decoding=\"async\" data-alt=\"Bomba para estanque Jebao eco koi LP45000 de 200 W\" data-src=\"http:\/\/localhost\/media\/import\/detail\/HTB1_WJiHFXXXXakXpXXq6xXFXXX7.jpg\" src=\"\"><img decoding=\"async\" alt=\"Bomba para estanque Jebao eco koi LP45000 de 200 W\" src=\"http:\/\/localhost\/media\/import\/detail\/HTB1_WJiHFXXXXakXpXXq6xXFXXX7.jpg\"><img decoding=\"async\" data-alt=\"Bomba para estanque Jebao eco koi LP45000 de 200 W\" data-src=\"http:\/\/localhost\/media\/import\/detail\/HTB13dRfHFXXXXbtXFXXq6xXFXXX1.jpg\" src=\"\"><img decoding=\"async\" alt=\"Bomba para estanque Jebao eco koi LP45000 de 200 W\" src=\"http:\/\/localhost\/media\/import\/detail\/HTB13dRfHFXXXXbtXFXXq6xXFXXX1.jpg\"><\/span><\/p>\n<div style=\"clear:both\"><\/div>\n<\/div>\n<\/article>\n","protected":false},"excerpt":{"rendered":"<p>Bomba de estanque Jebao eco koi 200W LP45000<\/p>\n","protected":false},"featured_media":2303,"comment_status":"open","ping_status":"closed","template":"","meta":[],"product_brand":[],"product_cat":[999],"product_tag":[],"class_list":{"0":"post-27769","1":"product","2":"type-product","3":"status-publish","4":"has-post-thumbnail","6":"product_cat-filtros-de-acuario","8":"first","9":"instock","10":"shipping-taxable","11":"purchasable","12":"product-type-simple"},"_links":{"self":[{"href":"https:\/\/www.myaquastore.com\/es\/wp-json\/wp\/v2\/product\/27769","targetHints":{"allow":["GET"]}}],"collection":[{"href":"https:\/\/www.myaquastore.com\/es\/wp-json\/wp\/v2\/product"}],"about":[{"href":"https:\/\/www.myaquastore.com\/es\/wp-json\/wp\/v2\/types\/product"}],"replies":[{"embeddable":true,"href":"https:\/\/www.myaquastore.com\/es\/wp-json\/wp\/v2\/comments?post=27769"}],"wp:featuredmedia":[{"embeddable":true,"href":"https:\/\/www.myaquastore.com\/es\/wp-json\/wp\/v2\/media\/2303"}],"wp:attachment":[{"href":"https:\/\/www.myaquastore.com\/es\/wp-json\/wp\/v2\/media?parent=27769"}],"wp:term":[{"taxonomy":"product_brand","embeddable":true,"href":"https:\/\/www.myaquastore.com\/es\/wp-json\/wp\/v2\/product_brand?post=27769"},{"taxonomy":"product_cat","embeddable":true,"href":"https:\/\/www.myaquastore.com\/es\/wp-json\/wp\/v2\/product_cat?post=27769"},{"taxonomy":"product_tag","embeddable":true,"href":"https:\/\/www.myaquastore.com\/es\/wp-json\/wp\/v2\/product_tag?post=27769"}],"curies":[{"name":"wp","href":"https:\/\/api.w.org\/{rel}","templated":true}]}}