{"id":27774,"date":"2016-09-25T23:27:41","date_gmt":"2016-09-25T23:27:41","guid":{"rendered":"https:\/\/www.myaquastore.com\/product\/foco-led-sumergible-boyu-3w-para-estanque-sdl02\/"},"modified":"2025-03-16T06:41:54","modified_gmt":"2025-03-16T06:41:54","slug":"foco-led-sumergible-boyu-3w-para-estanque-sdl02","status":"publish","type":"product","link":"https:\/\/www.myaquastore.com\/es\/producto\/foco-led-sumergible-boyu-3w-para-estanque-sdl02\/","title":{"rendered":"Foco LED sumergible BOYU 3W para estanque SDL02"},"content":{"rendered":"<article class=\"article richtext richtext-detail AE:disable\" id=\"richTextContainer\">\n<div style=\"clear:both\">\n<p><span style=\"font-size: 18px\">Foco LED sumergible BOYU de 3W para estanque SDL02 <br \/><\/span><\/p>\n<\/p>\n<p><span style=\"font-size: 18px\">Beneficio:<\/span><\/p>\n<p style=\"border: 0px;font-family: Arial,Helvetica;line-height: 18px;vertical-align: baseline;color: #333333\">&lt;span style=&quot;margen: 0px; borde: 0px; altura de l\u00ednea: 36px; Tama\u00f1o peque\u00f1o, atractivo forma, dise\u00f1o de m\u00faltiples sellos.<\/span><br \/><span style=\"margin: 0px;padding: 0px;border: 0px;font-family: 'times new roman', times;font-size: 24px;font-style: heredar;font-weight: heredar;line-height: 36px;vertical-align: baseline\">2. Cualquier regulaci\u00f3n de \u00e1ngulo, luz LED, alta eficiencia, produce muchos rayos de color.<\/span><br \/><span style=\"margin: 0px;vertical-align: baseline\">3.Trabaja con voltaje seguro, seguro y confiable. F\u00e1cil instalaci\u00f3n y operaci\u00f3n<\/span><\/p>\n<p style=\"border: 0px;color: #333333\"><span style=\"vertical-align: baseline\">4.Adecuado tanto para uso terrestre como submarino.<\/span><\/p>\n<p style=\"border: 0px;color: #333333\"><span style=\"vertical-align: baseline\">5.embalaje:18 piezas\/caja<\/span><\/p>\n<p style=\"border: 0px;color: #333333\">\n<\/p>\n<div style=\"clear:both\"><\/article>\n","protected":false},"excerpt":{"rendered":"<p>Foco LED sumergible BOYU 3W para estanque SDL02<\/p>\n","protected":false},"featured_media":2313,"comment_status":"open","ping_status":"closed","template":"","meta":[],"product_brand":[],"product_cat":[999],"product_tag":[],"class_list":{"0":"post-27774","1":"product","2":"type-product","3":"status-publish","4":"has-post-thumbnail","6":"product_cat-filtros-de-acuario","8":"first","9":"instock","10":"shipping-taxable","11":"purchasable","12":"product-type-simple"},"_links":{"self":[{"href":"https:\/\/www.myaquastore.com\/es\/wp-json\/wp\/v2\/product\/27774","targetHints":{"allow":["GET"]}}],"collection":[{"href":"https:\/\/www.myaquastore.com\/es\/wp-json\/wp\/v2\/product"}],"about":[{"href":"https:\/\/www.myaquastore.com\/es\/wp-json\/wp\/v2\/types\/product"}],"replies":[{"embeddable":true,"href":"https:\/\/www.myaquastore.com\/es\/wp-json\/wp\/v2\/comments?post=27774"}],"wp:featuredmedia":[{"embeddable":true,"href":"https:\/\/www.myaquastore.com\/es\/wp-json\/wp\/v2\/media\/2313"}],"wp:attachment":[{"href":"https:\/\/www.myaquastore.com\/es\/wp-json\/wp\/v2\/media?parent=27774"}],"wp:term":[{"taxonomy":"product_brand","embeddable":true,"href":"https:\/\/www.myaquastore.com\/es\/wp-json\/wp\/v2\/product_brand?post=27774"},{"taxonomy":"product_cat","embeddable":true,"href":"https:\/\/www.myaquastore.com\/es\/wp-json\/wp\/v2\/product_cat?post=27774"},{"taxonomy":"product_tag","embeddable":true,"href":"https:\/\/www.myaquastore.com\/es\/wp-json\/wp\/v2\/product_tag?post=27774"}],"curies":[{"name":"wp","href":"https:\/\/api.w.org\/{rel}","templated":true}]}}