{"id":27781,"date":"2016-09-25T23:27:41","date_gmt":"2016-09-25T23:27:41","guid":{"rendered":"https:\/\/www.myaquastore.com\/product\/nuevo-producto-jebao-conversion-de-frecuencia-bomba-de-agua-sumergible-marina-super-silenciosa-bomba-de-agua-de-mar-dt10000\/"},"modified":"2025-03-16T06:41:55","modified_gmt":"2025-03-16T06:41:55","slug":"nuevo-producto-jebao-conversion-de-frecuencia-bomba-de-agua-sumergible-marina-super-silenciosa-bomba-de-agua-de-mar-dt10000","status":"publish","type":"product","link":"https:\/\/www.myaquastore.com\/es\/producto\/nuevo-producto-jebao-conversion-de-frecuencia-bomba-de-agua-sumergible-marina-super-silenciosa-bomba-de-agua-de-mar-dt10000\/","title":{"rendered":"Nuevo Producto Jebao conversi\u00f3n de frecuencia bomba de agua sumergible marina s\u00faper silenciosa bomba de agua de mar DT10000"},"content":{"rendered":"<article class=\"article richtext richtext-detail AE:disable\" id=\"richTextContainer\">\n<div style=\"clear:both\">\n<p><span style=\"font-size: 18px\">Nuevo producto Jebao conversi\u00f3n de frecuencia bomba de agua sumergible marina s\u00faper silenciosa bomba de agua de mar DT10000 <\/span><\/p>\n<\/p>\n<p><span style=\"font-size: 18px\">Beneficio:<\/span><\/p>\n<p style=\"border: 0px;font-family: Arial,Helvetica;line-height: 18px;vertical-align: font-family: font-size: 12px;color: estilo de fuente: heredar;vertical-align: baseline\">1.Motor as\u00edncrono est\u00e1ndar de alto rendimiento con nuevo dise\u00f1o y ahorro de energ\u00eda de hasta un 50% que antes<\/span>;<\/span><\/p>\n<p style=\"border: 0px;color: #333333\">\n<p><span><span style=\"margin: 0px\"><span style=\"margin: 0px\">2. <span style=\"margin: 0px;vertical-align: baseline\">Altos cabezales de bomba y mayor flujo<\/span><\/span><\/span><span style=\"margin: 0px\">;<\/span><br \/><\/span><\/p>\n<p style=\"border: 0px;color: #333333\">\n<p><span>3. <span style=\"margin: 0px;vertical-align: baseline\">Puede bombear part\u00edculas de suciedad de hasta 6 mm<\/span>;<\/span><\/p>\n<p style=\"border: 0px;color: #333333\">\n<p><span>4. <span style=\"margin: 0px;vertical-align: baseline\">Adopta un eje cer\u00e1mico resistente al desgaste que puede<\/p>\n","protected":false},"excerpt":{"rendered":"<p>Nuevo Producto Jebao conversi\u00f3n de frecuencia bomba de agua sumergible marina s\u00faper silenciosa bomba de agua de mar DT10000<\/p>\n","protected":false},"featured_media":2326,"comment_status":"open","ping_status":"closed","template":"","meta":[],"product_brand":[],"product_cat":[999],"product_tag":[],"class_list":{"0":"post-27781","1":"product","2":"type-product","3":"status-publish","4":"has-post-thumbnail","6":"product_cat-filtros-de-acuario","8":"first","9":"instock","10":"shipping-taxable","11":"purchasable","12":"product-type-simple"},"_links":{"self":[{"href":"https:\/\/www.myaquastore.com\/es\/wp-json\/wp\/v2\/product\/27781","targetHints":{"allow":["GET"]}}],"collection":[{"href":"https:\/\/www.myaquastore.com\/es\/wp-json\/wp\/v2\/product"}],"about":[{"href":"https:\/\/www.myaquastore.com\/es\/wp-json\/wp\/v2\/types\/product"}],"replies":[{"embeddable":true,"href":"https:\/\/www.myaquastore.com\/es\/wp-json\/wp\/v2\/comments?post=27781"}],"wp:featuredmedia":[{"embeddable":true,"href":"https:\/\/www.myaquastore.com\/es\/wp-json\/wp\/v2\/media\/2326"}],"wp:attachment":[{"href":"https:\/\/www.myaquastore.com\/es\/wp-json\/wp\/v2\/media?parent=27781"}],"wp:term":[{"taxonomy":"product_brand","embeddable":true,"href":"https:\/\/www.myaquastore.com\/es\/wp-json\/wp\/v2\/product_brand?post=27781"},{"taxonomy":"product_cat","embeddable":true,"href":"https:\/\/www.myaquastore.com\/es\/wp-json\/wp\/v2\/product_cat?post=27781"},{"taxonomy":"product_tag","embeddable":true,"href":"https:\/\/www.myaquastore.com\/es\/wp-json\/wp\/v2\/product_tag?post=27781"}],"curies":[{"name":"wp","href":"https:\/\/api.w.org\/{rel}","templated":true}]}}