{"id":27804,"date":"2016-09-25T23:27:41","date_gmt":"2016-09-25T23:27:41","guid":{"rendered":"https:\/\/www.myaquastore.com\/product\/filtro-externo-pequeno-y-practico-de-alta-calidad-para-acuario\/"},"modified":"2025-03-16T06:41:58","modified_gmt":"2025-03-16T06:41:58","slug":"filtro-externo-pequeno-y-practico-de-alta-calidad-para-acuario","status":"publish","type":"product","link":"https:\/\/www.myaquastore.com\/es\/producto\/filtro-externo-pequeno-y-practico-de-alta-calidad-para-acuario\/","title":{"rendered":"Filtro externo peque\u00f1o y pr\u00e1ctico de alta calidad para acuario"},"content":{"rendered":"<article class=\"article richtext richtext-detail AE:disable\" id=\"richTextContainer\">\n<div style=\"clear:both\">\n<p><span style=\"font-size: 24px\"> filtro externo peque\u00f1o y pr\u00e1ctico de alta calidad para acuario <\/span><\/p>\n<p style=\"padding-top: 15px;padding-bottom: 15px;font-size: 14px;line-height: 20px;font-family: Arial, Helvetica, sans-serif\">El filtro es f\u00e1cil de colocar en el tanque con ventosas. Lo especial del concepto Pick-up es que el recipiente filtrante junto con su cartucho se pueden extraer desde arriba, mientras que la unidad de bombeo permanece en el dep\u00f3sito. Esta es una soluci\u00f3n muy pr\u00e1ctica para limpiar o cambiar el cartucho filtrante. <\/p>\n<p style=\"padding-top: 15px;padding-bottom: 15px;font-size: 14px;line-height: 20px;font-family: Arial, Helvetica, sans-serif\">La bomba aspira el agua desde abajo y la lleva a trav\u00e9s del cartucho filtrante hasta la parte superior. Aqu\u00ed el agua filtrada se devuelve al tanque a trav\u00e9s de la boquilla de salida giratoria. <\/p>\n<p style=\"padding-top: 15px;padding-bottom: 15px;font-size: 14px;line-height: 20px;font-family: Arial, Helvetica, sans-serif\"><span style=\"background-color: #cee1e1;padding: 0px\">Beneficios de la recolecci\u00f3n 45<\/span><\/p>\n<div style=\"margin: 0px;padding: 0px;font-family: Arial, Helvetica, sans-serif;line-height: 16px\">\n<ul>\n<li style=\"margin: 0px;padding: 0px 0px 10px 5px\">Filtro interno m\u00e1s peque\u00f1o para acuarios de hasta 45 l.<\/li>\n<li style=\"margin: 0px;padding: 0px 0px 10px 5px\">Entrada de agua en la parte inferior del filtro<\/li>\n<li style=\"margin: 0px;padding: 0px 0px 10px 5px\">Boquilla de salida giratoria para ajustar la direcci\u00f3n de salida<\/li>\n<li style=\"margin: 0px;padding: 0px 0px 10px 5px\">Recipiente de filtro con cartucho de filtro f\u00e1cil de quitar de la unidad de bomba desde arriba <\/li>\n<li style=\"margin: 0px;0px 0px 10px 5px\">Completo con cartucho de filtro, listo para usar <\/li>\n<li style=\"margin: 0px;padding: 0px 0px 10px 5px\">Tambi\u00e9n se pueden utilizar cartuchos de carb\u00f3n activado (por ejemplo, durante la puesta en marcha del acuario o despu\u00e9s del tratamiento con medicamentos)<\/li>\n<li style=\"margin: 0px\">Art\u00edculo No.2006020<\/li>\n<li style=\"padding: 0px 0px 10px 5px\">Para acuarios de hasta aproximadamente 60,00 L<\/li>\n<li style=\"margin: 0px;padding: 0px 0px 10px 5px\">Potencia de la bomba (50 Hz) por hora de aproximadamente 150,00 L<\/li>\n<li style=\"margin: 0px;padding: 0px 0px 10px 5px\">Potencia de la bomba (50 Hz) por hora a aproximadamente 300,00 L<\/li>\n<li style=\"margin: 0px;padding: 0px 0px 10px 5px\">Cabezal de bombeo aprox. (H m\u00e1x. a 50 Hz)0,35 m<\/li>\n<li style=\"margin: 0px;padding: 0px 0px 10px 5px\">Potencia (50 Hz) a 4 vatios<\/li>\n<li style=\"margin: 0px\">Volumen del filtro0.2L<\/li>\n<li style=\"margin: 0px\">Ancho75.00 mm<\/li>\n<li>Alto163.00 mm<\/li>\n<li>Profundidad96.00 mm<\/li>\n<li>Voltaje230 voltios<\/li>\n<li>Enchufe de alimentaci\u00f3n est\u00e1ndar EUR<\/li>\n<li style=\"margin: 0px;padding: 0px 0px 10px 5px\">Embalaje 4 Pieza(s)<\/li>\n<li style=\"margin: 0px\">Dimensiones del embalaje <span style=\"line-height: 16px\">(Ancho)15,40 cm<\/span><\/li>\n<li style=\"margin: 0px\">Dimensiones del embalaje (Alto)21,00 cm<\/li>\n<li style=\"margin: 0px;padding: 0px 0px 10px 5px\">Dimensiones del embalaje (Profundidad)7,60 cm<\/li>\n<li style=\"margin: 0px\">Agua dulce s\u00ed<\/li>\n<li style=\"margin: 0px;padding: 0px 0px 10px 5px\">Agua de mar s\u00ed <\/li>\n<li style=\"margin: 0px\">Para uso en exteriores no<\/li>\n<\/ul>\n<\/div>\n<div style=\"clear:both\"><\/article>\n","protected":false},"excerpt":{"rendered":"<p>Filtro externo peque\u00f1o y pr\u00e1ctico de alta calidad para acuario<\/p>\n","protected":false},"featured_media":2363,"comment_status":"open","ping_status":"closed","template":"","meta":[],"product_brand":[],"product_cat":[999],"product_tag":[],"class_list":{"0":"post-27804","1":"product","2":"type-product","3":"status-publish","4":"has-post-thumbnail","6":"product_cat-filtros-de-acuario","8":"first","9":"instock","10":"shipping-taxable","11":"purchasable","12":"product-type-simple"},"_links":{"self":[{"href":"https:\/\/www.myaquastore.com\/es\/wp-json\/wp\/v2\/product\/27804","targetHints":{"allow":["GET"]}}],"collection":[{"href":"https:\/\/www.myaquastore.com\/es\/wp-json\/wp\/v2\/product"}],"about":[{"href":"https:\/\/www.myaquastore.com\/es\/wp-json\/wp\/v2\/types\/product"}],"replies":[{"embeddable":true,"href":"https:\/\/www.myaquastore.com\/es\/wp-json\/wp\/v2\/comments?post=27804"}],"wp:featuredmedia":[{"embeddable":true,"href":"https:\/\/www.myaquastore.com\/es\/wp-json\/wp\/v2\/media\/2363"}],"wp:attachment":[{"href":"https:\/\/www.myaquastore.com\/es\/wp-json\/wp\/v2\/media?parent=27804"}],"wp:term":[{"taxonomy":"product_brand","embeddable":true,"href":"https:\/\/www.myaquastore.com\/es\/wp-json\/wp\/v2\/product_brand?post=27804"},{"taxonomy":"product_cat","embeddable":true,"href":"https:\/\/www.myaquastore.com\/es\/wp-json\/wp\/v2\/product_cat?post=27804"},{"taxonomy":"product_tag","embeddable":true,"href":"https:\/\/www.myaquastore.com\/es\/wp-json\/wp\/v2\/product_tag?post=27804"}],"curies":[{"name":"wp","href":"https:\/\/api.w.org\/{rel}","templated":true}]}}