{"id":27856,"date":"2016-09-25T23:27:44","date_gmt":"2016-09-25T23:27:44","guid":{"rendered":"https:\/\/www.myaquastore.com\/product\/bomba-de-agua-para-estanque-electronica-eco-super-silenciosa-jebao-85w-de-nuevo-diseno-cm10000\/"},"modified":"2025-03-16T06:48:06","modified_gmt":"2025-03-16T06:48:06","slug":"bomba-de-agua-para-estanque-electronica-eco-super-silenciosa-jebao-85w-de-nuevo-diseno-cm10000","status":"publish","type":"product","link":"https:\/\/www.myaquastore.com\/es\/producto\/bomba-de-agua-para-estanque-electronica-eco-super-silenciosa-jebao-85w-de-nuevo-diseno-cm10000\/","title":{"rendered":"Bomba de agua para estanque electr\u00f3nica ECO s\u00faper silenciosa Jebao 85w de nuevo dise\u00f1o CM10000"},"content":{"rendered":"<article class=\"article richtext richtext-detail AE:disable\" id=\"richTextContainer\">\n<div style=\"clear:both\">\n<p><span style=\"font-size: 18.18181800842285px;line-height: 27.27272605895996px\">Bomba de agua para estanque electr\u00f3nica ECO s\u00faper silenciosa Jebao de 85w de nuevo dise\u00f1o CM10000 <br \/><\/span><\/p>\n<\/p>\n<p><span style=\"font-size: 18px\">Beneficio:<\/span><\/p>\n<p style=\"border: 0px;font-family: Arial,Helvetica;line-height: 15px;vertical-align: baseline;color: #333333\"><span style=\"margin: 0px;padding: 0px\">Motor as\u00edncrono est\u00e1ndar de alto rendimiento con nuevo dise\u00f1o y ahorro de energ\u00eda de hasta un 50 % que antes<\/span>;<\/span><\/p>\n<p style=\"border: 0px;font-family: Arial,Helvetica;line-height: 15px;vertical-align: baseline\"><span style=\"font-family: Arial\"><span style=\"line-height: 24px\">2. <span style=\"color: #333333;line-height: 35.45454406738281px\">Altos cabezales de bomba y mayor flujo<\/span><\/span><\/span><span style=\"color: #333333\">;<\/span><br \/><\/span><\/p>\n<p style=\"border: 0px;color: #333333\"><span>3. <span style=\"color: #333333;line-height: 35.45454406738281px\">Puede bombear part\u00edculas de suciedad de hasta 6 mm<\/span>;<\/span><\/p>\n<p style=\"border: 0px;color: #333333\"><span>4. <span style=\"color: #333333;line-height: 35.45454406738281px\">Adopte un eje cer\u00e1mico resistente al desgaste que se puede utilizar durante m\u00e1s tiempo<\/span>;<\/span><\/p>\n<p style=\"border: 0px;color: #333333\"><span>5. M<span style=\"color: #333333;line-height: 35.45454406738281px\">el flujo del hacha es 10000L\/H<\/span>;<\/span><\/p>\n<p style=\"border: 0px;color: #333333\"><span>6. <span style=\"color: #333333;line-height: 35.45454406738281px\">El chorro m\u00e1ximo es de 5 m<\/span>.<\/span><\/p>\n<div style=\"clear:both\"><\/article>\n","protected":false},"excerpt":{"rendered":"<p>Bomba de agua para estanque electr\u00f3nica ECO s\u00faper silenciosa Jebao 85w de nuevo dise\u00f1o CM10000<\/p>\n","protected":false},"featured_media":2462,"comment_status":"open","ping_status":"closed","template":"","meta":[],"product_brand":[],"product_cat":[999],"product_tag":[],"class_list":{"0":"post-27856","1":"product","2":"type-product","3":"status-publish","4":"has-post-thumbnail","6":"product_cat-filtros-de-acuario","8":"first","9":"instock","10":"shipping-taxable","11":"purchasable","12":"product-type-simple"},"_links":{"self":[{"href":"https:\/\/www.myaquastore.com\/es\/wp-json\/wp\/v2\/product\/27856","targetHints":{"allow":["GET"]}}],"collection":[{"href":"https:\/\/www.myaquastore.com\/es\/wp-json\/wp\/v2\/product"}],"about":[{"href":"https:\/\/www.myaquastore.com\/es\/wp-json\/wp\/v2\/types\/product"}],"replies":[{"embeddable":true,"href":"https:\/\/www.myaquastore.com\/es\/wp-json\/wp\/v2\/comments?post=27856"}],"wp:featuredmedia":[{"embeddable":true,"href":"https:\/\/www.myaquastore.com\/es\/wp-json\/wp\/v2\/media\/2462"}],"wp:attachment":[{"href":"https:\/\/www.myaquastore.com\/es\/wp-json\/wp\/v2\/media?parent=27856"}],"wp:term":[{"taxonomy":"product_brand","embeddable":true,"href":"https:\/\/www.myaquastore.com\/es\/wp-json\/wp\/v2\/product_brand?post=27856"},{"taxonomy":"product_cat","embeddable":true,"href":"https:\/\/www.myaquastore.com\/es\/wp-json\/wp\/v2\/product_cat?post=27856"},{"taxonomy":"product_tag","embeddable":true,"href":"https:\/\/www.myaquastore.com\/es\/wp-json\/wp\/v2\/product_tag?post=27856"}],"curies":[{"name":"wp","href":"https:\/\/api.w.org\/{rel}","templated":true}]}}