{"id":27870,"date":"2016-09-25T23:27:44","date_gmt":"2016-09-25T23:27:44","guid":{"rendered":"https:\/\/www.myaquastore.com\/product\/rs-bomba-de-aire-de-bateria-para-acuario-ac-dc-de-doble-uso-rs9000\/"},"modified":"2025-03-16T06:48:08","modified_gmt":"2025-03-16T06:48:08","slug":"rs-bomba-de-aire-de-bateria-para-acuario-ac-dc-de-doble-uso-rs9000","status":"publish","type":"product","link":"https:\/\/www.myaquastore.com\/es\/producto\/rs-bomba-de-aire-de-bateria-para-acuario-ac-dc-de-doble-uso-rs9000\/","title":{"rendered":"RS Bomba de aire de bater\u00eda para acuario AC\/DC de doble uso RS9000"},"content":{"rendered":"<article class=\"article richtext richtext-detail AE:disable\" id=\"richTextContainer\">\n<div style=\"clear:both\">\n<p><span style=\"font-size: 18.18181800842285px;line-height: 27.27272605895996px\">RS Bomba de aire de bater\u00eda de acuario AC\/DC de doble uso RS9000 <\/span><\/p>\n<\/p>\n<p><span style=\"font-size: 18px\">Beneficio:<\/span><\/p>\n<p style=\"border: 0px;font-family: Arial,Helvetica;line-height: 15px;vertical-align: baseline;color: #333333\"><span style=\"margin: 0px;padding: 0px;border: 0px;l\u00ednea de base;#333333\"><span style=\"font-family: Arial;font-style: heredar;font-weight: line-height: 24px;vertical-align: baseline\"><span style=\"font-family: Arial\"><span style=\"line-height 24px\">2.<\/span><\/span><span style=\"color: #333333;line-height: 15px\">Consumo de energ\u00eda s\u00faper bajo, ahorro de energ\u00eda del 30%;<\/span><br \/><\/span><\/p>\n<p style=\"border: 0px;color: #333333\"><span>3.<span style=\"color: #333333;line-height: 15px\">Excelente calidad al mejor precio<\/span>;<\/span><\/p>\n<p style=\"border: 0px;color: #333333\"><span>4. <span style=\"color: #333333;line-height: 16.363636016845703px\">posee un sistema avanzado de compresi\u00f3n de aire, un sistema de amortiguaci\u00f3n y un silenciador multinivel que genera un ruido extremadamente bajo<\/span>;<\/span><\/p>\n<p style=\"border: 0px;color: #333333\"><span>5. <span style=\"color: #333333;line-height: 16.363636016845703px\">Adopte caucho artificial especial para mantener una salida de aire y una presi\u00f3n constantes<\/span>;<\/span><\/p>\n<p style=\"border: 0px;color: #333333\"><span style=\"vertical-align: baseline\">6.El microregulador est\u00e1 disponible en modo de funcionamiento de CA. La salida de aire se puede ajustar libremente.<\/span><\/p>\n<p style=\"border: 0px;color: #333333\"><span style=\"vertical-align: baseline\">7. Dise\u00f1o de doble silenciador, bajo nivel de ruido, gran salida de aire y alta presi\u00f3n.<\/span><\/p>\n<p style=\"border: 0px;color: #333333\"><span style=\"vertical-align: baseline\">8. La bater\u00eda se puede cargar cuando se enciende la fuente de alimentaci\u00f3n de CA. El circuito protector cuidadosamente dise\u00f1ado puede hacer que la bater\u00eda se cargue y descargue de forma segura.<\/span><\/p>\n<p style=\"border: 0px;color: #333333\">&lt;span st<\/p>\n","protected":false},"excerpt":{"rendered":"<p>RS Bomba de aire de bater\u00eda para acuario AC\/DC de doble uso RS9000<\/p>\n","protected":false},"featured_media":2487,"comment_status":"open","ping_status":"closed","template":"","meta":[],"product_brand":[],"product_cat":[999],"product_tag":[],"class_list":{"0":"post-27870","1":"product","2":"type-product","3":"status-publish","4":"has-post-thumbnail","6":"product_cat-filtros-de-acuario","8":"first","9":"instock","10":"shipping-taxable","11":"purchasable","12":"product-type-simple"},"_links":{"self":[{"href":"https:\/\/www.myaquastore.com\/es\/wp-json\/wp\/v2\/product\/27870","targetHints":{"allow":["GET"]}}],"collection":[{"href":"https:\/\/www.myaquastore.com\/es\/wp-json\/wp\/v2\/product"}],"about":[{"href":"https:\/\/www.myaquastore.com\/es\/wp-json\/wp\/v2\/types\/product"}],"replies":[{"embeddable":true,"href":"https:\/\/www.myaquastore.com\/es\/wp-json\/wp\/v2\/comments?post=27870"}],"wp:featuredmedia":[{"embeddable":true,"href":"https:\/\/www.myaquastore.com\/es\/wp-json\/wp\/v2\/media\/2487"}],"wp:attachment":[{"href":"https:\/\/www.myaquastore.com\/es\/wp-json\/wp\/v2\/media?parent=27870"}],"wp:term":[{"taxonomy":"product_brand","embeddable":true,"href":"https:\/\/www.myaquastore.com\/es\/wp-json\/wp\/v2\/product_brand?post=27870"},{"taxonomy":"product_cat","embeddable":true,"href":"https:\/\/www.myaquastore.com\/es\/wp-json\/wp\/v2\/product_cat?post=27870"},{"taxonomy":"product_tag","embeddable":true,"href":"https:\/\/www.myaquastore.com\/es\/wp-json\/wp\/v2\/product_tag?post=27870"}],"curies":[{"name":"wp","href":"https:\/\/api.w.org\/{rel}","templated":true}]}}