{"id":27882,"date":"2016-09-25T23:27:45","date_gmt":"2016-09-25T23:27:45","guid":{"rendered":"https:\/\/www.myaquastore.com\/product\/filtro-externo-para-acuario-atman-at3335\/"},"modified":"2025-03-16T06:48:10","modified_gmt":"2025-03-16T06:48:10","slug":"filtro-externo-para-acuario-atman-at3335","status":"publish","type":"product","link":"https:\/\/www.myaquastore.com\/es\/producto\/filtro-externo-para-acuario-atman-at3335\/","title":{"rendered":"Filtro externo para acuario Atman AT3335"},"content":{"rendered":"<article class=\"article richtext richtext-detail AE:disable\" id=\"richTextContainer\">\n<div style=\"clear:both\">\n<p><span style=\"font-size: 18px\">Filtro externo para acuario Atman AT3335 <br \/><\/span><\/p>\n<\/p>\n<p><span style=\"font-size: 18px\">Especificaci\u00f3n:<\/span><\/p>\n<p> <span>1.<span style=\"color: #333333\">Adecuado para filtrado de peceras tanto marinas como de agua dulce <\/span><\/span><\/p>\n<p>&lt;span style=&quot;line-height: 28.171875px; font-size: 14pt; font-weight: heredar; E<\/span><span style=\"font-style: heredar;font-weight: heredar;color: #333333;font-family: Arial, Helvetica;font-size: 18px;line-height: 16.363636016845703px\">f\u00e1cil operaci\u00f3n, bastante<\/span><\/p>\n<p style=\"border: 0px;font-family: Arial,Helvetica\"><span style=\"font-size: 18px\">3. Este dispositivo es nuestro filtro de recipiente externo dise\u00f1ado m\u00e1s recientemente. Tiene la caracter\u00edstica de alta eficiencia, gran capacidad y multifuncional: con esterilizaci\u00f3n ultravioleta incorporada. <\/span><br \/><span style=\"font-size: 18px\">4. Funci\u00f3n de filtrado multicapa, control de interruptor separado del esterilizador ultravioleta.<\/span><br \/><span style=\"font-size: 18px\">5. La entrada y salida de agua est\u00e1n integradas en el control de la v\u00e1lvula, lo que facilita el mantenimiento.<\/span><\/p>\n<p style=\"border: 0px;font-family: Arial,Helvetica;font-size: 11.818181991577148px;line-height: 16.363636016845703px;vertical-align: baseline;color: #333333\"><span style=\"padding: 0px;border: 0px;font-style: heredar;font-weight: heredar;line-height: 17.27272605895996px;vertical-align: baseline;p\u00edxeles;17.27272605895996px;vertical-align: baseline;color: #333333\">6. Adecuado para filtrado de peceras tanto marinas como de agua dulce<\/span><\/span><\/span><\/p>\n<p style=\"border: 0px;font-family: Arial,Helvetica;color: #333333\"><span style=\"color: #243f7d\"><span style=\"color: #000066\"><span style=\"color: #333333\">7. Bomba integrada de gran flujo y alta calidad, silenciosa mientras funciona.<br \/>8. Anillo t\u00f3rico de goma seguro y abrazadera de bloqueo de elevaci\u00f3n de la tapa, libre de fugas.<br \/>9. Pies de goma para reducir la vibraci\u00f3n.<\/span><\/span><\/span><\/p>\n<p><span style=\"color: #333333\"><span style=\"line-height: 24px\"><span style=\"color: #333333\"><br \/><\/span><\/span><\/span><\/p>\n<p style=\"border: 0px;color: #333333\"><span><br \/><\/span><\/p>\n<div style=\"clear:both\"><\/article>\n","protected":false},"excerpt":{"rendered":"<p>Filtro externo para acuario Atman AT3335<\/p>\n","protected":false},"featured_media":2511,"comment_status":"open","ping_status":"closed","template":"","meta":[],"product_brand":[],"product_cat":[999],"product_tag":[],"class_list":{"0":"post-27882","1":"product","2":"type-product","3":"status-publish","4":"has-post-thumbnail","6":"product_cat-filtros-de-acuario","8":"first","9":"instock","10":"shipping-taxable","11":"purchasable","12":"product-type-simple"},"_links":{"self":[{"href":"https:\/\/www.myaquastore.com\/es\/wp-json\/wp\/v2\/product\/27882","targetHints":{"allow":["GET"]}}],"collection":[{"href":"https:\/\/www.myaquastore.com\/es\/wp-json\/wp\/v2\/product"}],"about":[{"href":"https:\/\/www.myaquastore.com\/es\/wp-json\/wp\/v2\/types\/product"}],"replies":[{"embeddable":true,"href":"https:\/\/www.myaquastore.com\/es\/wp-json\/wp\/v2\/comments?post=27882"}],"wp:featuredmedia":[{"embeddable":true,"href":"https:\/\/www.myaquastore.com\/es\/wp-json\/wp\/v2\/media\/2511"}],"wp:attachment":[{"href":"https:\/\/www.myaquastore.com\/es\/wp-json\/wp\/v2\/media?parent=27882"}],"wp:term":[{"taxonomy":"product_brand","embeddable":true,"href":"https:\/\/www.myaquastore.com\/es\/wp-json\/wp\/v2\/product_brand?post=27882"},{"taxonomy":"product_cat","embeddable":true,"href":"https:\/\/www.myaquastore.com\/es\/wp-json\/wp\/v2\/product_cat?post=27882"},{"taxonomy":"product_tag","embeddable":true,"href":"https:\/\/www.myaquastore.com\/es\/wp-json\/wp\/v2\/product_tag?post=27882"}],"curies":[{"name":"wp","href":"https:\/\/api.w.org\/{rel}","templated":true}]}}