{"id":27938,"date":"2016-09-25T23:27:48","date_gmt":"2016-09-25T23:27:48","guid":{"rendered":"https:\/\/www.myaquastore.com\/product\/bonos-mas-baratos-380g-alimento-para-ciclidos-y-peces-disco-b01060\/"},"modified":"2025-03-16T06:48:21","modified_gmt":"2025-03-16T06:48:21","slug":"bonos-mas-baratos-380g-alimento-para-ciclidos-y-peces-disco-b01060","status":"publish","type":"product","link":"https:\/\/www.myaquastore.com\/es\/producto\/bonos-mas-baratos-380g-alimento-para-ciclidos-y-peces-disco-b01060\/","title":{"rendered":"BONOS m\u00e1s baratos 380G alimento para c\u00edclidos y peces disco B01060"},"content":{"rendered":"<article class=\"article richtext richtext-detail AE:disable\" id=\"richTextContainer\">\n<div style=\"clear:both\">\n<p><span style=\"font-size: 18px\">BONIFICACIONES m\u00e1s baratas 380G alimento para c\u00edclidos y peces disco B01060 <br \/><\/span><\/p>\n<\/p>\n<p><span style=\"font-size: 18px\">Beneficio:<\/span><\/p>\n<p><span style=\"color: #333333;font-family: Arial;font-size: large\"><span style=\"line-height: 24px\">1.Los gr\u00e1nulos que se hunden hacen que los c\u00edclidos y los discos est\u00e9n sanos y fuertes;<\/span><\/span><\/p>\n<p><span style=\"color: #333333;font-size: large\"><span style=\"line-height: 24px\">2.Los camarones y la espirulina mejoran el color del pescado.<\/span><\/span><\/p>\n<\/p>\n<p style=\"border: 0px;font-family: Arial,Helvetica;vertical-align: baseline\"><span style=\"margin: 0px;l\u00ednea de base\"><br \/><\/span><\/p>\n<div style=\"clear:both\"><\/article>\n","protected":false},"excerpt":{"rendered":"<p>BONOS m\u00e1s baratos 380G alimento para c\u00edclidos y peces disco B01060<\/p>\n","protected":false},"featured_media":2635,"comment_status":"open","ping_status":"closed","template":"","meta":[],"product_brand":[],"product_cat":[999],"product_tag":[],"class_list":{"0":"post-27938","1":"product","2":"type-product","3":"status-publish","4":"has-post-thumbnail","6":"product_cat-filtros-de-acuario","8":"first","9":"instock","10":"shipping-taxable","11":"purchasable","12":"product-type-simple"},"_links":{"self":[{"href":"https:\/\/www.myaquastore.com\/es\/wp-json\/wp\/v2\/product\/27938","targetHints":{"allow":["GET"]}}],"collection":[{"href":"https:\/\/www.myaquastore.com\/es\/wp-json\/wp\/v2\/product"}],"about":[{"href":"https:\/\/www.myaquastore.com\/es\/wp-json\/wp\/v2\/types\/product"}],"replies":[{"embeddable":true,"href":"https:\/\/www.myaquastore.com\/es\/wp-json\/wp\/v2\/comments?post=27938"}],"wp:featuredmedia":[{"embeddable":true,"href":"https:\/\/www.myaquastore.com\/es\/wp-json\/wp\/v2\/media\/2635"}],"wp:attachment":[{"href":"https:\/\/www.myaquastore.com\/es\/wp-json\/wp\/v2\/media?parent=27938"}],"wp:term":[{"taxonomy":"product_brand","embeddable":true,"href":"https:\/\/www.myaquastore.com\/es\/wp-json\/wp\/v2\/product_brand?post=27938"},{"taxonomy":"product_cat","embeddable":true,"href":"https:\/\/www.myaquastore.com\/es\/wp-json\/wp\/v2\/product_cat?post=27938"},{"taxonomy":"product_tag","embeddable":true,"href":"https:\/\/www.myaquastore.com\/es\/wp-json\/wp\/v2\/product_tag?post=27938"}],"curies":[{"name":"wp","href":"https:\/\/api.w.org\/{rel}","templated":true}]}}