{"id":27956,"date":"2016-09-25T23:27:48","date_gmt":"2016-09-25T23:27:48","guid":{"rendered":"https:\/\/www.myaquastore.com\/product\/90-de-descuento-en-tuberia-de-agua-huaxing-22m-manguera-verde-de-pvc-10kg\/"},"modified":"2025-03-16T06:48:24","modified_gmt":"2025-03-16T06:48:24","slug":"90-de-descuento-en-tuberia-de-agua-huaxing-22m-manguera-verde-de-pvc-10kg","status":"publish","type":"product","link":"https:\/\/www.myaquastore.com\/es\/producto\/90-de-descuento-en-tuberia-de-agua-huaxing-22m-manguera-verde-de-pvc-10kg\/","title":{"rendered":"90% de descuento en tuber\u00eda de agua HUAXING 22M manguera verde de pvc 10KG"},"content":{"rendered":"<article class=\"article richtext richtext-detail AE:disable\" id=\"richTextContainer\">\n<div style=\"clear:both\">\n<p><span style=\"font-size: 18px\">90% de descuento en tuber\u00eda de agua HUAXING 22M manguera verde de pvc 10KG <\/span><\/p>\n<\/p>\n<p><span style=\"font-size: 18px\"> Ont Style: heredar; peso de fuente: heredar; altura de l\u00ednea: 24px; alineaci\u00f3n vertical: l\u00ednea de base;\u00bb&gt;1.F\u00e1cil de instalar y mantener;<\/span><\/p>\n<p>2.Hecho de material de PVC, muy buena calidad;<\/span><\/p>\n<p style=\"border: 0px;color: #333333\"><span style=\"vertical-align: baseline\">3. Alto rendimiento, potente flujo de agua.<\/span><\/p>\n<div style=\"clear:both\"><\/article>\n","protected":false},"excerpt":{"rendered":"<p>90% de descuento en tuber\u00eda de agua HUAXING 22M manguera verde de pvc 10KG<\/p>\n","protected":false},"featured_media":2671,"comment_status":"open","ping_status":"closed","template":"","meta":[],"product_brand":[],"product_cat":[999],"product_tag":[],"class_list":{"0":"post-27956","1":"product","2":"type-product","3":"status-publish","4":"has-post-thumbnail","6":"product_cat-filtros-de-acuario","8":"first","9":"instock","10":"shipping-taxable","11":"purchasable","12":"product-type-simple"},"_links":{"self":[{"href":"https:\/\/www.myaquastore.com\/es\/wp-json\/wp\/v2\/product\/27956","targetHints":{"allow":["GET"]}}],"collection":[{"href":"https:\/\/www.myaquastore.com\/es\/wp-json\/wp\/v2\/product"}],"about":[{"href":"https:\/\/www.myaquastore.com\/es\/wp-json\/wp\/v2\/types\/product"}],"replies":[{"embeddable":true,"href":"https:\/\/www.myaquastore.com\/es\/wp-json\/wp\/v2\/comments?post=27956"}],"wp:featuredmedia":[{"embeddable":true,"href":"https:\/\/www.myaquastore.com\/es\/wp-json\/wp\/v2\/media\/2671"}],"wp:attachment":[{"href":"https:\/\/www.myaquastore.com\/es\/wp-json\/wp\/v2\/media?parent=27956"}],"wp:term":[{"taxonomy":"product_brand","embeddable":true,"href":"https:\/\/www.myaquastore.com\/es\/wp-json\/wp\/v2\/product_brand?post=27956"},{"taxonomy":"product_cat","embeddable":true,"href":"https:\/\/www.myaquastore.com\/es\/wp-json\/wp\/v2\/product_cat?post=27956"},{"taxonomy":"product_tag","embeddable":true,"href":"https:\/\/www.myaquastore.com\/es\/wp-json\/wp\/v2\/product_tag?post=27956"}],"curies":[{"name":"wp","href":"https:\/\/api.w.org\/{rel}","templated":true}]}}