{"id":27963,"date":"2016-09-25T23:27:48","date_gmt":"2016-09-25T23:27:48","guid":{"rendered":"https:\/\/www.myaquastore.com\/product\/2014-nuevo-producto-jebao-wave-maker-con-bomba-de-helice-de-controlador-inalambrico-rw15\/"},"modified":"2025-03-16T06:48:25","modified_gmt":"2025-03-16T06:48:25","slug":"2014-nuevo-producto-jebao-wave-maker-con-bomba-de-helice-de-controlador-inalambrico-rw15","status":"publish","type":"product","link":"https:\/\/www.myaquastore.com\/es\/producto\/2014-nuevo-producto-jebao-wave-maker-con-bomba-de-helice-de-controlador-inalambrico-rw15\/","title":{"rendered":"2014 nuevo producto Jebao wave maker con bomba de h\u00e9lice de controlador inal\u00e1mbrico RW15"},"content":{"rendered":"<article class=\"article richtext richtext-detail AE:disable\" id=\"richTextContainer\">\n<div style=\"clear:both\">\n<p><span style=\"font-size: 18px\">2014 nuevo producto Jebao wave maker con controlador inal\u00e1mbrico bomba de h\u00e9lice RW15 <\/span><\/p>\n<\/p>\n<p><span style=\"font-size: 18px\"> Ont Style: heredar; peso de fuente: heredar; altura de l\u00ednea: 24px; alineaci\u00f3n vertical: l\u00ednea de base;\u00bb&gt;1.40% Mayor que el creador de ondas normal;<\/span><\/p>\n<p>Consumo de energ\u00eda s\u00faper bajo, ahorro de energ\u00eda del 30%;<\/span><br \/><\/span><\/p>\n<p style=\"border: 0px;color: #333333\"><span>3.<span style=\"color: #333333;line-height: 15px\">Excelente calidad al mejor precio<\/span>;<\/span><\/p>\n<p style=\"border: 0px;color: #333333\"><span style=\"vertical-align: baseline\">4.Rotor de eje cer\u00e1mico fijo, silencioso y port\u00e1til;<\/span><\/p>\n<p style=\"border: 0px;color: #333333\"><span style=\"vertical-align: baseline\">5.Unidad magn\u00e9tica sin aceite;<\/span><\/p>\n<p style=\"border: 0px;color: #333333\"><span style=\"vertical-align: baseline\">6.Adecuado para agua dulce y agua de mar;<\/span><\/p>\n<p style=\"border: 0px;color: #333333\"><span style=\"vertical-align: baseline\">7. Incluyendo un controlador inal\u00e1mbrico, puede usar cualquier combinaci\u00f3n de pluralidad de bombas.<\/span><\/p>\n<div style=\"clear:both\"><\/article>\n","protected":false},"excerpt":{"rendered":"<p>2014 nuevo producto Jebao wave maker con bomba de h\u00e9lice de controlador inal\u00e1mbrico RW15<\/p>\n","protected":false},"featured_media":2682,"comment_status":"open","ping_status":"closed","template":"","meta":[],"product_brand":[],"product_cat":[999],"product_tag":[],"class_list":{"0":"post-27963","1":"product","2":"type-product","3":"status-publish","4":"has-post-thumbnail","6":"product_cat-filtros-de-acuario","8":"first","9":"instock","10":"shipping-taxable","11":"purchasable","12":"product-type-simple"},"_links":{"self":[{"href":"https:\/\/www.myaquastore.com\/es\/wp-json\/wp\/v2\/product\/27963","targetHints":{"allow":["GET"]}}],"collection":[{"href":"https:\/\/www.myaquastore.com\/es\/wp-json\/wp\/v2\/product"}],"about":[{"href":"https:\/\/www.myaquastore.com\/es\/wp-json\/wp\/v2\/types\/product"}],"replies":[{"embeddable":true,"href":"https:\/\/www.myaquastore.com\/es\/wp-json\/wp\/v2\/comments?post=27963"}],"wp:featuredmedia":[{"embeddable":true,"href":"https:\/\/www.myaquastore.com\/es\/wp-json\/wp\/v2\/media\/2682"}],"wp:attachment":[{"href":"https:\/\/www.myaquastore.com\/es\/wp-json\/wp\/v2\/media?parent=27963"}],"wp:term":[{"taxonomy":"product_brand","embeddable":true,"href":"https:\/\/www.myaquastore.com\/es\/wp-json\/wp\/v2\/product_brand?post=27963"},{"taxonomy":"product_cat","embeddable":true,"href":"https:\/\/www.myaquastore.com\/es\/wp-json\/wp\/v2\/product_cat?post=27963"},{"taxonomy":"product_tag","embeddable":true,"href":"https:\/\/www.myaquastore.com\/es\/wp-json\/wp\/v2\/product_tag?post=27963"}],"curies":[{"name":"wp","href":"https:\/\/api.w.org\/{rel}","templated":true}]}}