{"id":27974,"date":"2016-09-25T23:27:49","date_gmt":"2016-09-25T23:27:49","guid":{"rendered":"https:\/\/www.myaquastore.com\/product\/2015-nueva-luz-led-bt-110-240v-bt807-color-amarillo\/"},"modified":"2025-03-16T06:48:27","modified_gmt":"2025-03-16T06:48:27","slug":"2015-nueva-luz-led-bt-110-240v-bt807-color-amarillo","status":"publish","type":"product","link":"https:\/\/www.myaquastore.com\/es\/producto\/2015-nueva-luz-led-bt-110-240v-bt807-color-amarillo\/","title":{"rendered":"2015 nueva luz LED BT 110-240V BT807 color amarillo"},"content":{"rendered":"<article class=\"article richtext richtext-detail AE:disable\" id=\"richTextContainer\">\n<div style=\"clear:both\">\n<p><span style=\"line-height: 36px;color: #333333;font-family: 'times new roman', times;font-size: 24px;font-style: heredar;font-weight: heredar\">Luces LED sumergibles de colores de color cambiable con infrarrojos controlador<\/span><\/p>\n<p style=\"border: 0px;font-family: Arial,Helvetica;line-height: 18px;vertical-align: baseline;color: #333333\"><span style=\"margin: 0px;padding: 0px;border: 0px;font-family: 'times new roman', times;font-size: 24px\">2.longitud diferente(18cm 23cm 33cm 43cm 53cm 73cm 93cm 113cm)<\/span><br \/><span style=\"margin: 0px;vertical-align: baseline\">3.ahorro de energ\u00eda<\/span><\/p>\n<p style=\"border: 0px;color: #333333\"><span style=\"vertical-align: baseline\">4.el embalaje es de 20 piezas\/caja<\/span><\/p>\n<p style=\"border: 0px;color: #333333\"><span style=\"vertical-align: baseline\">5.temperatura de trabajo:-20-60 grados<\/span><\/p>\n<p style=\"border: 0px;color: #333333\"><span style=\"vertical-align: l\u00ednea base\">6.voltaje de suministro: DC12V<\/span><\/p>\n<p style=\"border: 0px;color: #333333\"><span style=\"vertical-align: baseline\">7.Tama\u00f1o del producto: 18*22*12 mm<\/span><\/p>\n<p style=\"border: 0px;color: #333333\"><span style=\"vertical-align: baseline\">8.output:tres salidas de drenaje abierto CMOS<\/span><\/p>\n<p style=\"border: 0px;color: #333333\"><span>9.modo de conexi\u00f3n:\u00e1nodo com\u00fan<\/span><\/p>\n<p style=\"border: 0px;color: #333333\"><span style=\"vertical-align: baseline\">10.corriente de salida:&lt;2A cada color<\/span><\/p>\n<p style=\"border: 0px;color: #333333\">&lt;span style=&quot;marg<\/p>\n","protected":false},"excerpt":{"rendered":"<p>2015 nueva luz LED BT 110-240V BT807 color amarillo<\/p>\n","protected":false},"featured_media":2702,"comment_status":"open","ping_status":"closed","template":"","meta":[],"product_brand":[],"product_cat":[999],"product_tag":[],"class_list":{"0":"post-27974","1":"product","2":"type-product","3":"status-publish","4":"has-post-thumbnail","6":"product_cat-filtros-de-acuario","8":"first","9":"instock","10":"shipping-taxable","11":"purchasable","12":"product-type-simple"},"_links":{"self":[{"href":"https:\/\/www.myaquastore.com\/es\/wp-json\/wp\/v2\/product\/27974","targetHints":{"allow":["GET"]}}],"collection":[{"href":"https:\/\/www.myaquastore.com\/es\/wp-json\/wp\/v2\/product"}],"about":[{"href":"https:\/\/www.myaquastore.com\/es\/wp-json\/wp\/v2\/types\/product"}],"replies":[{"embeddable":true,"href":"https:\/\/www.myaquastore.com\/es\/wp-json\/wp\/v2\/comments?post=27974"}],"wp:featuredmedia":[{"embeddable":true,"href":"https:\/\/www.myaquastore.com\/es\/wp-json\/wp\/v2\/media\/2702"}],"wp:attachment":[{"href":"https:\/\/www.myaquastore.com\/es\/wp-json\/wp\/v2\/media?parent=27974"}],"wp:term":[{"taxonomy":"product_brand","embeddable":true,"href":"https:\/\/www.myaquastore.com\/es\/wp-json\/wp\/v2\/product_brand?post=27974"},{"taxonomy":"product_cat","embeddable":true,"href":"https:\/\/www.myaquastore.com\/es\/wp-json\/wp\/v2\/product_cat?post=27974"},{"taxonomy":"product_tag","embeddable":true,"href":"https:\/\/www.myaquastore.com\/es\/wp-json\/wp\/v2\/product_tag?post=27974"}],"curies":[{"name":"wp","href":"https:\/\/api.w.org\/{rel}","templated":true}]}}