{"id":27977,"date":"2016-09-25T23:27:49","date_gmt":"2016-09-25T23:27:49","guid":{"rendered":"https:\/\/www.myaquastore.com\/product\/nuevo-producto-degenbao-led-clip-luz-led-clip-lampara-dgled01-agua-planta-color\/"},"modified":"2025-03-16T06:48:27","modified_gmt":"2025-03-16T06:48:27","slug":"nuevo-producto-degenbao-led-clip-luz-led-clip-lampara-dgled01-agua-planta-color","status":"publish","type":"product","link":"https:\/\/www.myaquastore.com\/es\/producto\/nuevo-producto-degenbao-led-clip-luz-led-clip-lampara-dgled01-agua-planta-color\/","title":{"rendered":"Nuevo producto Degenbao LED clip luz LED clip l\u00e1mpara DGLED01 agua planta color"},"content":{"rendered":"<article class=\"article richtext richtext-detail AE:disable\" id=\"richTextContainer\">\n<div style=\"clear:both\">\n<p><span style=\"font-size: 18px\">Nuevo producto Degenbao LED clip light LED clip l\u00e1mpara DGLED01 color de planta acu\u00e1tica <\/span><\/p>\n<p style=\"border: 0px;font-family: Arial,Helvetica;line-height: 18px;vertical-align: Baseo\"> 1.Fferente longitud<\/span><br \/><span style=\"margin: 0px;padding: 0px;border: 0px;font-family: 'times new roman', times;font-size: 24px;font-style: heredar;font-weight: heredar;line-height: 36px;vertical-align: baseline\">2.ahorro de energ\u00eda<\/span><\/p>\n<p style=\"border: 0px;font-family: Arial, Helvetica;color: #333333\"><span style=\"vertical-align: baseline\">3.el embalaje es de 24 piezas\/caja<\/span><\/p>\n<p style=\"border: 0px;color: #333333\"><span style=\"vertical-align: baseline\">4.temperatura de trabajo:-20-60 grados<\/span><\/p>\n<p style=\"border: 0px;color: #333333\"><span style=\"vertical-align: baseline\">5.voltaje de suministro: voltaje DC12V y seguro para su uso<\/span><\/p>\n<p style=\"border: 0px;color: #333333\"><span style=\"vertical-align: baseline\">6.output:tres salidas de drenaje abierto CMOS<\/span><\/p>\n<p style=\"border: 0px;color: #333333\"><span>7.modo de conexi\u00f3n:\u00e1nodo com\u00fan<\/span><\/p>\n<p style=\"border: 0px;color: #333333\"><span style=\"vertical-align: baseline\">8.Las tiras de LED se fabrican en una l\u00ednea de ensamblaje de autom\u00f3viles importada de Jap\u00f3n y el proceso de fabricaci\u00f3n se controla por computadora<\/span><\/p>\n<p style=\"border: 0px;color: #333333\"><span style=\"vertical-align: baseline\"> T\u00e9cnicas finas y cantidad estable<\/span><\/p>\n<p style=\"border: 0px;color: #333333\"><span style=\"font-family: 'times new roman', tiempos;font-size: x-large\"><span style=\"line-height: 36px\">9.Bajo consumo de energ\u00eda, alta eficacia lum\u00ednica, larga vida \u00fatil<\/span><\/span><\/p>\n<div style=\"clear:both\"><\/article>\n","protected":false},"excerpt":{"rendered":"<p>Nuevo producto Degenbao LED clip luz LED clip l\u00e1mpara DGLED01 agua planta color<\/p>\n","protected":false},"featured_media":2707,"comment_status":"open","ping_status":"closed","template":"","meta":[],"product_brand":[],"product_cat":[999],"product_tag":[],"class_list":{"0":"post-27977","1":"product","2":"type-product","3":"status-publish","4":"has-post-thumbnail","6":"product_cat-filtros-de-acuario","8":"first","9":"instock","10":"shipping-taxable","11":"purchasable","12":"product-type-simple"},"_links":{"self":[{"href":"https:\/\/www.myaquastore.com\/es\/wp-json\/wp\/v2\/product\/27977","targetHints":{"allow":["GET"]}}],"collection":[{"href":"https:\/\/www.myaquastore.com\/es\/wp-json\/wp\/v2\/product"}],"about":[{"href":"https:\/\/www.myaquastore.com\/es\/wp-json\/wp\/v2\/types\/product"}],"replies":[{"embeddable":true,"href":"https:\/\/www.myaquastore.com\/es\/wp-json\/wp\/v2\/comments?post=27977"}],"wp:featuredmedia":[{"embeddable":true,"href":"https:\/\/www.myaquastore.com\/es\/wp-json\/wp\/v2\/media\/2707"}],"wp:attachment":[{"href":"https:\/\/www.myaquastore.com\/es\/wp-json\/wp\/v2\/media?parent=27977"}],"wp:term":[{"taxonomy":"product_brand","embeddable":true,"href":"https:\/\/www.myaquastore.com\/es\/wp-json\/wp\/v2\/product_brand?post=27977"},{"taxonomy":"product_cat","embeddable":true,"href":"https:\/\/www.myaquastore.com\/es\/wp-json\/wp\/v2\/product_cat?post=27977"},{"taxonomy":"product_tag","embeddable":true,"href":"https:\/\/www.myaquastore.com\/es\/wp-json\/wp\/v2\/product_tag?post=27977"}],"curies":[{"name":"wp","href":"https:\/\/api.w.org\/{rel}","templated":true}]}}