{"id":28044,"date":"2016-09-25T23:27:51","date_gmt":"2016-09-25T23:27:51","guid":{"rendered":"https:\/\/www.myaquastore.com\/product\/bomba-de-agua-de-acuario-multifuncional-barata-minjiang-ns680\/"},"modified":"2025-03-16T06:48:39","modified_gmt":"2025-03-16T06:48:39","slug":"bomba-de-agua-de-acuario-multifuncional-barata-minjiang-ns680","status":"publish","type":"product","link":"https:\/\/www.myaquastore.com\/es\/producto\/bomba-de-agua-de-acuario-multifuncional-barata-minjiang-ns680\/","title":{"rendered":"Bomba de agua de acuario multifuncional barata minjiang NS680"},"content":{"rendered":"<article class=\"article richtext richtext-detail AE:disable\" id=\"richTextContainer\">\n<div style=\"clear:both\">\n<p><span style=\"font-family: 'times new roman', times;font-size: 24px\"> bomba de agua para acuario multifuncional barata minjiang NS680<\/span><br \/><span style=\"font-family: 'times new roman', times;font-size: 24px\">1.Adopta cer\u00e1mica con alto contenido de aluminio para producir el eje, para uso doble en agua dulce y de mar. <\/span><br \/><span style=\"font-family: 'times new roman', tiempos;font-size: 24px\">2. Adopta part\u00edculas originales de ABS de gran calidad para dar forma a la carcasa, que nunca se desgasta. <\/span><br \/><span style=\"font-family: 'times new roman', tiempos;font-size: 24px\">3. Doble uso para tanque de acuario y fuente. <\/span><br \/><span style=\"font-family: 'times new roman', times;font-size: 24px\">4. Se aplica para drenaje de agua, suministro de ox\u00edgeno, formaci\u00f3n de olas, filtraci\u00f3n y fuente. <\/span><br \/><span style=\"font-family: 'times new roman', times;font-size: 24px\">5. Adopta una ventosa fuerte para reparar la bomba de forma intensiva, que nunca se agrieta. <\/span><\/p>\n<\/p>\n<div style=\"clear:both\"><\/article>\n","protected":false},"excerpt":{"rendered":"<p>Bomba de agua de acuario multifuncional barata minjiang NS680<\/p>\n","protected":false},"featured_media":2840,"comment_status":"open","ping_status":"closed","template":"","meta":[],"product_brand":[],"product_cat":[999],"product_tag":[],"class_list":{"0":"post-28044","1":"product","2":"type-product","3":"status-publish","4":"has-post-thumbnail","6":"product_cat-filtros-de-acuario","8":"first","9":"instock","10":"shipping-taxable","11":"purchasable","12":"product-type-simple"},"_links":{"self":[{"href":"https:\/\/www.myaquastore.com\/es\/wp-json\/wp\/v2\/product\/28044","targetHints":{"allow":["GET"]}}],"collection":[{"href":"https:\/\/www.myaquastore.com\/es\/wp-json\/wp\/v2\/product"}],"about":[{"href":"https:\/\/www.myaquastore.com\/es\/wp-json\/wp\/v2\/types\/product"}],"replies":[{"embeddable":true,"href":"https:\/\/www.myaquastore.com\/es\/wp-json\/wp\/v2\/comments?post=28044"}],"wp:featuredmedia":[{"embeddable":true,"href":"https:\/\/www.myaquastore.com\/es\/wp-json\/wp\/v2\/media\/2840"}],"wp:attachment":[{"href":"https:\/\/www.myaquastore.com\/es\/wp-json\/wp\/v2\/media?parent=28044"}],"wp:term":[{"taxonomy":"product_brand","embeddable":true,"href":"https:\/\/www.myaquastore.com\/es\/wp-json\/wp\/v2\/product_brand?post=28044"},{"taxonomy":"product_cat","embeddable":true,"href":"https:\/\/www.myaquastore.com\/es\/wp-json\/wp\/v2\/product_cat?post=28044"},{"taxonomy":"product_tag","embeddable":true,"href":"https:\/\/www.myaquastore.com\/es\/wp-json\/wp\/v2\/product_tag?post=28044"}],"curies":[{"name":"wp","href":"https:\/\/api.w.org\/{rel}","templated":true}]}}