{"id":28056,"date":"2016-09-25T23:27:52","date_gmt":"2016-09-25T23:27:52","guid":{"rendered":"https:\/\/www.myaquastore.com\/product\/bomba-de-aire-hailea-v60-tipo-dlaphragm-de-50w\/"},"modified":"2025-03-16T06:48:41","modified_gmt":"2025-03-16T06:48:41","slug":"bomba-de-aire-hailea-v60-tipo-dlaphragm-de-50w","status":"publish","type":"product","link":"https:\/\/www.myaquastore.com\/es\/producto\/bomba-de-aire-hailea-v60-tipo-dlaphragm-de-50w\/","title":{"rendered":"Bomba de aire hailea V60 TIPO DLAPHRAGM de 50w"},"content":{"rendered":"<article class=\"article richtext richtext-detail AE:disable\" id=\"richTextContainer\">\n<div style=\"clear:both\">\n<p><span style=\"font-family: 'times new roman', times;font-size: 24px\"> Bomba de aire hailea V60 de 50w DLAPHRAGM TYPE V60 <\/span><\/p>\n<p><span style=\"font-family: 'times new roman', times;font-size: 24px\">1 Caucho artificial especial para mantener una salida de aire y una presi\u00f3n constantes.<\/span><\/p>\n<p><span style=\"font-family: 'times new roman', times;font-size: 24px\">2 Sistema avanzado de compresi\u00f3n de aire, sistema de amortiguaci\u00f3n y silenciador multinivel que es extremadamente bajo en ruido.<\/span><\/p>\n<p><span style=\"font-family: 'times new roman', times;font-size: 24px\">3 La estructura es razonable y compacta, tiene una larga vida \u00fatil y adquiere el mejor efecto con el menor consumo de energ\u00eda.<\/span><\/p>\n<p><span style=\"font-family: 'times new roman', times;font-size: 24px\">4 Caja de aleaci\u00f3n de aluminio, r\u00e1pida disipaci\u00f3n del calor y f\u00e1cil de mover.<\/span><\/p>\n<div><\/article>\n","protected":false},"excerpt":{"rendered":"<p>Bomba de aire hailea V60 TIPO DLAPHRAGM de 50w<\/p>\n","protected":false},"featured_media":2864,"comment_status":"open","ping_status":"closed","template":"","meta":[],"product_brand":[],"product_cat":[999],"product_tag":[],"class_list":{"0":"post-28056","1":"product","2":"type-product","3":"status-publish","4":"has-post-thumbnail","6":"product_cat-filtros-de-acuario","8":"first","9":"instock","10":"shipping-taxable","11":"purchasable","12":"product-type-simple"},"_links":{"self":[{"href":"https:\/\/www.myaquastore.com\/es\/wp-json\/wp\/v2\/product\/28056","targetHints":{"allow":["GET"]}}],"collection":[{"href":"https:\/\/www.myaquastore.com\/es\/wp-json\/wp\/v2\/product"}],"about":[{"href":"https:\/\/www.myaquastore.com\/es\/wp-json\/wp\/v2\/types\/product"}],"replies":[{"embeddable":true,"href":"https:\/\/www.myaquastore.com\/es\/wp-json\/wp\/v2\/comments?post=28056"}],"wp:featuredmedia":[{"embeddable":true,"href":"https:\/\/www.myaquastore.com\/es\/wp-json\/wp\/v2\/media\/2864"}],"wp:attachment":[{"href":"https:\/\/www.myaquastore.com\/es\/wp-json\/wp\/v2\/media?parent=28056"}],"wp:term":[{"taxonomy":"product_brand","embeddable":true,"href":"https:\/\/www.myaquastore.com\/es\/wp-json\/wp\/v2\/product_brand?post=28056"},{"taxonomy":"product_cat","embeddable":true,"href":"https:\/\/www.myaquastore.com\/es\/wp-json\/wp\/v2\/product_cat?post=28056"},{"taxonomy":"product_tag","embeddable":true,"href":"https:\/\/www.myaquastore.com\/es\/wp-json\/wp\/v2\/product_tag?post=28056"}],"curies":[{"name":"wp","href":"https:\/\/api.w.org\/{rel}","templated":true}]}}