{"id":28085,"date":"2016-09-25T23:27:52","date_gmt":"2016-09-25T23:27:52","guid":{"rendered":"https:\/\/www.myaquastore.com\/product\/6mm-1kg-sera-alimento-para-peces-arowana-rojo-0303\/"},"modified":"2025-03-16T06:48:47","modified_gmt":"2025-03-16T06:48:47","slug":"6mm-1kg-sera-alimento-para-peces-arowana-rojo-0303","status":"publish","type":"product","link":"https:\/\/www.myaquastore.com\/es\/producto\/6mm-1kg-sera-alimento-para-peces-arowana-rojo-0303\/","title":{"rendered":"6mm 1kg sera alimento para peces arowana rojo 0303"},"content":{"rendered":"<article class=\"article richtext richtext-detail AE:disable\" id=\"richTextContainer\">\n<div style=\"clear:both\">\n<p><span style=\"font-family: 'times new roman', times;font-size: 24px\"> 6 mm 1 kg sera alimento para peces arowana rojo 0303 <\/span><\/p>\n<p><span style=\"font-family: 'times new roman', times;font-size: 24px\">1 excelente calidad<\/span><br \/><span style=\"font-family: 'times new roman', times;font-size: 24px\">2 precio razonable<\/span><br \/><span style=\"font-family: 'times new roman', times;font-size: 24px\">3. 1 kg, 6 mm<\/span><br \/><span style=\"font-family: 'times new roman', times;font-size: 24px\">4. Apto para arowanas, c\u00edclidos y otros peces carn\u00edvoros de tama\u00f1o mediano<\/span><\/p>\n<div style=\"clear:both\"><\/article>\n","protected":false},"excerpt":{"rendered":"<p>6mm 1kg sera alimento para peces arowana rojo 0303<\/p>\n","protected":false},"featured_media":2922,"comment_status":"open","ping_status":"closed","template":"","meta":[],"product_brand":[],"product_cat":[999],"product_tag":[],"class_list":{"0":"post-28085","1":"product","2":"type-product","3":"status-publish","4":"has-post-thumbnail","6":"product_cat-filtros-de-acuario","8":"first","9":"instock","10":"shipping-taxable","11":"purchasable","12":"product-type-simple"},"_links":{"self":[{"href":"https:\/\/www.myaquastore.com\/es\/wp-json\/wp\/v2\/product\/28085","targetHints":{"allow":["GET"]}}],"collection":[{"href":"https:\/\/www.myaquastore.com\/es\/wp-json\/wp\/v2\/product"}],"about":[{"href":"https:\/\/www.myaquastore.com\/es\/wp-json\/wp\/v2\/types\/product"}],"replies":[{"embeddable":true,"href":"https:\/\/www.myaquastore.com\/es\/wp-json\/wp\/v2\/comments?post=28085"}],"wp:featuredmedia":[{"embeddable":true,"href":"https:\/\/www.myaquastore.com\/es\/wp-json\/wp\/v2\/media\/2922"}],"wp:attachment":[{"href":"https:\/\/www.myaquastore.com\/es\/wp-json\/wp\/v2\/media?parent=28085"}],"wp:term":[{"taxonomy":"product_brand","embeddable":true,"href":"https:\/\/www.myaquastore.com\/es\/wp-json\/wp\/v2\/product_brand?post=28085"},{"taxonomy":"product_cat","embeddable":true,"href":"https:\/\/www.myaquastore.com\/es\/wp-json\/wp\/v2\/product_cat?post=28085"},{"taxonomy":"product_tag","embeddable":true,"href":"https:\/\/www.myaquastore.com\/es\/wp-json\/wp\/v2\/product_tag?post=28085"}],"curies":[{"name":"wp","href":"https:\/\/api.w.org\/{rel}","templated":true}]}}