{"id":28091,"date":"2016-09-25T23:27:52","date_gmt":"2016-09-25T23:27:52","guid":{"rendered":"https:\/\/www.myaquastore.com\/product\/1-kg-2-mm-sera-alimento-para-peces-arowana-rojo-0293\/"},"modified":"2025-03-16T06:48:48","modified_gmt":"2025-03-16T06:48:48","slug":"1-kg-2-mm-sera-alimento-para-peces-arowana-rojo-0293","status":"publish","type":"product","link":"https:\/\/www.myaquastore.com\/es\/producto\/1-kg-2-mm-sera-alimento-para-peces-arowana-rojo-0293\/","title":{"rendered":"1 kg 2 mm sera alimento para peces arowana rojo 0293"},"content":{"rendered":"<article class=\"article richtext richtext-detail AE:disable\" id=\"richTextContainer\">\n<div style=\"clear:both\">\n<p><span style=\"font-family: 'times new roman', times;font-size: 24px\"> 1kg 2mm sera alimento para peces arowana rojo 0293 <\/span><\/p>\n<p><span style=\"font-family: 'times new roman', veces\">1. excelente calidad<\/span><br \/><span style=\"font-family: 'times new roman', times;font-size: 24px\">2. precio razonable<\/span><br \/><span style=\"font-family: 'times new roman', times;font-size: 24px\">3. el peso es de 1 kg<\/span><br \/><span style=\"font-family: 'times new roman', times;font-size: 24px\">4. Adecuado para arowanas, c\u00edclidos y otros peces carn\u00edvoros de tama\u00f1o mediano<\/span><\/p>\n<p><span style=\"font-family: 'times new roman', times;font-size: 24px\">5.color natural r\u00e1pido mejora<\/span><\/p>\n<p><span style=\"font-family: 'times new roman', times;font-size: 24px\">6.el tama\u00f1o de la comida es de 2 mm<\/span><\/p>\n<p><span style=\"font-family: 'times new roman', times;font-size: 24px\">7.el embalaje es de 6 unidades por caja<\/span><\/p>\n<div><\/article>\n","protected":false},"excerpt":{"rendered":"<p>1 kg 2 mm sera alimento para peces arowana rojo 0293<\/p>\n","protected":false},"featured_media":2934,"comment_status":"open","ping_status":"closed","template":"","meta":[],"product_brand":[],"product_cat":[999],"product_tag":[],"class_list":{"0":"post-28091","1":"product","2":"type-product","3":"status-publish","4":"has-post-thumbnail","6":"product_cat-filtros-de-acuario","8":"first","9":"instock","10":"shipping-taxable","11":"purchasable","12":"product-type-simple"},"_links":{"self":[{"href":"https:\/\/www.myaquastore.com\/es\/wp-json\/wp\/v2\/product\/28091","targetHints":{"allow":["GET"]}}],"collection":[{"href":"https:\/\/www.myaquastore.com\/es\/wp-json\/wp\/v2\/product"}],"about":[{"href":"https:\/\/www.myaquastore.com\/es\/wp-json\/wp\/v2\/types\/product"}],"replies":[{"embeddable":true,"href":"https:\/\/www.myaquastore.com\/es\/wp-json\/wp\/v2\/comments?post=28091"}],"wp:featuredmedia":[{"embeddable":true,"href":"https:\/\/www.myaquastore.com\/es\/wp-json\/wp\/v2\/media\/2934"}],"wp:attachment":[{"href":"https:\/\/www.myaquastore.com\/es\/wp-json\/wp\/v2\/media?parent=28091"}],"wp:term":[{"taxonomy":"product_brand","embeddable":true,"href":"https:\/\/www.myaquastore.com\/es\/wp-json\/wp\/v2\/product_brand?post=28091"},{"taxonomy":"product_cat","embeddable":true,"href":"https:\/\/www.myaquastore.com\/es\/wp-json\/wp\/v2\/product_cat?post=28091"},{"taxonomy":"product_tag","embeddable":true,"href":"https:\/\/www.myaquastore.com\/es\/wp-json\/wp\/v2\/product_tag?post=28091"}],"curies":[{"name":"wp","href":"https:\/\/api.w.org\/{rel}","templated":true}]}}