{"id":28107,"date":"2016-09-25T23:27:54","date_gmt":"2016-09-25T23:27:54","guid":{"rendered":"https:\/\/www.myaquastore.com\/product\/1-kg-sera-alimento-para-peces-marinos-granumarina-0263\/"},"modified":"2025-03-16T06:48:51","modified_gmt":"2025-03-16T06:48:51","slug":"1-kg-sera-alimento-para-peces-marinos-granumarina-0263","status":"publish","type":"product","link":"https:\/\/www.myaquastore.com\/es\/producto\/1-kg-sera-alimento-para-peces-marinos-granumarina-0263\/","title":{"rendered":"1 kg SERA alimento para peces marinos granumarina 0263"},"content":{"rendered":"<article class=\"article richtext richtext-detail AE:disable\" id=\"richTextContainer\">\n<div style=\"clear:both\">\n<p><span style=\"font-family: 'times new roman', times;font-size: 24px\"> 1kg SERA alimento para peces marinos granumarina 0263<\/span><br \/><span style=\"font-family: 'times new roman', times;font-size: 24px\">1. excelente calidad<\/span><br \/><span style=\"font-family: 'times new roman', times;font-size: 24px\">2. precio razonable<\/span><br \/><span style=\"font-family: 'times new roman', times;font-size: 24px\">3. el peso es de 1 kg<\/span><\/p>\n<p><span style=\"font-family: 'times new roman', times;font-size: 24px\">4. Granulado de hundimiento lento, muy atractivo para peces marinos sensibles y exigentes que se alimentan de capas medias del agua. Contiene prote\u00ednas \u00fanicamente de origen marino y tiene un alto nivel de \u00e1cidos grasos omega, yodo y minerales.<\/span><\/p>\n<p><span style=\"font-family: 'times new romano', tiempos\">5. El embalaje es de 6 unidades\/caja<\/span><\/p>\n<div style=\"clear:both\"><\/article>\n","protected":false},"excerpt":{"rendered":"<p>1 kg SERA alimento para peces marinos granumarina 0263<\/p>\n","protected":false},"featured_media":2966,"comment_status":"open","ping_status":"closed","template":"","meta":[],"product_brand":[],"product_cat":[999],"product_tag":[],"class_list":{"0":"post-28107","1":"product","2":"type-product","3":"status-publish","4":"has-post-thumbnail","6":"product_cat-filtros-de-acuario","8":"first","9":"instock","10":"shipping-taxable","11":"purchasable","12":"product-type-simple"},"_links":{"self":[{"href":"https:\/\/www.myaquastore.com\/es\/wp-json\/wp\/v2\/product\/28107","targetHints":{"allow":["GET"]}}],"collection":[{"href":"https:\/\/www.myaquastore.com\/es\/wp-json\/wp\/v2\/product"}],"about":[{"href":"https:\/\/www.myaquastore.com\/es\/wp-json\/wp\/v2\/types\/product"}],"replies":[{"embeddable":true,"href":"https:\/\/www.myaquastore.com\/es\/wp-json\/wp\/v2\/comments?post=28107"}],"wp:featuredmedia":[{"embeddable":true,"href":"https:\/\/www.myaquastore.com\/es\/wp-json\/wp\/v2\/media\/2966"}],"wp:attachment":[{"href":"https:\/\/www.myaquastore.com\/es\/wp-json\/wp\/v2\/media?parent=28107"}],"wp:term":[{"taxonomy":"product_brand","embeddable":true,"href":"https:\/\/www.myaquastore.com\/es\/wp-json\/wp\/v2\/product_brand?post=28107"},{"taxonomy":"product_cat","embeddable":true,"href":"https:\/\/www.myaquastore.com\/es\/wp-json\/wp\/v2\/product_cat?post=28107"},{"taxonomy":"product_tag","embeddable":true,"href":"https:\/\/www.myaquastore.com\/es\/wp-json\/wp\/v2\/product_tag?post=28107"}],"curies":[{"name":"wp","href":"https:\/\/api.w.org\/{rel}","templated":true}]}}