{"id":28221,"date":"2016-09-25T23:27:57","date_gmt":"2016-09-25T23:27:57","guid":{"rendered":"https:\/\/www.myaquastore.com\/product\/acuario-amazonico-125ml-arowana-treasure\/"},"modified":"2025-03-16T06:49:13","modified_gmt":"2025-03-16T06:49:13","slug":"acuario-amazonico-125ml-arowana-treasure","status":"publish","type":"product","link":"https:\/\/www.myaquastore.com\/es\/producto\/acuario-amazonico-125ml-arowana-treasure\/","title":{"rendered":"Acuario Amaz\u00f3nico 125ml Arowana Treasure"},"content":{"rendered":"<article class=\"article richtext richtext-detail AE:disable\" id=\"richTextContainer\">\n<div style=\"clear:both\">\n<div><span style=\"font-family: 'times new roman', times;font-size: 24px\"> Acuario amaz\u00f3nico de 125 ml Arowana Treasure<br \/>1. contiene muchos tipos de vitaminas, calcio, magnesio y alb\u00famina, etc.<\/span><\/div>\n<div><span style=\"font-size: 24px;font-family: 'times new roman', times\">2. \u00daselo de larga duraci\u00f3n, puede desempe\u00f1ar un papel positivo, no solo puede hacer que el pez drag\u00f3n tenga un estado poderoso, hermoso color y aumente la inmunidad. pero tambi\u00e9n puede hacer que los peces crezcan m\u00e1s. Es un buen producto para que los peces crezcan, cuiden y protejan.<\/span><\/p>\n<div><span style=\"font-size: 24px;font-family: 'times new roman', times\">3.DIRECCIONES DE USO: agregue de 20 a 30 gotas por cada 100 litros. Los peces j\u00f3venes deben usar la mitad. Si el color del cuerpo del pez sale, puede volver a utilizarlo. 10 gotas, si los peces no pueden adaptarse, vuelva a utilizarlas<\/span><\/div>\n<div><span style=\"font-size: 24px;font-family: 'times new roman', times\">4. El embalaje es de 120 unidades\/caja<\/span><\/div>\n<\/div>\n<div style=\"clear:both\"><\/article>\n","protected":false},"excerpt":{"rendered":"<p>Acuario Amaz\u00f3nico 125ml Arowana Treasure<\/p>\n","protected":false},"featured_media":3194,"comment_status":"open","ping_status":"closed","template":"","meta":[],"product_brand":[],"product_cat":[999],"product_tag":[],"class_list":{"0":"post-28221","1":"product","2":"type-product","3":"status-publish","4":"has-post-thumbnail","6":"product_cat-filtros-de-acuario","8":"first","9":"instock","10":"shipping-taxable","11":"purchasable","12":"product-type-simple"},"_links":{"self":[{"href":"https:\/\/www.myaquastore.com\/es\/wp-json\/wp\/v2\/product\/28221","targetHints":{"allow":["GET"]}}],"collection":[{"href":"https:\/\/www.myaquastore.com\/es\/wp-json\/wp\/v2\/product"}],"about":[{"href":"https:\/\/www.myaquastore.com\/es\/wp-json\/wp\/v2\/types\/product"}],"replies":[{"embeddable":true,"href":"https:\/\/www.myaquastore.com\/es\/wp-json\/wp\/v2\/comments?post=28221"}],"wp:featuredmedia":[{"embeddable":true,"href":"https:\/\/www.myaquastore.com\/es\/wp-json\/wp\/v2\/media\/3194"}],"wp:attachment":[{"href":"https:\/\/www.myaquastore.com\/es\/wp-json\/wp\/v2\/media?parent=28221"}],"wp:term":[{"taxonomy":"product_brand","embeddable":true,"href":"https:\/\/www.myaquastore.com\/es\/wp-json\/wp\/v2\/product_brand?post=28221"},{"taxonomy":"product_cat","embeddable":true,"href":"https:\/\/www.myaquastore.com\/es\/wp-json\/wp\/v2\/product_cat?post=28221"},{"taxonomy":"product_tag","embeddable":true,"href":"https:\/\/www.myaquastore.com\/es\/wp-json\/wp\/v2\/product_tag?post=28221"}],"curies":[{"name":"wp","href":"https:\/\/api.w.org\/{rel}","templated":true}]}}