{"id":28227,"date":"2016-09-25T23:27:57","date_gmt":"2016-09-25T23:27:57","guid":{"rendered":"https:\/\/www.myaquastore.com\/product\/excelente-extracto-de-aguas-negras-mas-vendido-i-723\/"},"modified":"2025-03-16T06:49:14","modified_gmt":"2025-03-16T06:49:14","slug":"excelente-extracto-de-aguas-negras-mas-vendido-i-723","status":"publish","type":"product","link":"https:\/\/www.myaquastore.com\/es\/producto\/excelente-extracto-de-aguas-negras-mas-vendido-i-723\/","title":{"rendered":"Excelente extracto de aguas negras m\u00e1s vendido I-723"},"content":{"rendered":"<article class=\"article richtext richtext-detail AE:disable\" id=\"richTextContainer\">\n<div style=\"clear:both\">\n<p><span style=\"font-family: 'times new roman', times;font-size: 24px\"> excelente extracto de agua negra I-723, el m\u00e1s vendido<\/span><br \/><span style=\"font-family: 'times new roman', times;font-size: 24px\">1 Contiene oligoelementos esenciales, vitaminas y extracto de turba, ra\u00edz tropical, corteza y madera procedente de la selva tropical. Estimula la apariencia del color, la tasa de desove y la resistencia a las enfermedades.<\/span><\/p>\n<p><span style=\"font-family: 'times new roman', times;font-size: 24px\">2 Reduce el valor del pH y la dureza para crear una condici\u00f3n de agua blanda ligeramente \u00e1cida que es perfecta para criar discos, peces \u00e1ngel, ne\u00f3n, p\u00faas y gurami.<\/span><\/p>\n<p><span style=\"font-family: 'times new roman', times;font-size: 24px\">3 Tambi\u00e9n ayuda a promover el crecimiento de las plantas acu\u00e1ticas y, al mismo tiempo, ralentiza el crecimiento de las algas.<\/span><\/p>\n<p><span style=\"font-family: 'times new roman', times;font-size: 24px\">4. El embalaje es de 24 botellas por caja<\/span><\/p>\n<div style=\"clear:both\"><\/article>\n","protected":false},"excerpt":{"rendered":"<p>Excelente extracto de aguas negras m\u00e1s vendido I-723<\/p>\n","protected":false},"featured_media":3206,"comment_status":"open","ping_status":"closed","template":"","meta":[],"product_brand":[],"product_cat":[999],"product_tag":[],"class_list":{"0":"post-28227","1":"product","2":"type-product","3":"status-publish","4":"has-post-thumbnail","6":"product_cat-filtros-de-acuario","8":"first","9":"instock","10":"shipping-taxable","11":"purchasable","12":"product-type-simple"},"_links":{"self":[{"href":"https:\/\/www.myaquastore.com\/es\/wp-json\/wp\/v2\/product\/28227","targetHints":{"allow":["GET"]}}],"collection":[{"href":"https:\/\/www.myaquastore.com\/es\/wp-json\/wp\/v2\/product"}],"about":[{"href":"https:\/\/www.myaquastore.com\/es\/wp-json\/wp\/v2\/types\/product"}],"replies":[{"embeddable":true,"href":"https:\/\/www.myaquastore.com\/es\/wp-json\/wp\/v2\/comments?post=28227"}],"wp:featuredmedia":[{"embeddable":true,"href":"https:\/\/www.myaquastore.com\/es\/wp-json\/wp\/v2\/media\/3206"}],"wp:attachment":[{"href":"https:\/\/www.myaquastore.com\/es\/wp-json\/wp\/v2\/media?parent=28227"}],"wp:term":[{"taxonomy":"product_brand","embeddable":true,"href":"https:\/\/www.myaquastore.com\/es\/wp-json\/wp\/v2\/product_brand?post=28227"},{"taxonomy":"product_cat","embeddable":true,"href":"https:\/\/www.myaquastore.com\/es\/wp-json\/wp\/v2\/product_cat?post=28227"},{"taxonomy":"product_tag","embeddable":true,"href":"https:\/\/www.myaquastore.com\/es\/wp-json\/wp\/v2\/product_tag?post=28227"}],"curies":[{"name":"wp","href":"https:\/\/api.w.org\/{rel}","templated":true}]}}