{"id":28233,"date":"2016-09-25T23:27:58","date_gmt":"2016-09-25T23:27:58","guid":{"rendered":"https:\/\/www.myaquastore.com\/product\/difusor-co2-ceramico-i-525\/"},"modified":"2025-03-16T06:49:15","modified_gmt":"2025-03-16T06:49:15","slug":"difusor-co2-ceramico-i-525","status":"publish","type":"product","link":"https:\/\/www.myaquastore.com\/es\/producto\/difusor-co2-ceramico-i-525\/","title":{"rendered":"Difusor CO2 Cer\u00e1mico I-525"},"content":{"rendered":"<article class=\"article richtext richtext-detail AE:disable\" id=\"richTextContainer\">\n<h2 class=\"article-title\">Especificaciones<\/h2>\n<div style=\"clear:both\"> Difusor cer\u00e1mico de CO2 I-525 <br \/>1Funciones de contador de burbujas de CO2, v\u00e1lvula de retenci\u00f3n y difusor en una sola unidad <br \/>2Con calidad confiable <\/p>\n<div style=\"clear:both\">\n<p>Cer\u00e1mica Difusor de CO2 I-525<\/p>\n<p>1De aspecto elegante, compacto y de f\u00e1cil instalaci\u00f3n.<br \/>2 Difunde CO2 en numerosas y finas burbujas a trav\u00e9s de la delicada cer\u00e1mica para permitir una disoluci\u00f3n m\u00e1s f\u00e1cil y completa del CO2 en el agua. <\/p>\n<p>3 embalaje: 32 piezas\/caja<\/p>\n<div style=\"clear:both\"><\/article>\n","protected":false},"excerpt":{"rendered":"<p>Difusor CO2 Cer\u00e1mico I-525<\/p>\n","protected":false},"featured_media":3218,"comment_status":"open","ping_status":"closed","template":"","meta":[],"product_brand":[],"product_cat":[999],"product_tag":[],"class_list":{"0":"post-28233","1":"product","2":"type-product","3":"status-publish","4":"has-post-thumbnail","6":"product_cat-filtros-de-acuario","8":"first","9":"instock","10":"shipping-taxable","11":"purchasable","12":"product-type-simple"},"_links":{"self":[{"href":"https:\/\/www.myaquastore.com\/es\/wp-json\/wp\/v2\/product\/28233","targetHints":{"allow":["GET"]}}],"collection":[{"href":"https:\/\/www.myaquastore.com\/es\/wp-json\/wp\/v2\/product"}],"about":[{"href":"https:\/\/www.myaquastore.com\/es\/wp-json\/wp\/v2\/types\/product"}],"replies":[{"embeddable":true,"href":"https:\/\/www.myaquastore.com\/es\/wp-json\/wp\/v2\/comments?post=28233"}],"wp:featuredmedia":[{"embeddable":true,"href":"https:\/\/www.myaquastore.com\/es\/wp-json\/wp\/v2\/media\/3218"}],"wp:attachment":[{"href":"https:\/\/www.myaquastore.com\/es\/wp-json\/wp\/v2\/media?parent=28233"}],"wp:term":[{"taxonomy":"product_brand","embeddable":true,"href":"https:\/\/www.myaquastore.com\/es\/wp-json\/wp\/v2\/product_brand?post=28233"},{"taxonomy":"product_cat","embeddable":true,"href":"https:\/\/www.myaquastore.com\/es\/wp-json\/wp\/v2\/product_cat?post=28233"},{"taxonomy":"product_tag","embeddable":true,"href":"https:\/\/www.myaquastore.com\/es\/wp-json\/wp\/v2\/product_tag?post=28233"}],"curies":[{"name":"wp","href":"https:\/\/api.w.org\/{rel}","templated":true}]}}