{"id":28299,"date":"2016-09-25T23:27:58","date_gmt":"2016-09-25T23:27:58","guid":{"rendered":"https:\/\/www.myaquastore.com\/product\/resun-potente-compresor-de-aire-portatil-aco-001\/"},"modified":"2025-03-16T06:49:28","modified_gmt":"2025-03-16T06:49:28","slug":"resun-potente-compresor-de-aire-portatil-aco-001","status":"publish","type":"product","link":"https:\/\/www.myaquastore.com\/es\/producto\/resun-potente-compresor-de-aire-portatil-aco-001\/","title":{"rendered":"RESUN potente compresor de aire port\u00e1til ACO-001"},"content":{"rendered":"<article class=\"article richtext richtext-detail AE:disable\" id=\"richTextContainer\">\n<h2 class=\"article-title\">Especificaciones<\/h2>\n<div style=\"clear:both\"> Potente compresor de aire port\u00e1til RESUN ACO-001 <br \/>1C\u00f3modo de operar y no necesita aceite lubricante <br \/>2aire m\u00e1s <\/p>\n<div style=\"clear:both\">\n<p align=\"left\"> RESUN potente compresor de aire port\u00e1til ACO-001<\/p>\n<p>a. C\u00f3modo de operar y no necesita aceite lubricante.<\/p>\n<p>b. El cilindro y el pist\u00f3n resistentes y duraderos dan como resultado alta presi\u00f3n y ahorro de energ\u00eda<\/p>\n<p>c. Divisores de aire incluidos<\/p>\n<p>d. Ampliamente utilizado en piscifactor\u00edas, restaurantes de mariscos y acuarios con fines de oxigenaci\u00f3n<\/p>\n<p>e.voltage:220V\/50Hz<\/p>\n<\/p>\n<\/p>\n<div style=\"clear:both\"><\/article>\n","protected":false},"excerpt":{"rendered":"<p>RESUN potente compresor de aire port\u00e1til ACO-001<\/p>\n","protected":false},"featured_media":3339,"comment_status":"open","ping_status":"closed","template":"","meta":[],"product_brand":[],"product_cat":[999],"product_tag":[],"class_list":{"0":"post-28299","1":"product","2":"type-product","3":"status-publish","4":"has-post-thumbnail","6":"product_cat-filtros-de-acuario","8":"first","9":"instock","10":"shipping-taxable","11":"purchasable","12":"product-type-simple"},"_links":{"self":[{"href":"https:\/\/www.myaquastore.com\/es\/wp-json\/wp\/v2\/product\/28299","targetHints":{"allow":["GET"]}}],"collection":[{"href":"https:\/\/www.myaquastore.com\/es\/wp-json\/wp\/v2\/product"}],"about":[{"href":"https:\/\/www.myaquastore.com\/es\/wp-json\/wp\/v2\/types\/product"}],"replies":[{"embeddable":true,"href":"https:\/\/www.myaquastore.com\/es\/wp-json\/wp\/v2\/comments?post=28299"}],"wp:featuredmedia":[{"embeddable":true,"href":"https:\/\/www.myaquastore.com\/es\/wp-json\/wp\/v2\/media\/3339"}],"wp:attachment":[{"href":"https:\/\/www.myaquastore.com\/es\/wp-json\/wp\/v2\/media?parent=28299"}],"wp:term":[{"taxonomy":"product_brand","embeddable":true,"href":"https:\/\/www.myaquastore.com\/es\/wp-json\/wp\/v2\/product_brand?post=28299"},{"taxonomy":"product_cat","embeddable":true,"href":"https:\/\/www.myaquastore.com\/es\/wp-json\/wp\/v2\/product_cat?post=28299"},{"taxonomy":"product_tag","embeddable":true,"href":"https:\/\/www.myaquastore.com\/es\/wp-json\/wp\/v2\/product_tag?post=28299"}],"curies":[{"name":"wp","href":"https:\/\/api.w.org\/{rel}","templated":true}]}}