{"id":28301,"date":"2016-09-25T23:27:58","date_gmt":"2016-09-25T23:27:58","guid":{"rendered":"https:\/\/www.myaquastore.com\/product\/bomba-de-filtro-de-agua-para-acuario-boyu-uv-sp103uii\/"},"modified":"2025-03-16T06:49:28","modified_gmt":"2025-03-16T06:49:28","slug":"bomba-de-filtro-de-agua-para-acuario-boyu-uv-sp103uii","status":"publish","type":"product","link":"https:\/\/www.myaquastore.com\/es\/producto\/bomba-de-filtro-de-agua-para-acuario-boyu-uv-sp103uii\/","title":{"rendered":"Bomba de filtro de agua para acuario BOYU UV SP103UII"},"content":{"rendered":"<article class=\"article richtext richtext-detail AE:disable\" id=\"richTextContainer\">\n<h2 class=\"article-title\">Especificaciones<\/h2>\n<div style=\"clear:both\"> Bomba de filtro de agua para acuario UV BOYU SP103UII <br \/>1 bombeo, filtraci\u00f3n <br \/>2 Suministra suficiente ox\u00edgeno y hace que los peces crezcan m\u00e1s sanos <\/p>\n<div style=\"clear:both\">\n<p>Agua de acuario UV BOYU bomba de filtrado SP103UII<\/p>\n<p>1. Nitrificador bioqu\u00edmico del algod\u00f3n para mejorar la calidad del agua.<\/p>\n<p>2. Axie de porcelana de al\u00famina antifricci\u00f3n; inoxidable, apto para agua dulce y salada.<\/p>\n<p>3. M\u00e1quina s\u00edncrona magn\u00e9tica permanente; consumo eficiente de energ\u00eda.<\/p>\n<p>4. Protecci\u00f3n interna contra exceso de corriente y sobrecalentamiento.<\/p>\n<p>5. Cuerpo recubierto de pl\u00e1stico ABS, construcci\u00f3n duradera, no corrosiva.<\/p>\n<p>6. M\u00faltiples aplicaciones: capaz de bombear y filtrar agua, rociar ox\u00edgeno.<\/p>\n<div style=\"clear:both\"><\/article>\n","protected":false},"excerpt":{"rendered":"<p>Bomba de filtro de agua para acuario BOYU UV SP103UII<\/p>\n","protected":false},"featured_media":3343,"comment_status":"open","ping_status":"closed","template":"","meta":[],"product_brand":[],"product_cat":[999],"product_tag":[],"class_list":{"0":"post-28301","1":"product","2":"type-product","3":"status-publish","4":"has-post-thumbnail","6":"product_cat-filtros-de-acuario","8":"first","9":"instock","10":"shipping-taxable","11":"purchasable","12":"product-type-simple"},"_links":{"self":[{"href":"https:\/\/www.myaquastore.com\/es\/wp-json\/wp\/v2\/product\/28301","targetHints":{"allow":["GET"]}}],"collection":[{"href":"https:\/\/www.myaquastore.com\/es\/wp-json\/wp\/v2\/product"}],"about":[{"href":"https:\/\/www.myaquastore.com\/es\/wp-json\/wp\/v2\/types\/product"}],"replies":[{"embeddable":true,"href":"https:\/\/www.myaquastore.com\/es\/wp-json\/wp\/v2\/comments?post=28301"}],"wp:featuredmedia":[{"embeddable":true,"href":"https:\/\/www.myaquastore.com\/es\/wp-json\/wp\/v2\/media\/3343"}],"wp:attachment":[{"href":"https:\/\/www.myaquastore.com\/es\/wp-json\/wp\/v2\/media?parent=28301"}],"wp:term":[{"taxonomy":"product_brand","embeddable":true,"href":"https:\/\/www.myaquastore.com\/es\/wp-json\/wp\/v2\/product_brand?post=28301"},{"taxonomy":"product_cat","embeddable":true,"href":"https:\/\/www.myaquastore.com\/es\/wp-json\/wp\/v2\/product_cat?post=28301"},{"taxonomy":"product_tag","embeddable":true,"href":"https:\/\/www.myaquastore.com\/es\/wp-json\/wp\/v2\/product_tag?post=28301"}],"curies":[{"name":"wp","href":"https:\/\/api.w.org\/{rel}","templated":true}]}}