{"id":28306,"date":"2016-09-25T23:27:59","date_gmt":"2016-09-25T23:27:59","guid":{"rendered":"https:\/\/www.myaquastore.com\/product\/bomba-de-filtro-de-agua-sumergible-para-acuario-boyu-sp1800a\/"},"modified":"2025-03-16T06:49:29","modified_gmt":"2025-03-16T06:49:29","slug":"bomba-de-filtro-de-agua-sumergible-para-acuario-boyu-sp1800a","status":"publish","type":"product","link":"https:\/\/www.myaquastore.com\/es\/producto\/bomba-de-filtro-de-agua-sumergible-para-acuario-boyu-sp1800a\/","title":{"rendered":"Bomba de filtro de agua sumergible para acuario BOYU SP1800A"},"content":{"rendered":"<article class=\"article richtext richtext-detail AE:disable\" id=\"richTextContainer\">\n<div style=\"clear:both\">\n<p><span style=\"font-family: 'times new roman', times;font-size: 24px\"> BOYU bomba de filtro de agua sumergible para acuario SP1800A <\/span><\/p>\n<p><span style=\"font-family: 'times new roman', times\">1. Este producto consta de una bomba de buceo y un filtro bioqu\u00edmico. El cuerpo de la bomba est\u00e1 hecho de pl\u00e1stico de ingenier\u00eda ABS fundido a presi\u00f3n y puede soportar golpes y \u00f3xido. hecho de acero inoxidable, el eje de la bomba se puede utilizar en agua dulce y agua de mar.<\/span><\/p>\n<p><span style=\"font-family: 'times new roman', times;font-size: 24px\">2. el motor est\u00e1 sellado en el cuerpo con resina. con buen rendimiento a prueba de agua y alta intensidad de aislamiento, es seguro y confiable.<\/span><\/p>\n<p><span style=\"font-family: 'times new roman', times;font-size: 24px\">3.dise\u00f1o multifuncional, varios prop\u00f3sitos en una m\u00e1quina&#8212;&#8212;bombear, agregar ox\u00edgeno y filtrar 3 en 1.<\/span><\/p>\n<p><span style=\"font-family: 'times new roman', times\">4. Con una estructura de ensamblaje port\u00e1til, el filtro se puede configurar f\u00e1cilmente con 1 a 3 cilindros de filtro. Al adoptar un algod\u00f3n con filtro bioqu\u00edmico especial, es m\u00e1s adecuado para cultivar nitrobacterias finas y limpiar el agua<\/span><\/p>\n<div style=\"clear:both\"><\/article>\n","protected":false},"excerpt":{"rendered":"<p>Bomba de filtro de agua sumergible para acuario BOYU SP1800A<\/p>\n","protected":false},"featured_media":3353,"comment_status":"open","ping_status":"closed","template":"","meta":[],"product_brand":[],"product_cat":[999],"product_tag":[],"class_list":{"0":"post-28306","1":"product","2":"type-product","3":"status-publish","4":"has-post-thumbnail","6":"product_cat-filtros-de-acuario","8":"first","9":"instock","10":"shipping-taxable","11":"purchasable","12":"product-type-simple"},"_links":{"self":[{"href":"https:\/\/www.myaquastore.com\/es\/wp-json\/wp\/v2\/product\/28306","targetHints":{"allow":["GET"]}}],"collection":[{"href":"https:\/\/www.myaquastore.com\/es\/wp-json\/wp\/v2\/product"}],"about":[{"href":"https:\/\/www.myaquastore.com\/es\/wp-json\/wp\/v2\/types\/product"}],"replies":[{"embeddable":true,"href":"https:\/\/www.myaquastore.com\/es\/wp-json\/wp\/v2\/comments?post=28306"}],"wp:featuredmedia":[{"embeddable":true,"href":"https:\/\/www.myaquastore.com\/es\/wp-json\/wp\/v2\/media\/3353"}],"wp:attachment":[{"href":"https:\/\/www.myaquastore.com\/es\/wp-json\/wp\/v2\/media?parent=28306"}],"wp:term":[{"taxonomy":"product_brand","embeddable":true,"href":"https:\/\/www.myaquastore.com\/es\/wp-json\/wp\/v2\/product_brand?post=28306"},{"taxonomy":"product_cat","embeddable":true,"href":"https:\/\/www.myaquastore.com\/es\/wp-json\/wp\/v2\/product_cat?post=28306"},{"taxonomy":"product_tag","embeddable":true,"href":"https:\/\/www.myaquastore.com\/es\/wp-json\/wp\/v2\/product_tag?post=28306"}],"curies":[{"name":"wp","href":"https:\/\/api.w.org\/{rel}","templated":true}]}}